{"id":1053,"date":"2019-02-25T07:43:04","date_gmt":"2019-02-25T07:43:04","guid":{"rendered":"https:\/\/mesanyapi.com\/?page_id=1053"},"modified":"2021-01-05T06:16:41","modified_gmt":"2021-01-05T06:16:41","slug":"portfolio-isotop-6","status":"publish","type":"page","link":"https:\/\/mesanyapi.com\/de\/portfolio-isotop-6\/","title":{"rendered":"Portfolio Isotop 6"},"content":{"rendered":"<div data-elementor-type=\"wp-post\" data-elementor-id=\"1053\" class=\"elementor elementor-1053\" data-elementor-post-type=\"page\">\n\t\t\t\t\t\t<section class=\"elementor-section elementor-top-section elementor-element elementor-element-9efbf8e elementor-section-boxed elementor-section-height-default elementor-section-height-default\" data-id=\"9efbf8e\" data-element_type=\"section\" data-e-type=\"section\">\n\t\t\t\t\t\t<div class=\"elementor-container elementor-column-gap-default\">\n\t\t\t\t\t<div class=\"elementor-column elementor-col-100 elementor-top-column elementor-element elementor-element-bd4c203\" data-id=\"bd4c203\" data-element_type=\"column\" data-e-type=\"column\">\n\t\t\t<div class=\"elementor-widget-wrap elementor-element-populated\">\n\t\t\t\t\t\t<div class=\"elementor-element elementor-element-42c774c elementor-widget elementor-widget-rt-portfolio\" data-id=\"42c774c\" data-element_type=\"widget\" data-e-type=\"widget\" data-widget_type=\"rt-portfolio.default\">\n\t\t\t\t<div class=\"elementor-widget-container\">\n\t\t\t\t\t<div class=\"portfolio-default rt-portfolio-6 rt-isotope-wrapper\">\n\t<div class=\"text-center\">\n\t        <div class=\"rt-portfolio-tab rt-isotope-tab\">\n                            <a href=\"#\" data-filter=\"*\" class=\"current\">All<\/a>\n                                                <a href=\"#\" data-filter=\".kis-bahcesi-sistemleri\">Wintergartensysteme<\/a>\n                                        <a href=\"#\" data-filter=\".cam-balkon-sistemleri\">Glasbalkonsysteme<\/a>\n                                        <a href=\"#\" data-filter=\".pvc-sistemleri\">PVC-Systeme<\/a>\n                                        <a href=\"#\" data-filter=\".aluminyum-sistemleri\">Aluminiumsysteme<\/a>\n                        <\/div>\t\t\n\t    <\/div>\n    <div class=\"row  rt-portfolio-content rt-isotope-content\">\n        \t\t\t<div class=\"col-lg-4 col-md-4 col-sm-6 col-xs-12 pvc-sistemleri\">\n\t\t\t\t<div class=\"rtin-item\">\n\t\t\t\t\t<img fetchpriority=\"high\" decoding=\"async\" width=\"630\" height=\"517\" src=\"https:\/\/mesanyapi.com\/wp-content\/uploads\/2025\/04\/saafir-630x517.png\" class=\"img-fluid mb-10 width-100 wp-post-image\" alt=\"\" \/>\t\t\t\t\t<div class=\"rtin-content\">\n\t\t\t\t\t\t<div class=\"content-center\">\n\t\t\t\t\t\t<h3 style=\" font-size: 22px;\"><a href=\"https:\/\/mesanyapi.com\/de\/portfolio\/saphir-76\/\">Saphir 76<\/a><\/h3>\n\t\t\t\t\t\t\t\t\t\t\t\t<div class=\"rtin-cat\"><a href=\"https:\/\/mesanyapi.com\/de\/zugan_portfolio_category\/pvc-systeme\/\">PVC-Systeme<\/a>\t\t\t\t\t\t<\/div>\n\t\t\t\t\t\t\t\t\t\t\t\t<p>Profilbreite: 76 mm Anzahl der Kammern: 5 Klasse: Klasse B \u2013 TS EN 12608-1 + A1 Dichtung: TPE<\/p>\n\t\t\t\t\t\t<\/div>\n\t\t\t\t\t<\/div>\n\t\t\t\t<\/div>\n\t\t\t<\/div>\n\t\t\t\t\t\t\t<div class=\"col-lg-4 col-md-4 col-sm-6 col-xs-12 pvc-sistemleri\">\n\t\t\t\t<div class=\"rtin-item\">\n\t\t\t\t\t<img decoding=\"async\" width=\"630\" height=\"517\" src=\"https:\/\/mesanyapi.com\/wp-content\/uploads\/2025\/04\/revotect-630x517.png\" class=\"img-fluid mb-10 width-100 wp-post-image\" alt=\"\" \/>\t\t\t\t\t<div class=\"rtin-content\">\n\t\t\t\t\t\t<div class=\"content-center\">\n\t\t\t\t\t\t<h3 style=\" font-size: 22px;\"><a href=\"https:\/\/mesanyapi.com\/de\/portfolio\/revotech\/\">Revotech<\/a><\/h3>\n\t\t\t\t\t\t\t\t\t\t\t\t<div class=\"rtin-cat\"><a href=\"https:\/\/mesanyapi.com\/de\/zugan_portfolio_category\/pvc-systeme\/\">PVC-Systeme<\/a>\t\t\t\t\t\t<\/div>\n\t\t\t\t\t\t\t\t\t\t\t\t<p>Winsa Revotech Fenster- und T\u00fcrsystem Technische Daten Profilbreite: 84 mm Anzahl der Kammern: 7 Klasse: B<\/p>\n\t\t\t\t\t\t<\/div>\n\t\t\t\t\t<\/div>\n\t\t\t\t<\/div>\n\t\t\t<\/div>\n\t\t\t\t\t\t\t<div class=\"col-lg-4 col-md-4 col-sm-6 col-xs-12 pvc-sistemleri\">\n\t\t\t\t<div class=\"rtin-item\">\n\t\t\t\t\t<img decoding=\"async\" width=\"630\" height=\"517\" src=\"https:\/\/mesanyapi.com\/wp-content\/uploads\/2025\/04\/dorado-630x517.png\" class=\"img-fluid mb-10 width-100 wp-post-image\" alt=\"\" \/>\t\t\t\t\t<div class=\"rtin-content\">\n\t\t\t\t\t\t<div class=\"content-center\">\n\t\t\t\t\t\t<h3 style=\" font-size: 22px;\"><a href=\"https:\/\/mesanyapi.com\/de\/portfolio\/dorado-76\/\">Dorado 76<\/a><\/h3>\n\t\t\t\t\t\t\t\t\t\t\t\t<div class=\"rtin-cat\"><a href=\"https:\/\/mesanyapi.com\/de\/zugan_portfolio_category\/pvc-systeme\/\">PVC-Systeme<\/a>\t\t\t\t\t\t<\/div>\n\t\t\t\t\t\t\t\t\t\t\t\t<p>Profilbreite: 76 mm Anzahl der Kammern: 5 Klasse: Klasse A \u2013 EN 12608-1 Dichtung: TPE Grau \/ Schwarze Dichtung<\/p>\n\t\t\t\t\t\t<\/div>\n\t\t\t\t\t<\/div>\n\t\t\t\t<\/div>\n\t\t\t<\/div>\n\t\t\t\t\t\t\t<div class=\"col-lg-4 col-md-4 col-sm-6 col-xs-12 pvc-sistemleri\">\n\t\t\t\t<div class=\"rtin-item\">\n\t\t\t\t\t<img loading=\"lazy\" decoding=\"async\" width=\"630\" height=\"517\" src=\"https:\/\/mesanyapi.com\/wp-content\/uploads\/2025\/04\/lotus-630x517.png\" class=\"img-fluid mb-10 width-100 wp-post-image\" alt=\"\" \/>\t\t\t\t\t<div class=\"rtin-content\">\n\t\t\t\t\t\t<div class=\"content-center\">\n\t\t\t\t\t\t<h3 style=\" font-size: 22px;\"><a href=\"https:\/\/mesanyapi.com\/de\/portfolio\/lotus\/\">Lotus<\/a><\/h3>\n\t\t\t\t\t\t\t\t\t\t\t\t<div class=\"rtin-cat\"><a href=\"https:\/\/mesanyapi.com\/de\/zugan_portfolio_category\/pvc-systeme\/\">PVC-Systeme<\/a>\t\t\t\t\t\t<\/div>\n\t\t\t\t\t\t\t\t\t\t\t\t<p>Das Lotus Axial Sliding System, das exklusiv f\u00fcr Winsa entwickelt wurde und in der T\u00fcrkei einzigartig ist, ist 122 mm breit.<\/p>\n\t\t\t\t\t\t<\/div>\n\t\t\t\t\t<\/div>\n\t\t\t\t<\/div>\n\t\t\t<\/div>\n\t\t\t\t\t\t\t<div class=\"col-lg-4 col-md-4 col-sm-6 col-xs-12 pvc-sistemleri\">\n\t\t\t\t<div class=\"rtin-item\">\n\t\t\t\t\t<img loading=\"lazy\" decoding=\"async\" width=\"630\" height=\"517\" src=\"https:\/\/mesanyapi.com\/wp-content\/uploads\/2025\/04\/hs-630x517.png\" class=\"img-fluid mb-10 width-100 wp-post-image\" alt=\"\" \/>\t\t\t\t\t<div class=\"rtin-content\">\n\t\t\t\t\t\t<div class=\"content-center\">\n\t\t\t\t\t\t<h3 style=\" font-size: 22px;\"><a href=\"https:\/\/mesanyapi.com\/de\/portfolio\/panorama-hs-76\/\">Panorama HS 76<\/a><\/h3>\n\t\t\t\t\t\t\t\t\t\t\t\t<div class=\"rtin-cat\"><a href=\"https:\/\/mesanyapi.com\/de\/zugan_portfolio_category\/pvc-systeme\/\">PVC-Systeme<\/a>\t\t\t\t\t\t<\/div>\n\t\t\t\t\t\t\t\t\t\t\t\t<p>D\u00e4mmsystem Panorama HS 76; 175 mm Kastenbreite, 8 Kammern, Doppelkan\u00e4le bis 39 mm<\/p>\n\t\t\t\t\t\t<\/div>\n\t\t\t\t\t<\/div>\n\t\t\t\t<\/div>\n\t\t\t<\/div>\n\t\t\t\t\t\t\t<div class=\"col-lg-4 col-md-4 col-sm-6 col-xs-12 pvc-sistemleri\">\n\t\t\t\t<div class=\"rtin-item\">\n\t\t\t\t\t<img loading=\"lazy\" decoding=\"async\" width=\"630\" height=\"375\" src=\"https:\/\/mesanyapi.com\/wp-content\/uploads\/2025\/04\/cs-plus-630x375.png\" class=\"img-fluid mb-10 width-100 wp-post-image\" alt=\"\" \/>\t\t\t\t\t<div class=\"rtin-content\">\n\t\t\t\t\t\t<div class=\"content-center\">\n\t\t\t\t\t\t<h3 style=\" font-size: 22px;\"><a href=\"https:\/\/mesanyapi.com\/de\/portfolio\/komfort-rutsche-plus\/\">Komfort-Rutsche Plus<\/a><\/h3>\n\t\t\t\t\t\t\t\t\t\t\t\t<div class=\"rtin-cat\"><a href=\"https:\/\/mesanyapi.com\/de\/zugan_portfolio_category\/pvc-systeme\/\">PVC-Systeme<\/a>\t\t\t\t\t\t<\/div>\n\t\t\t\t\t\t\t\t\t\t\t\t<p>Isolierung Comfort Slide Plus PVC-Schiebet\u00fcr- und Fenstersystem, speziell entwickelt 149 mm<\/p>\n\t\t\t\t\t\t<\/div>\n\t\t\t\t\t<\/div>\n\t\t\t\t<\/div>\n\t\t\t<\/div>\n\t\t\t\t            \t\t\t<div class=\"col-lg-4 col-md-4 col-sm-6 col-xs-12 aluminyum-sistemleri\">\n\t\t\t\t<div class=\"rtin-item\">\n\t\t\t\t\t<img loading=\"lazy\" decoding=\"async\" width=\"630\" height=\"517\" src=\"https:\/\/mesanyapi.com\/wp-content\/uploads\/2025\/04\/formo-630x517.webp\" class=\"img-fluid mb-10 width-100 wp-post-image\" alt=\"\" \/>\t\t\t\t\t<div class=\"rtin-content\">\n\t\t\t\t\t\t<div class=\"content-center\">\n\t\t\t\t\t\t<h3 style=\" font-size: 22px;\"><a href=\"https:\/\/mesanyapi.com\/de\/portfolio\/formo\/\">Formo<\/a><\/h3>\n\t\t\t\t\t\t\t\t\t\t\t\t<div class=\"rtin-cat\"><a href=\"https:\/\/mesanyapi.com\/de\/zugan_portfolio_category\/aluminiumsysteme\/\">Aluminiumsysteme<\/a>\t\t\t\t\t\t<\/div>\n\t\t\t\t\t\t\t\t\t\t\t\t<p>Das Formo Aluminium-\u00d6ffnungst\u00fcr- und Fenstersystem ist ein Fenster- und Fenstersystem, das mit verschiedenen Profiloptionen alle \u00d6ffnungsvarianten l\u00f6sen kann.<\/p>\n\t\t\t\t\t\t<\/div>\n\t\t\t\t\t<\/div>\n\t\t\t\t<\/div>\n\t\t\t<\/div>\n\t\t\t\t\t\t\t<div class=\"col-lg-4 col-md-4 col-sm-6 col-xs-12 aluminyum-sistemleri\">\n\t\t\t\t<div class=\"rtin-item\">\n\t\t\t\t\t<img loading=\"lazy\" decoding=\"async\" width=\"630\" height=\"517\" src=\"https:\/\/mesanyapi.com\/wp-content\/uploads\/2019\/01\/arma-630x517.webp\" class=\"img-fluid mb-10 width-100 wp-post-image\" alt=\"\" \/>\t\t\t\t\t<div class=\"rtin-content\">\n\t\t\t\t\t\t<div class=\"content-center\">\n\t\t\t\t\t\t<h3 style=\" font-size: 22px;\"><a href=\"https:\/\/mesanyapi.com\/de\/portfolio\/takelwerk\/\">Takelwerk<\/a><\/h3>\n\t\t\t\t\t\t\t\t\t\t\t\t<div class=\"rtin-cat\"><a href=\"https:\/\/mesanyapi.com\/de\/zugan_portfolio_category\/aluminiumsysteme\/\">Aluminiumsysteme<\/a>\t\t\t\t\t\t<\/div>\n\t\t\t\t\t\t\t\t\t\t\t\t<p>Arma Aluminium-Schiebesysteme sind Schiebesysteme f\u00fcr Standard\u00f6ffnungen. Der Name bedeutet \u201eAusr\u00fcstung\u201c.<\/p>\n\t\t\t\t\t\t<\/div>\n\t\t\t\t\t<\/div>\n\t\t\t\t<\/div>\n\t\t\t<\/div>\n\t\t\t\t\t\t\t<div class=\"col-lg-4 col-md-4 col-sm-6 col-xs-12 aluminyum-sistemleri\">\n\t\t\t\t<div class=\"rtin-item\">\n\t\t\t\t\t<img loading=\"lazy\" decoding=\"async\" width=\"630\" height=\"517\" src=\"https:\/\/mesanyapi.com\/wp-content\/uploads\/2019\/01\/serenad-630x517.webp\" class=\"img-fluid mb-10 width-100 wp-post-image\" alt=\"\" \/>\t\t\t\t\t<div class=\"rtin-content\">\n\t\t\t\t\t\t<div class=\"content-center\">\n\t\t\t\t\t\t<h3 style=\" font-size: 22px;\"><a href=\"https:\/\/mesanyapi.com\/de\/portfolio\/serenade\/\">Serenade<\/a><\/h3>\n\t\t\t\t\t\t\t\t\t\t\t\t<div class=\"rtin-cat\"><a href=\"https:\/\/mesanyapi.com\/de\/zugan_portfolio_category\/aluminiumsysteme\/\">Aluminiumsysteme<\/a>\t\t\t\t\t\t<\/div>\n\t\t\t\t\t\t\t\t\t\t\t\t<p>Das Aluminium-Schiebesystem SERENAD ist ein Schiebesystem f\u00fcr gro\u00dfe Bereiche. \u201eDer letzte Punkt, der in der Note, im Lied erreicht wird,<\/p>\n\t\t\t\t\t\t<\/div>\n\t\t\t\t\t<\/div>\n\t\t\t\t<\/div>\n\t\t\t<\/div>\n\t\t\t\t\t\t\t<div class=\"col-lg-4 col-md-4 col-sm-6 col-xs-12 aluminyum-sistemleri\">\n\t\t\t\t<div class=\"rtin-item\">\n\t\t\t\t\t<img loading=\"lazy\" decoding=\"async\" width=\"630\" height=\"517\" src=\"https:\/\/mesanyapi.com\/wp-content\/uploads\/2019\/01\/ingentis-630x517.webp\" class=\"img-fluid mb-10 width-100 wp-post-image\" alt=\"\" \/>\t\t\t\t\t<div class=\"rtin-content\">\n\t\t\t\t\t\t<div class=\"content-center\">\n\t\t\t\t\t\t<h3 style=\" font-size: 22px;\"><a href=\"https:\/\/mesanyapi.com\/de\/portfolio\/ingentis\/\">Ingentis<\/a><\/h3>\n\t\t\t\t\t\t\t\t\t\t\t\t<div class=\"rtin-cat\"><a href=\"https:\/\/mesanyapi.com\/de\/zugan_portfolio_category\/aluminiumsysteme\/\">Aluminiumsysteme<\/a>\t\t\t\t\t\t<\/div>\n\t\t\t\t\t\t\t\t\t\t\t\t<p>Das Ingentis Aluminium-Schiebesystem ist ein Hebe-Schiebesystem f\u00fcr gro\u00dfe \u00d6ffnungen. Es bedeutet \u201eRiesig gro\u00df\u201c<\/p>\n\t\t\t\t\t\t<\/div>\n\t\t\t\t\t<\/div>\n\t\t\t\t<\/div>\n\t\t\t<\/div>\n\t\t\t\t                        <\/div>\n<\/div>\t\t\t\t<\/div>\n\t\t\t\t<\/div>\n\t\t\t\t\t<\/div>\n\t\t<\/div>\n\t\t\t\t\t<\/div>\n\t\t<\/section>\n\t\t\t\t<\/div>","protected":false},"excerpt":{"rendered":"<p>All Digital Marketing Digital Agency Branding Artwork Digital Watch Digital Marketing These usually are sophisticated analytical tools that allow you to dissect your portfolio and gain Iconic Branding Branding, Digital Marketing These usually are sophisticated analytical tools that allow you to dissect your portfolio and gain Electronic Port Digital Marketing These usually are sophisticated analytical [&hellip;]<\/p>\n","protected":false},"author":1,"featured_media":0,"parent":0,"menu_order":0,"comment_status":"closed","ping_status":"closed","template":"","meta":{"footnotes":""},"class_list":["post-1053","page","type-page","status-publish","hentry"],"_links":{"self":[{"href":"https:\/\/mesanyapi.com\/de\/wp-json\/wp\/v2\/pages\/1053","targetHints":{"allow":["GET"]}}],"collection":[{"href":"https:\/\/mesanyapi.com\/de\/wp-json\/wp\/v2\/pages"}],"about":[{"href":"https:\/\/mesanyapi.com\/de\/wp-json\/wp\/v2\/types\/page"}],"author":[{"embeddable":true,"href":"https:\/\/mesanyapi.com\/de\/wp-json\/wp\/v2\/users\/1"}],"replies":[{"embeddable":true,"href":"https:\/\/mesanyapi.com\/de\/wp-json\/wp\/v2\/comments?post=1053"}],"version-history":[{"count":0,"href":"https:\/\/mesanyapi.com\/de\/wp-json\/wp\/v2\/pages\/1053\/revisions"}],"wp:attachment":[{"href":"https:\/\/mesanyapi.com\/de\/wp-json\/wp\/v2\/media?parent=1053"}],"curies":[{"name":"wp","href":"https:\/\/api.w.org\/{rel}","templated":true}]}}