{"id":1607,"date":"2025-04-30T09:12:21","date_gmt":"2025-04-30T09:12:21","guid":{"rendered":"https:\/\/mesanyapi.com\/?page_id=1607"},"modified":"2025-05-02T11:59:07","modified_gmt":"2025-05-02T11:59:07","slug":"etikett-2","status":"publish","type":"page","link":"https:\/\/mesanyapi.com\/de\/etikett-2\/","title":{"rendered":"Etikett"},"content":{"rendered":"<div data-elementor-type=\"wp-page\" data-elementor-id=\"1607\" class=\"elementor elementor-1607\" data-elementor-post-type=\"page\">\n\t\t\t\t\t\t<section class=\"elementor-section elementor-top-section elementor-element elementor-element-d7ea526 elementor-section-boxed elementor-section-height-default elementor-section-height-default\" data-id=\"d7ea526\" data-element_type=\"section\" data-e-type=\"section\">\n\t\t\t\t\t\t<div class=\"elementor-container elementor-column-gap-default\">\n\t\t\t\t\t<div class=\"elementor-column elementor-col-100 elementor-top-column elementor-element elementor-element-655741b\" data-id=\"655741b\" data-element_type=\"column\" data-e-type=\"column\">\n\t\t\t<div class=\"elementor-widget-wrap elementor-element-populated\">\n\t\t\t\t\t\t<div class=\"elementor-element elementor-element-8bcb0c0 elementor-widget elementor-widget-text-editor\" data-id=\"8bcb0c0\" data-element_type=\"widget\" data-e-type=\"widget\" data-widget_type=\"text-editor.default\">\n\t\t\t\t<div class=\"elementor-widget-container\">\n\t\t\t\t\t\t\t\t\t<p class=\"\" data-start=\"233\" data-end=\"296\"><strong data-start=\"233\" data-end=\"248\">Name der Firma:<\/strong><br data-start=\"248\" data-end=\"251\" \/>Mesan Yap\u0131 Bauindustrie und Handel Ltd. Co.<\/p><p class=\"\" data-start=\"298\" data-end=\"414\"><strong data-start=\"298\" data-end=\"316\">Adresse der Hauptniederlassung:<\/strong><br data-start=\"316\" data-end=\"319\" \/>Organisierte Industriezone, 1. Stra\u00dfe Nr. 58, 17100 Karaca\u00f6ren\/\u00c7anakkale Center\/\u00c7anakkale<\/p><p class=\"\" data-start=\"416\" data-end=\"476\"><strong data-start=\"416\" data-end=\"428\">Telefon:<\/strong><br data-start=\"428\" data-end=\"431\" \/><a href=\"https:\/\/www.google.com\/search?q=mesan+yap%C4%B1&amp;oq=mesan+yap%C4%B1&amp;gs_lcrp=EgZjaHJvbWUqBggAEEUYOzIGCAAQRRg7MgYIARBFGDsyBggCEEUYOzIGCAMQRRg8MgYIBBBFGDzSAQgxMTc0ajBqN6gCALACAA&amp;sourceid=chrome&amp;ie=UTF-8#\" data-dtype=\"d3ph\" data-local-attribute=\"d3ph\" data-ved=\"2ahUKEwiuie7JtP-MAxXfQ_EDHbBJAuAQkAgoAHoECDgQAw\" target=\"_blank\" rel=\"noopener\"><span aria-label=\"Telefon: 0543 904 10 32\">0543 904 10 32<\/span><\/a><\/p><p class=\"\" data-start=\"478\" data-end=\"511\"><strong data-start=\"478\" data-end=\"490\">E-Mail:<\/strong><br data-start=\"490\" data-end=\"493\" \/><a class=\"cursor-pointer\" rel=\"noopener\" data-start=\"493\" data-end=\"511\">info@mesanyapi.com<\/a><\/p><p class=\"\" data-start=\"513\" data-end=\"556\"><strong data-start=\"513\" data-end=\"528\">Webseite:<\/strong><br data-start=\"528\" data-end=\"531\" \/><a class=\"\" href=\"https:\/\/mesanyapi.com\/de\/\" target=\"_new\" rel=\"noopener\" data-start=\"531\" data-end=\"556\">https:\/\/www.mesanyapi.com<\/a><\/p><p class=\"\" data-start=\"558\" data-end=\"636\"><strong data-start=\"558\" data-end=\"588\">Finanzamt und Steuernummer:<\/strong><br data-start=\"588\" data-end=\"591\" \/>Finanzamt Canakkale \u2013 6190174101<\/p><p class=\"\" data-start=\"709\" data-end=\"776\"><strong data-start=\"709\" data-end=\"723\">MERSIS-Nummer:<\/strong><br data-start=\"723\" data-end=\"726\" \/>0619017410100011<\/p><p class=\"\" data-start=\"778\" data-end=\"836\"><strong data-start=\"778\" data-end=\"795\">Autorisierte Person:<\/strong><br data-start=\"795\" data-end=\"798\" \/>SERVET SALMAN (REGISSEUR)<\/p><hr class=\"\" data-start=\"838\" data-end=\"841\" \/><h3 class=\"\" data-start=\"843\" data-end=\"867\">T\u00e4tigkeitsfelder:<\/h3><ol data-start=\"868\" data-end=\"1008\"><li class=\"\" data-start=\"868\" data-end=\"907\"><p class=\"\" data-start=\"870\" data-end=\"907\">Aluminium- und PVC-Fenstersysteme<\/p><\/li><li class=\"\" data-start=\"908\" data-end=\"936\"><p class=\"\" data-start=\"910\" data-end=\"936\">Wintergartenanwendungen<\/p><\/li><li class=\"\" data-start=\"937\" data-end=\"980\"><p class=\"\" data-start=\"939\" data-end=\"980\">Fassadensysteme und Glasschiebel\u00f6sungen<\/p><\/li><li class=\"\" data-start=\"981\" data-end=\"1008\"><p class=\"\" data-start=\"983\" data-end=\"1008\">Bau- und Montageleistungen<\/p><\/li><\/ol><hr class=\"\" data-start=\"1010\" data-end=\"1013\" \/><h3 class=\"\" data-start=\"1015\" data-end=\"1059\">Haftungsausschluss (optionaler Abschnitt):<\/h3><p class=\"\" data-start=\"1060\" data-end=\"1338\">Alle Inhalte dieser Website dienen ausschlie\u00dflich zu Informationszwecken. Mesan Yap\u0131 \u00fcbernimmt keine Verantwortung f\u00fcr Fehler oder Auslassungen im Inhalt dieser Website. Bilder, Beschreibungen und Informationen auf dieser Website k\u00f6nnen ohne vorherige Ank\u00fcndigung ge\u00e4ndert werden.<\/p>\t\t\t\t\t\t\t\t<\/div>\n\t\t\t\t<\/div>\n\t\t\t\t\t<\/div>\n\t\t<\/div>\n\t\t\t\t\t<\/div>\n\t\t<\/section>\n\t\t\t\t<\/div>","protected":false},"excerpt":{"rendered":"<p>\u015eirket Ad\u0131:Mesan Yap\u0131 \u0130n\u015faat Sanayi ve Ticaret Ltd. \u015eti. Merkez Adresi:Organize Sanayi B\u00f6lgesi, 1. Cad No:58, 17100 Karaca\u00f6ren\/\u00c7anakkale Merkez\/\u00c7anakkale Telefon:0543 904 10 32 E-posta:info@mesanyapi.com Web Sitesi:https:\/\/www.mesanyapi.com Vergi Dairesi ve Numaras\u0131:\u00c7anakkale Vergi Dairesi \u2013 6190174101 MERS\u0130S No:0619017410100011 Yetkili Ki\u015fi:SERVET SALMAN (M\u00dcD\u00dcR) Faaliyet Alanlar\u0131: Al\u00fcminyum ve PVC Pencere Sistemleri K\u0131\u015f Bah\u00e7esi Uygulamalar\u0131 Cephe Sistemleri ve S\u00fcrme Cam [&hellip;]<\/p>\n","protected":false},"author":1,"featured_media":0,"parent":0,"menu_order":0,"comment_status":"closed","ping_status":"closed","template":"","meta":{"footnotes":""},"class_list":["post-1607","page","type-page","status-publish","hentry"],"_links":{"self":[{"href":"https:\/\/mesanyapi.com\/de\/wp-json\/wp\/v2\/pages\/1607","targetHints":{"allow":["GET"]}}],"collection":[{"href":"https:\/\/mesanyapi.com\/de\/wp-json\/wp\/v2\/pages"}],"about":[{"href":"https:\/\/mesanyapi.com\/de\/wp-json\/wp\/v2\/types\/page"}],"author":[{"embeddable":true,"href":"https:\/\/mesanyapi.com\/de\/wp-json\/wp\/v2\/users\/1"}],"replies":[{"embeddable":true,"href":"https:\/\/mesanyapi.com\/de\/wp-json\/wp\/v2\/comments?post=1607"}],"version-history":[{"count":7,"href":"https:\/\/mesanyapi.com\/de\/wp-json\/wp\/v2\/pages\/1607\/revisions"}],"predecessor-version":[{"id":1734,"href":"https:\/\/mesanyapi.com\/de\/wp-json\/wp\/v2\/pages\/1607\/revisions\/1734"}],"wp:attachment":[{"href":"https:\/\/mesanyapi.com\/de\/wp-json\/wp\/v2\/media?parent=1607"}],"curies":[{"name":"wp","href":"https:\/\/api.w.org\/{rel}","templated":true}]}}