{"id":161,"date":"2018-12-20T07:25:57","date_gmt":"2018-12-20T07:25:57","guid":{"rendered":"https:\/\/mesanyapi.com\/?page_id=161"},"modified":"2026-03-04T08:11:25","modified_gmt":"2026-03-04T08:11:25","slug":"home-1","status":"publish","type":"page","link":"https:\/\/mesanyapi.com\/de\/","title":{"rendered":"Aluminium | PVC | Wintergarten"},"content":{"rendered":"<div data-elementor-type=\"wp-post\" data-elementor-id=\"161\" class=\"elementor elementor-161\" data-elementor-post-type=\"page\">\n\t\t\t\t\t\t<section class=\"elementor-section elementor-top-section elementor-element elementor-element-b4cfe07 elementor-section-full_width elementor-section-height-default elementor-section-height-default\" data-id=\"b4cfe07\" data-element_type=\"section\" data-e-type=\"section\">\n\t\t\t\t\t\t<div class=\"elementor-container elementor-column-gap-default\">\n\t\t\t\t\t<div class=\"elementor-column elementor-col-100 elementor-top-column elementor-element elementor-element-53da06d\" data-id=\"53da06d\" data-element_type=\"column\" data-e-type=\"column\">\n\t\t\t<div class=\"elementor-widget-wrap elementor-element-populated\">\n\t\t\t\t\t\t<div class=\"elementor-element elementor-element-0cee1ff elementor--h-position-left elementor-widget__width-inherit elementor--v-position-middle elementor-arrows-position-inside elementor-pagination-position-inside elementor-widget elementor-widget-slides\" data-id=\"0cee1ff\" data-element_type=\"widget\" data-e-type=\"widget\" data-settings=\"{&quot;navigation&quot;:&quot;both&quot;,&quot;autoplay&quot;:&quot;yes&quot;,&quot;pause_on_hover&quot;:&quot;yes&quot;,&quot;pause_on_interaction&quot;:&quot;yes&quot;,&quot;autoplay_speed&quot;:5000,&quot;infinite&quot;:&quot;yes&quot;,&quot;transition&quot;:&quot;slide&quot;,&quot;transition_speed&quot;:500}\" data-widget_type=\"slides.default\">\n\t\t\t\t<div class=\"elementor-widget-container\">\n\t\t\t\t\t\t\t\t\t<div class=\"elementor-swiper\">\n\t\t\t\t\t<div class=\"elementor-slides-wrapper elementor-main-swiper swiper\" role=\"region\" aria-roledescription=\"carousel\" aria-label=\"Folien\" dir=\"ltr\" data-animation=\"fadeInUp\">\n\t\t\t\t<div class=\"swiper-wrapper elementor-slides\">\n\t\t\t\t\t\t\t\t\t\t<div class=\"elementor-repeater-item-50244fc swiper-slide\" role=\"group\" aria-roledescription=\"slide\"><div class=\"swiper-slide-bg elementor-ken-burns elementor-ken-burns--in\" role=\"img\"><\/div><div class=\"elementor-background-overlay\"><\/div><div class=\"swiper-slide-inner\" ><div class=\"swiper-slide-contents\"><div class=\"elementor-slide-heading\">PVC-Systeme<\/div><div class=\"elementor-slide-description\">Komfort durch Isolierung, Eleganz durch Design<\/div><div  class=\"elementor-button elementor-slide-button elementor-size-sm\">Jetzt pr\u00fcfen<\/div><\/div><\/div><\/div><div class=\"elementor-repeater-item-1699a9a swiper-slide\" role=\"group\" aria-roledescription=\"slide\"><div class=\"swiper-slide-bg elementor-ken-burns elementor-ken-burns--in\" role=\"img\"><\/div><div class=\"elementor-background-overlay\"><\/div><div class=\"swiper-slide-inner\" ><div class=\"swiper-slide-contents\"><div class=\"elementor-slide-heading\">Aluminiumsysteme<\/div><div class=\"elementor-slide-description\">Der Treffpunkt von St\u00e4rke und Eleganz in Aluminium<\/div><div  class=\"elementor-button elementor-slide-button elementor-size-sm\">Jetzt pr\u00fcfen<\/div><\/div><\/div><\/div><div class=\"elementor-repeater-item-5804f88 swiper-slide\" role=\"group\" aria-roledescription=\"slide\"><div class=\"swiper-slide-bg elementor-ken-burns elementor-ken-burns--in\" role=\"img\"><\/div><div class=\"elementor-background-overlay\"><\/div><div class=\"swiper-slide-inner\" ><div class=\"swiper-slide-contents\"><div class=\"elementor-slide-heading\">Glasbalkonsysteme<\/div><div class=\"elementor-slide-description\">Komfort durch Isolierung, Eleganz durch Design<\/div><div  class=\"elementor-button elementor-slide-button elementor-size-sm\">Jetzt pr\u00fcfen<\/div><\/div><\/div><\/div><div class=\"elementor-repeater-item-67d36c5 swiper-slide\" role=\"group\" aria-roledescription=\"slide\"><div class=\"swiper-slide-bg elementor-ken-burns elementor-ken-burns--in\" role=\"img\"><\/div><div class=\"elementor-background-overlay\"><\/div><div class=\"swiper-slide-inner\" ><div class=\"swiper-slide-contents\"><div class=\"elementor-slide-heading\">Wintergartensysteme<\/div><div class=\"elementor-slide-description\">In vier Jahreszeiten mit der Natur verflochten <br>\nErweitern Sie Ihren Wohnraum mit den ma\u00dfgeschneiderten Wintergartensystemen von Mesan Yap\u0131 und beschr\u00e4nken Sie Ihren Genuss nicht auf die Jahreszeiten.<\/div><div  class=\"elementor-button elementor-slide-button elementor-size-sm\">Jetzt pr\u00fcfen<\/div><\/div><\/div><\/div>\t\t\t\t<\/div>\n\t\t\t\t\t\t\t\t\t\t\t\t\t\t\t<div class=\"elementor-swiper-button elementor-swiper-button-prev\" role=\"button\" tabindex=\"0\" aria-label=\"Vorherige Folie\">\n\t\t\t\t\t\t\t<i aria-hidden=\"true\" class=\"eicon-chevron-left\"><\/i>\t\t\t\t\t\t<\/div>\n\t\t\t\t\t\t<div class=\"elementor-swiper-button elementor-swiper-button-next\" role=\"button\" tabindex=\"0\" aria-label=\"N\u00e4chste Folie\">\n\t\t\t\t\t\t\t<i aria-hidden=\"true\" class=\"eicon-chevron-right\"><\/i>\t\t\t\t\t\t<\/div>\n\t\t\t\t\t\t\t\t\t\t\t\t\t\t\t\t<div class=\"swiper-pagination\"><\/div>\n\t\t\t\t\t\t\t\t\t\t\t\t<\/div>\n\t\t\t\t<\/div>\n\t\t\t\t\t\t\t\t<\/div>\n\t\t\t\t<\/div>\n\t\t\t\t\t<\/div>\n\t\t<\/div>\n\t\t\t\t\t<\/div>\n\t\t<\/section>\n\t\t\t\t<section class=\"elementor-section elementor-top-section elementor-element elementor-element-09b3046 elementor-section-boxed elementor-section-height-default elementor-section-height-default\" data-id=\"09b3046\" data-element_type=\"section\" data-e-type=\"section\">\n\t\t\t\t\t\t<div class=\"elementor-container elementor-column-gap-default\">\n\t\t\t\t\t<div class=\"elementor-column elementor-col-100 elementor-top-column elementor-element elementor-element-82388da\" data-id=\"82388da\" data-element_type=\"column\" data-e-type=\"column\">\n\t\t\t<div class=\"elementor-widget-wrap elementor-element-populated\">\n\t\t\t\t\t\t<div class=\"elementor-element elementor-element-a069c79 elementor-widget elementor-widget-html\" data-id=\"a069c79\" data-element_type=\"widget\" data-e-type=\"widget\" data-widget_type=\"html.default\">\n\t\t\t\t<div class=\"elementor-widget-container\">\n\t\t\t\t\t<section class=\"about-section\">\r\n  <div class=\"about-container\">\r\n    <div class=\"about-image\">\r\n      <img decoding=\"async\" src=\"https:\/\/mesanyapi.com\/wp-content\/uploads\/2025\/05\/whatsapp-image-2024-07-24-at-212155-azg7yvar2zc7dl62-ezgifcom-avif-to-jpg-converterjpg_28-02-2025_16-28-39.jpg\" alt=\"Mesan Construction Geb\u00e4udevisualisierung\">\r\n    <\/div>\r\n    <div class=\"about-text\">\r\n      <h2>Als in \u00c7anakkale ans\u00e4ssiger Hersteller bietet Mesan Yap\u0131 innovative L\u00f6sungen in den Bereichen Aluminium- und PVC-Fenstersysteme, Wintergartenl\u00f6sungen, Schiebesysteme und Fassadenanwendungen.<\/h2>\r\n      <p>Durch den Einsatz hochwertiger Materialien, moderner Produktionstechniken und fachkundiger Mitarbeiter steigern wir den Wert sowohl individueller als auch gesch\u00e4ftlicher Projekte.<\/p>\r\n      <p>Seit unserer Gr\u00fcndung legen wir gr\u00f6\u00dften Wert auf Kundenzufriedenheit und entwickeln \u00e4sthetisch ansprechende, langlebige und energieeffiziente Systeme. Wir begleiten Sie professionell durch den gesamten Projektprozess \u2013 von der Planung bis zur Montage \u2013 und bieten Ihnen so langlebige L\u00f6sungen f\u00fcr Ihre Wohnr\u00e4ume.<\/p>\r\n      <p><strong>Wenn Sie einen zuverl\u00e4ssigen L\u00f6sungspartner f\u00fcr Fenstersysteme, Aluminiumschreinerei und Wintergartenanwendungen in \u00c7anakkale suchen<\/strong>Als Mesan Yap\u0131 sind wir f\u00fcr Sie da.<\/p>\r\n    <\/div>\r\n  <\/div>\r\n<\/section>\r\n\r\n<style>\r\n.about-section {\r\n  padding: 60px 20px;\r\n  background-color: #ffffff;\r\n}\r\n\r\n.about-container {\r\n  display: flex;\r\n  align-items: flex-start;\r\n  gap: 40px;\r\n  max-width: 1200px;\r\n  margin: 0 auto;\r\n  flex-wrap: wrap;\r\n}\r\n\r\n.about-image {\r\n  flex: 1 1 40%;\r\n  min-width: 300px;\r\n}\r\n\r\n.about-image img {\r\n  width: 100%;\r\n  height: auto;\r\n  border-radius: 8px;\r\n  box-shadow: 0 4px 20px rgba(0,0,0,0.1);\r\n}\r\n\r\n.about-text {\r\n  flex: 1 1 55%;\r\n}\r\n\r\n.about-text h2 {\r\n  font-size: 22px;\r\n  font-weight: 700;\r\n  color: #222;\r\n  margin-bottom: 20px;\r\n}\r\n\r\n.about-text p {\r\n  font-size: 16px;\r\n  line-height: 1.7;\r\n  color: #444;\r\n  margin-bottom: 16px;\r\n}\r\n\r\n.about-text strong {\r\n  color: #000;\r\n}\r\n<\/style>\r\n\t\t\t\t<\/div>\n\t\t\t\t<\/div>\n\t\t\t\t\t<\/div>\n\t\t<\/div>\n\t\t\t\t\t<\/div>\n\t\t<\/section>\n\t\t\t\t<section class=\"elementor-section elementor-top-section elementor-element elementor-element-7664def elementor-section-stretched elementor-section-full_width elementor-section-height-default elementor-section-height-default\" data-id=\"7664def\" data-element_type=\"section\" data-e-type=\"section\" data-settings=\"{&quot;stretch_section&quot;:&quot;section-stretched&quot;,&quot;background_background&quot;:&quot;classic&quot;}\">\n\t\t\t\t\t\t<div class=\"elementor-container elementor-column-gap-default\">\n\t\t\t\t\t<div class=\"elementor-column elementor-col-100 elementor-top-column elementor-element elementor-element-10512a3\" data-id=\"10512a3\" data-element_type=\"column\" data-e-type=\"column\">\n\t\t\t<div class=\"elementor-widget-wrap elementor-element-populated\">\n\t\t\t\t\t\t<div class=\"elementor-element elementor-element-1cc0d4e elementor-widget elementor-widget-html\" data-id=\"1cc0d4e\" data-element_type=\"widget\" data-e-type=\"widget\" data-widget_type=\"html.default\">\n\t\t\t\t<div class=\"elementor-widget-container\">\n\t\t\t\t\t<section class=\"partners-section\">\r\n  <div class=\"container\">\r\n    <h2 class=\"section-title\">Unsere autorisierten Herstellerh\u00e4ndler<\/h2>\r\n    <div class=\"partners-logos\">\r\n      <div class=\"partner\"><img decoding=\"async\" src=\"https:\/\/mesanyapi.com\/wp-content\/uploads\/2025\/04\/cam-oda-logo.png\" alt=\"Camoda\"><\/div>\r\n      <div class=\"partner\"><img decoding=\"async\" src=\"https:\/\/mesanyapi.com\/wp-content\/uploads\/2025\/04\/7e32ffc14fd129af8911a8af0ac1759a.jpg\" alt=\"Winsa\"><\/div>\r\n      <div class=\"partner\"><img decoding=\"async\" src=\"https:\/\/mesanyapi.com\/wp-content\/uploads\/2025\/05\/Adsiz-tasarim-3-1.png\" alt=\"Palast\"><\/div>\r\n      <div class=\"partner\"><img decoding=\"async\" src=\"https:\/\/mesanyapi.com\/wp-content\/uploads\/2025\/04\/154099.jpg\" alt=\"IQ Aluminium\"><\/div>\r\n      <div class=\"partner\"><img decoding=\"async\" src=\"https:\/\/mesanyapi.com\/wp-content\/uploads\/2025\/05\/0000003_logo.png\" alt=\"BTS\"><\/div>\r\n      <div class=\"partner\"><img decoding=\"async\" src=\"https:\/\/mesanyapi.com\/wp-content\/uploads\/2025\/07\/linea-rossa1.png\" alt=\"Linea Rossa\"><\/div>\r\n    <\/div>\r\n  <\/div>\r\n<\/section>\r\n\r\n<style>\r\n.partners-section {\r\n  padding: 60px 20px;\r\n  background-color: #f7f7f7;\r\n  text-align: center;\r\n}\r\n\r\n.section-title {\r\n  font-size: 28px;\r\n  font-weight: 700;\r\n  margin-bottom: 40px;\r\n  color: #111;\r\n}\r\n\r\n.partners-logos {\r\n  display: grid;\r\n  grid-template-columns: repeat(auto-fit, minmax(120px, 1fr));\r\n  gap: 30px;\r\n  justify-items: center;\r\n  align-items: center;\r\n}\r\n\r\n.partner img {\r\n  max-height: 60px;\r\n  width: auto;\r\n  max-width: 140px;\r\n  object-fit: contain;\r\n  transition: transform 0.3s ease, filter 0.3s ease;\r\n  filter: grayscale(0%);\r\n}\r\n\r\n.partner img:hover {\r\n  transform: scale(1.08);\r\n}\r\n\r\n@media (max-width: 768px) {\r\n  .section-title {\r\n    font-size: 22px;\r\n    margin-bottom: 30px;\r\n  }\r\n\r\n  .partner img {\r\n    max-height: 50px;\r\n    max-width: 120px;\r\n  }\r\n\r\n  .partners-logos {\r\n    grid-template-columns: repeat(2, 1fr);\r\n    gap: 20px;\r\n  }\r\n}\r\n<\/style>\r\n\t\t\t\t<\/div>\n\t\t\t\t<\/div>\n\t\t\t\t\t<\/div>\n\t\t<\/div>\n\t\t\t\t\t<\/div>\n\t\t<\/section>\n\t\t\t\t<section class=\"elementor-section elementor-top-section elementor-element elementor-element-25dca3b elementor-section-boxed elementor-section-height-default elementor-section-height-default\" data-id=\"25dca3b\" data-element_type=\"section\" data-e-type=\"section\">\n\t\t\t\t\t\t<div class=\"elementor-container elementor-column-gap-default\">\n\t\t\t\t\t<div class=\"elementor-column elementor-col-100 elementor-top-column elementor-element elementor-element-8e4e1a4\" data-id=\"8e4e1a4\" data-element_type=\"column\" data-e-type=\"column\">\n\t\t\t<div class=\"elementor-widget-wrap elementor-element-populated\">\n\t\t\t\t\t\t<div class=\"elementor-element elementor-element-0bb83bc elementor-grid-3 elementor-grid-tablet-2 elementor-grid-mobile-1 elementor-posts--thumbnail-top elementor-posts--show-avatar elementor-card-shadow-yes elementor-posts__hover-gradient elementor-widget elementor-widget-posts\" data-id=\"0bb83bc\" data-element_type=\"widget\" data-e-type=\"widget\" data-settings=\"{&quot;cards_columns&quot;:&quot;3&quot;,&quot;cards_columns_tablet&quot;:&quot;2&quot;,&quot;cards_columns_mobile&quot;:&quot;1&quot;,&quot;cards_row_gap&quot;:{&quot;unit&quot;:&quot;px&quot;,&quot;size&quot;:35,&quot;sizes&quot;:[]},&quot;cards_row_gap_tablet&quot;:{&quot;unit&quot;:&quot;px&quot;,&quot;size&quot;:&quot;&quot;,&quot;sizes&quot;:[]},&quot;cards_row_gap_mobile&quot;:{&quot;unit&quot;:&quot;px&quot;,&quot;size&quot;:&quot;&quot;,&quot;sizes&quot;:[]}}\" data-widget_type=\"posts.cards\">\n\t\t\t\t<div class=\"elementor-widget-container\">\n\t\t\t\t\t\t\t<div class=\"elementor-posts-container elementor-posts elementor-posts--skin-cards elementor-grid\">\n\t\t\t\t<article class=\"elementor-post elementor-grid-item post-2188 post type-post status-publish format-standard has-post-thumbnail hentry category-yazilarimiz\">\n\t\t\t<div class=\"elementor-post__card\">\n\t\t\t\t<a class=\"elementor-post__thumbnail__link\" href=\"https:\/\/mesanyapi.com\/de\/von-mexikaner-nach-europa\/\" tabindex=\"-1\" ><div class=\"elementor-post__thumbnail\"><img fetchpriority=\"high\" decoding=\"async\" width=\"982\" height=\"516\" src=\"https:\/\/mesanyapi.com\/wp-content\/uploads\/2025\/05\/terra-luna-canakkalepng_28-02-2025_16-12-58.png\" class=\"attachment-large size-large wp-image-1941\" alt=\"\" srcset=\"https:\/\/mesanyapi.com\/wp-content\/uploads\/2025\/05\/terra-luna-canakkalepng_28-02-2025_16-12-58.png 982w, https:\/\/mesanyapi.com\/wp-content\/uploads\/2025\/05\/terra-luna-canakkalepng_28-02-2025_16-12-58-300x158.png 300w, https:\/\/mesanyapi.com\/wp-content\/uploads\/2025\/05\/terra-luna-canakkalepng_28-02-2025_16-12-58-768x404.png 768w, https:\/\/mesanyapi.com\/wp-content\/uploads\/2025\/05\/terra-luna-canakkalepng_28-02-2025_16-12-58-600x315.png 600w\" sizes=\"(max-width: 982px) 100vw, 982px\" \/><\/div><\/a>\n\t\t\t\t<div class=\"elementor-post__badge\">Unsere Artikel<\/div>\n\t\t\t\t<div class=\"elementor-post__avatar\">\n\t\t\t\t\t<\/div>\n\t\t\t\t<div class=\"elementor-post__text\">\n\t\t\t\t<h3 class=\"elementor-post__title\">\n\t\t\t<a href=\"https:\/\/mesanyapi.com\/de\/von-mexikaner-nach-europa\/\" >\n\t\t\t\tSICHERE LIEFERUNG VON MESAN YAPI NACH EUROPA!\t\t\t<\/a>\n\t\t<\/h3>\n\t\t\n\t\t<a class=\"elementor-post__read-more\" href=\"https:\/\/mesanyapi.com\/de\/von-mexikaner-nach-europa\/\" aria-label=\"Read more about MESAN YAPI&#8217;DAN AVRUPA\u2019YA G\u00dcVENL\u0130 TESL\u0130MAT!\" tabindex=\"-1\" >\n\t\t\tMehr lesen &quot;\t\t<\/a>\n\n\t\t\t\t<\/div>\n\t\t\t\t<div class=\"elementor-post__meta-data\">\n\t\t\t\t\t<span class=\"elementor-post-date\">\n\t\t\t24. Mai 2025\t\t<\/span>\n\t\t\t\t<\/div>\n\t\t\t\t\t<\/div>\n\t\t<\/article>\n\t\t\t\t<article class=\"elementor-post elementor-grid-item post-2040 post type-post status-publish format-standard has-post-thumbnail hentry category-yazilarimiz\">\n\t\t\t<div class=\"elementor-post__card\">\n\t\t\t\t<a class=\"elementor-post__thumbnail__link\" href=\"https:\/\/mesanyapi.com\/de\/canakkale-aluminium\/\" tabindex=\"-1\" ><div class=\"elementor-post__thumbnail\"><img decoding=\"async\" width=\"768\" height=\"1024\" src=\"https:\/\/mesanyapi.com\/wp-content\/uploads\/2025\/04\/blog-768x1024.jpg\" class=\"attachment-large size-large wp-image-1600\" alt=\"\" srcset=\"https:\/\/mesanyapi.com\/wp-content\/uploads\/2025\/04\/blog-768x1024.jpg 768w, https:\/\/mesanyapi.com\/wp-content\/uploads\/2025\/04\/blog-225x300.jpg 225w, https:\/\/mesanyapi.com\/wp-content\/uploads\/2025\/04\/blog-1152x1536.jpg 1152w, https:\/\/mesanyapi.com\/wp-content\/uploads\/2025\/04\/blog-600x800.jpg 600w, https:\/\/mesanyapi.com\/wp-content\/uploads\/2025\/04\/blog.jpg 1200w\" sizes=\"(max-width: 768px) 100vw, 768px\" \/><\/div><\/a>\n\t\t\t\t<div class=\"elementor-post__badge\">Unsere Artikel<\/div>\n\t\t\t\t<div class=\"elementor-post__avatar\">\n\t\t\t\t\t<\/div>\n\t\t\t\t<div class=\"elementor-post__text\">\n\t\t\t\t<h3 class=\"elementor-post__title\">\n\t\t\t<a href=\"https:\/\/mesanyapi.com\/de\/canakkale-aluminium\/\" >\n\t\t\t\tSicherung von Aluminium in \u00c7anakkale: Qualit\u00e4t und Haltbarkeit mit Mesan Yap\u0131\t\t\t<\/a>\n\t\t<\/h3>\n\t\t\n\t\t<a class=\"elementor-post__read-more\" href=\"https:\/\/mesanyapi.com\/de\/canakkale-aluminium\/\" aria-label=\"Read more about \u00c7anakkale&#8217;de Al\u00fcminyumun G\u00fcvencesi: Mesan Yap\u0131 ile Kalite ve Dayan\u0131kl\u0131l\u0131k\" tabindex=\"-1\" >\n\t\t\tMehr lesen &quot;\t\t<\/a>\n\n\t\t\t\t<\/div>\n\t\t\t\t<div class=\"elementor-post__meta-data\">\n\t\t\t\t\t<span class=\"elementor-post-date\">\n\t\t\t21. Mai 2025\t\t<\/span>\n\t\t\t\t<\/div>\n\t\t\t\t\t<\/div>\n\t\t<\/article>\n\t\t\t\t<article class=\"elementor-post elementor-grid-item post-2028 post type-post status-publish format-standard has-post-thumbnail hentry category-yazilarimiz\">\n\t\t\t<div class=\"elementor-post__card\">\n\t\t\t\t<a class=\"elementor-post__thumbnail__link\" href=\"https:\/\/mesanyapi.com\/de\/glasbalkon-von-canakkale\/\" tabindex=\"-1\" ><div class=\"elementor-post__thumbnail\"><img decoding=\"async\" width=\"1024\" height=\"419\" src=\"https:\/\/mesanyapi.com\/wp-content\/uploads\/2025\/05\/Ekran-goruntusu-2025-04-30-095533-1024x419.png\" class=\"attachment-large size-large wp-image-1928\" alt=\"\" srcset=\"https:\/\/mesanyapi.com\/wp-content\/uploads\/2025\/05\/Ekran-goruntusu-2025-04-30-095533-1024x419.png 1024w, https:\/\/mesanyapi.com\/wp-content\/uploads\/2025\/05\/Ekran-goruntusu-2025-04-30-095533-300x123.png 300w, https:\/\/mesanyapi.com\/wp-content\/uploads\/2025\/05\/Ekran-goruntusu-2025-04-30-095533-768x314.png 768w, https:\/\/mesanyapi.com\/wp-content\/uploads\/2025\/05\/Ekran-goruntusu-2025-04-30-095533-1536x628.png 1536w, https:\/\/mesanyapi.com\/wp-content\/uploads\/2025\/05\/Ekran-goruntusu-2025-04-30-095533-600x245.png 600w, https:\/\/mesanyapi.com\/wp-content\/uploads\/2025\/05\/Ekran-goruntusu-2025-04-30-095533.png 1887w\" sizes=\"(max-width: 1024px) 100vw, 1024px\" \/><\/div><\/a>\n\t\t\t\t<div class=\"elementor-post__badge\">Unsere Artikel<\/div>\n\t\t\t\t<div class=\"elementor-post__avatar\">\n\t\t\t\t\t<\/div>\n\t\t\t\t<div class=\"elementor-post__text\">\n\t\t\t\t<h3 class=\"elementor-post__title\">\n\t\t\t<a href=\"https:\/\/mesanyapi.com\/de\/glasbalkon-von-canakkale\/\" >\n\t\t\t\t\u00c7anakkale Glasbalkonsysteme \u2013 \u00c4sthetik und Komfort treffen auf Mesan Yap\u0131\t\t\t<\/a>\n\t\t<\/h3>\n\t\t\n\t\t<a class=\"elementor-post__read-more\" href=\"https:\/\/mesanyapi.com\/de\/glasbalkon-von-canakkale\/\" aria-label=\"Read more about \u00c7anakkale Cam Balkon Sistemleri \u2013 Estetik ve Konfor Mesan Yap\u0131 ile Bulu\u015fuyor\" tabindex=\"-1\" >\n\t\t\tMehr lesen &quot;\t\t<\/a>\n\n\t\t\t\t<\/div>\n\t\t\t\t<div class=\"elementor-post__meta-data\">\n\t\t\t\t\t<span class=\"elementor-post-date\">\n\t\t\t8. Mai 2025\t\t<\/span>\n\t\t\t\t<\/div>\n\t\t\t\t\t<\/div>\n\t\t<\/article>\n\t\t\t\t<\/div>\n\t\t\n\t\t\t\t\t\t<\/div>\n\t\t\t\t<\/div>\n\t\t\t\t\t<\/div>\n\t\t<\/div>\n\t\t\t\t\t<\/div>\n\t\t<\/section>\n\t\t\t\t<\/div>","protected":false},"excerpt":{"rendered":"<p>PVC SistemlerYal\u0131t\u0131mda Konfor, Tasar\u0131mda \u015e\u0131kl\u0131k\u015eimdi \u0130nceleAl\u00fcminyum SistemlerAl\u00fcminyumda G\u00fcc\u00fcn ve Zarafetin Bulu\u015fma Noktas\u0131\u015eimdi \u0130nceleCam Balkon SistemleriYal\u0131t\u0131mda Konfor, Tasar\u0131mda \u015e\u0131kl\u0131k\u015eimdi \u0130nceleK\u0131\u015f Bah\u00e7esi SistemleriD\u00f6rt Mevsim Do\u011fayla \u0130\u00e7 \u0130\u00e7e<\/p>","protected":false},"author":1,"featured_media":0,"parent":0,"menu_order":0,"comment_status":"closed","ping_status":"closed","template":"elementor_header_footer","meta":{"footnotes":""},"class_list":["post-161","page","type-page","status-publish","hentry"],"_links":{"self":[{"href":"https:\/\/mesanyapi.com\/de\/wp-json\/wp\/v2\/pages\/161","targetHints":{"allow":["GET"]}}],"collection":[{"href":"https:\/\/mesanyapi.com\/de\/wp-json\/wp\/v2\/pages"}],"about":[{"href":"https:\/\/mesanyapi.com\/de\/wp-json\/wp\/v2\/types\/page"}],"author":[{"embeddable":true,"href":"https:\/\/mesanyapi.com\/de\/wp-json\/wp\/v2\/users\/1"}],"replies":[{"embeddable":true,"href":"https:\/\/mesanyapi.com\/de\/wp-json\/wp\/v2\/comments?post=161"}],"version-history":[{"count":203,"href":"https:\/\/mesanyapi.com\/de\/wp-json\/wp\/v2\/pages\/161\/revisions"}],"predecessor-version":[{"id":2720,"href":"https:\/\/mesanyapi.com\/de\/wp-json\/wp\/v2\/pages\/161\/revisions\/2720"}],"wp:attachment":[{"href":"https:\/\/mesanyapi.com\/de\/wp-json\/wp\/v2\/media?parent=161"}],"curies":[{"name":"wp","href":"https:\/\/api.w.org\/{rel}","templated":true}]}}