{"id":218,"date":"2018-12-20T12:00:00","date_gmt":"2018-12-20T12:00:00","guid":{"rendered":"https:\/\/mesanyapi.com\/?page_id=218"},"modified":"2018-12-20T12:06:18","modified_gmt":"2018-12-20T12:06:18","slug":"pfostenraster-1","status":"publish","type":"page","link":"https:\/\/mesanyapi.com\/de\/pfostenraster-1\/","title":{"rendered":"Beitragsraster 1"},"content":{"rendered":"<div data-elementor-type=\"wp-post\" data-elementor-id=\"218\" class=\"elementor elementor-218 elementor-bc-flex-widget\" data-elementor-post-type=\"page\">\n\t\t\t\t\t\t<section class=\"elementor-section elementor-top-section elementor-element elementor-element-2618a96 elementor-section-boxed elementor-section-height-default elementor-section-height-default\" data-id=\"2618a96\" data-element_type=\"section\" data-e-type=\"section\">\n\t\t\t\t\t\t<div class=\"elementor-container elementor-column-gap-default\">\n\t\t\t\t\t<div class=\"elementor-column elementor-col-100 elementor-top-column elementor-element elementor-element-8ded549\" data-id=\"8ded549\" data-element_type=\"column\" data-e-type=\"column\">\n\t\t\t<div class=\"elementor-widget-wrap elementor-element-populated\">\n\t\t\t\t\t\t<div class=\"elementor-element elementor-element-f66bcab elementor-widget elementor-widget-rt-post-grid\" data-id=\"f66bcab\" data-element_type=\"widget\" data-e-type=\"widget\" data-widget_type=\"rt-post-grid.default\">\n\t\t\t\t<div class=\"elementor-widget-container\">\n\t\t\t\t\t<div class=\"post-grid-1\">\n\t\t\t\t\t<div class=\"post-box\">\n\t\t\t<div class=\"row no-gutters content-center\">\n\t\t\t\t\t\t\t\t<div class=\"col-lg-6 no-padding\">\n\t\t\t\t\t<div class=\"post-img-holder\">\n\t\t\t\t\t\t<img fetchpriority=\"high\" decoding=\"async\" width=\"610\" height=\"430\" src=\"https:\/\/mesanyapi.com\/wp-content\/uploads\/2025\/05\/terra-luna-canakkalepng_28-02-2025_16-12-58-610x430.png\" class=\"img-responsive wp-post-image\" alt=\"\" \/>\t\t\t\t\t<\/div>\n\t\t\t\t<\/div>\n\t\t\t\t\t\t\t\t<div class=\"col-lg-6 no-padding order2\">\n\t\t\t\t\t<div class=\"post-content-holder\">\n\t\t\t\t\t\t<div class=\"post-content\">\n\t\t\t\t\t\t\t<div class=\"text-wrapper\">\n\t\t\t\t\t\t\t\t\t\t\t\t\t\t<h3 class=\"rtin-title\"><a href=\"https:\/\/mesanyapi.com\/de\/von-mexikaner-nach-europa\/\">SICHERE LIEFERUNG VON MESAN YAPI NACH EUROPA!<\/a><\/h3>\n\t\t\t\t\t\t\t<p>Al\u00fcminyum, PVC do\u011frama ve cam sistemlerinde sekt\u00f6r\u00fcn \u00f6nc\u00fcs\u00fc olan Mesan&hellip;<\/p>\t\t\t\t\t\t\t<div class=\"post-meta\">\n\t\t\t\t\t\t\t\t<ul>\n\t\t\t\t\t\t\t\t\t<li><i class=\"fa fa-user\" aria-hidden=\"true\"><\/i><span>By<\/span> <a href=\"https:\/\/mesanyapi.com\/de\/author\/admin\/\" title=\"Beitr\u00e4ge von admin\" rel=\"author\">Administrator<\/a><\/li>\n\t\t\t\t\t\t\t\t\t\t\t\t\t\t\t\t\t<\/ul>\n\t\t\t\t\t\t\t<\/div>\n\t\t\t\t\t\t\t<\/div>\n\t\t\t\t\t\t<\/div>\n\t\t\t\t\t<\/div>\n\t\t\t\t<\/div>\n\t\t\t\t\t\t<\/div>\n\t\t<\/div>\n\t\t\t\t<div class=\"post-box\">\n\t\t\t<div class=\"row no-gutters content-center\">\n\t\t\t\t\t\t\t\t<div class=\"col-lg-6 no-padding order2\">\n\t\t\t\t\t<div class=\"post-content-holder\">\n\t\t\t\t\t\t<div class=\"post-content\">\n\t\t\t\t\t\t\t<div class=\"text-wrapper\">\n\t\t\t\t\t\t\t\t\t\t\t\t\t\t<h3 class=\"rtin-title\"><a href=\"https:\/\/mesanyapi.com\/de\/canakkale-aluminium\/\">Sicherung von Aluminium in \u00c7anakkale: Qualit\u00e4t und Haltbarkeit mit Mesan Yap\u0131<\/a><\/h3>\n\t\t\t\t\t\t\t<p>\u00c7anakkale\u2019de al\u00fcminyum sistemleri denince akla ilk gelen firmalardan biri olan&hellip;<\/p>\t\t\t\t\t\t\t<div class=\"post-meta\">\n\t\t\t\t\t\t\t\t<ul>\n\t\t\t\t\t\t\t\t\t<li><i class=\"fa fa-user\" aria-hidden=\"true\"><\/i><span>By<\/span> <a href=\"https:\/\/mesanyapi.com\/de\/author\/admin\/\" title=\"Beitr\u00e4ge von admin\" rel=\"author\">Administrator<\/a><\/li>\n\t\t\t\t\t\t\t\t\t\t\t\t\t\t\t\t\t<\/ul>\n\t\t\t\t\t\t\t<\/div>\n\t\t\t\t\t\t\t<\/div>\n\t\t\t\t\t\t<\/div>\n\t\t\t\t\t<\/div>\n\t\t\t\t<\/div>\n\t\t\t\t\t\t\t\t<div class=\"col-lg-6 no-padding\">\n\t\t\t\t\t<div class=\"post-img-holder\">\n\t\t\t\t\t\t<img decoding=\"async\" width=\"610\" height=\"430\" src=\"https:\/\/mesanyapi.com\/wp-content\/uploads\/2025\/04\/blog-610x430.jpg\" class=\"img-responsive wp-post-image\" alt=\"\" \/>\t\t\t\t\t<\/div>\n\t\t\t\t<\/div>\n\t\t\t\t\t\t\t<\/div>\n\t\t<\/div>\n\t\t\t\t\t<\/div>\t\t\t\t<\/div>\n\t\t\t\t<\/div>\n\t\t\t\t\t<\/div>\n\t\t<\/div>\n\t\t\t\t\t<\/div>\n\t\t<\/section>\n\t\t\t\t<\/div>","protected":false},"excerpt":{"rendered":"<p>Advertising, Branding Here the old man launched area into a disquisition Portfo quntum imperdiet Deartuis sagittis are ipsum Praesent mauris fusce&hellip; December 4, 2018 Branding Here the old man launched area into a disquisition Portfo quntum imperdiet Deartuis sagittis are ipsum Praesent mauris fusce&hellip; December 4, 2018<\/p>","protected":false},"author":1,"featured_media":0,"parent":0,"menu_order":0,"comment_status":"closed","ping_status":"closed","template":"","meta":{"footnotes":""},"class_list":["post-218","page","type-page","status-publish","hentry"],"_links":{"self":[{"href":"https:\/\/mesanyapi.com\/de\/wp-json\/wp\/v2\/pages\/218","targetHints":{"allow":["GET"]}}],"collection":[{"href":"https:\/\/mesanyapi.com\/de\/wp-json\/wp\/v2\/pages"}],"about":[{"href":"https:\/\/mesanyapi.com\/de\/wp-json\/wp\/v2\/types\/page"}],"author":[{"embeddable":true,"href":"https:\/\/mesanyapi.com\/de\/wp-json\/wp\/v2\/users\/1"}],"replies":[{"embeddable":true,"href":"https:\/\/mesanyapi.com\/de\/wp-json\/wp\/v2\/comments?post=218"}],"version-history":[{"count":0,"href":"https:\/\/mesanyapi.com\/de\/wp-json\/wp\/v2\/pages\/218\/revisions"}],"wp:attachment":[{"href":"https:\/\/mesanyapi.com\/de\/wp-json\/wp\/v2\/media?parent=218"}],"curies":[{"name":"wp","href":"https:\/\/api.w.org\/{rel}","templated":true}]}}