{"id":2405,"date":"2025-07-22T10:17:29","date_gmt":"2025-07-22T10:17:29","guid":{"rendered":"https:\/\/mesanyapi.com\/?page_id=2405"},"modified":"2025-09-08T08:04:50","modified_gmt":"2025-09-08T08:04:50","slug":"aluminium-fenstersysteme","status":"publish","type":"page","link":"https:\/\/mesanyapi.com\/de\/aluminium-fenstersysteme\/","title":{"rendered":"Aluminium-Fenstersysteme"},"content":{"rendered":"<div data-elementor-type=\"wp-page\" data-elementor-id=\"2405\" class=\"elementor elementor-2405\" data-elementor-post-type=\"page\">\n\t\t\t\t\t\t<section class=\"elementor-section elementor-top-section elementor-element elementor-element-3b155be elementor-section-full_width elementor-section-stretched elementor-section-height-default elementor-section-height-default\" data-id=\"3b155be\" data-element_type=\"section\" data-e-type=\"section\" data-settings=\"{&quot;stretch_section&quot;:&quot;section-stretched&quot;}\">\n\t\t\t\t\t\t<div class=\"elementor-container elementor-column-gap-default\">\n\t\t\t\t\t<div class=\"elementor-column elementor-col-100 elementor-top-column elementor-element elementor-element-c624e46\" data-id=\"c624e46\" data-element_type=\"column\" data-e-type=\"column\">\n\t\t\t<div class=\"elementor-widget-wrap elementor-element-populated\">\n\t\t\t\t\t\t<div class=\"elementor-element elementor-element-c6bb2e7 elementor-widget elementor-widget-html\" data-id=\"c6bb2e7\" data-element_type=\"widget\" data-e-type=\"widget\" data-widget_type=\"html.default\">\n\t\t\t\t<div class=\"elementor-widget-container\">\n\t\t\t\t\t<!DOCTYPE html>\r\n<html lang=\"tr\">\r\n<head>\r\n  <meta charset=\"UTF-8\" \/>\r\n  <meta name=\"viewport\" content=\"width=device-width, initial-scale=1.0\"\/>\r\n  <title>Aluminium-Fenstersysteme<\/title>\r\n  <link href=\"https:\/\/fonts.googleapis.com\/css2?family=Montserrat&display=swap\" rel=\"stylesheet\">\r\n  <style>\r\n    body {\r\n      font-family: 'Montserrat', sans-serif;\r\n      margin: 0;\r\n    }\r\n\r\n    .container {\r\n      max-width: 1200px;\r\n      margin: auto;\r\n      padding: 50px 20px;\r\n    }\r\n\r\n    h1 {\r\n      text-align: center;\r\n      font-size: 32px;\r\n      margin-bottom: 30px;\r\n    }\r\n\r\n    .filter-buttons {\r\n      text-align: center;\r\n      margin-bottom: 40px;\r\n    }\r\n\r\n    .filter-buttons button {\r\n      background: #ff4500;\r\n      border: none;\r\n      padding: 10px 20px;\r\n      margin: 0 5px;\r\n      border-radius: 20px;\r\n      cursor: pointer;\r\n      font-size: 14px;\r\n      transition: background 0.3s;\r\n      color: #fff;\r\n    }\r\n\r\n    .filter-buttons button.active,\r\n    .filter-buttons button:hover {\r\n      background: #222;\r\n      color: #fff;\r\n    }\r\n\r\n    .brand-section {\r\n      margin-bottom: 60px;\r\n    }\r\n\r\n    .brand-title {\r\n      font-size: 24px;\r\n      border-left: 5px solid #ff4500;\r\n      padding-left: 15px;\r\n      margin-bottom: 25px;\r\n    }\r\n\r\n    .product-grid {\r\n      display: grid;\r\n      grid-template-columns: repeat(auto-fit, minmax(260px, 1fr));\r\n      gap: 25px;\r\n    }\r\n\r\n    .product-card {\r\n      background: #fff;\r\n      border-radius: 10px;\r\n      box-shadow: 0 5px 15px rgba(0,0,0,0.08);\r\n      overflow: hidden;\r\n      text-align: center;\r\n      transition: transform 0.3s ease;\r\n      display: block;\r\n    }\r\n\r\n    .product-card:hover {\r\n      transform: translateY(-5px);\r\n    }\r\n\r\n    .product-card img {\r\n      width: 100%;\r\n      height: 180px;\r\n      object-fit: cover;\r\n      background-color: #eee;\r\n    }\r\n\r\n    .product-card h4 {\r\n      font-size: 18px;\r\n      padding: 15px 10px 10px;\r\n      margin: 0;\r\n      color: #333;\r\n    }\r\n\r\n    .product-card a.button {\r\n      display: inline-block;\r\n      margin-bottom: 15px;\r\n      background-color: #ff4500;\r\n      color: white;\r\n      text-decoration: none;\r\n      padding: 8px 20px;\r\n      border-radius: 25px;\r\n      font-size: 14px;\r\n      transition: background 0.3s;\r\n    }\r\n\r\n    .product-card a.button:hover {\r\n      background-color: #e03e00;\r\n    }\r\n  <\/style>\r\n<\/head>\r\n<body>\r\n\r\n<div class=\"container\">\r\n  <h1>Aluminium-Fenstersysteme<\/h1>\r\n\r\n  <div class=\"filter-buttons\">\r\n    <button class=\"active\" onclick=\"filterProducts('all')\">Alle<\/button>\r\n    <button onclick=\"filterProducts('acilir')\">Pop-up-Systeme<\/button>\r\n    <button onclick=\"filterProducts('surme')\">Schiebesysteme<\/button>\r\n  <\/div>\r\n\r\n  <!-- \u2705 Linea Rossa -->\r\n  <div class=\"brand-section\">\r\n    <h2 class=\"brand-title\">Linea Rossa<\/h2>\r\n    <div class=\"product-grid\">\r\n      <div class=\"product-card\" data-type=\"acilir\">\r\n        <img decoding=\"async\" src=\"https:\/\/www.esaaluminyum.com.tr\/aluminyum\/linea-rossa\/LR-5100\/slider\/linea-rossa-lr5100-2.webp\" alt=\"LR5100\">\r\n        <h4>LR5100<\/h4>\r\n        <a href=\"https:\/\/mesanyapi.com\/de\/linea-rossa-lr5100\/\" class=\"button\">Details ansehen<\/a>\r\n      <\/div>\r\n      <div class=\"product-card\" data-type=\"surme\">\r\n        <img decoding=\"async\" src=\"https:\/\/www.esaaluminyum.com.tr\/aluminyum\/linea-rossa\/LR-3500\/slider\/linea-rossa-lr3500-2.webp\" alt=\"LR3500\">\r\n        <h4>LR3500<\/h4>\r\n        <a href=\"https:\/\/mesanyapi.com\/de\/rosslinie-lr3500\/\" class=\"button\">Details ansehen<\/a>\r\n      <\/div>\r\n      <div class=\"product-card\" data-type=\"surme\">\r\n        <img decoding=\"async\" src=\"https:\/\/www.esaaluminyum.com.tr\/aluminyum\/linea-rossa\/LR-3100\/slider\/linea-rossa-lr3100-3.webp\" alt=\"LR3100\">\r\n        <h4>LR3100<\/h4>\r\n        <a href=\"https:\/\/mesanyapi.com\/de\/linea-rossa-lr3100\/\" class=\"button\">Details ansehen<\/a>\r\n      <\/div>\r\n    <\/div>\r\n  <\/div>\r\n\r\n  <!-- \u2705 Saray Al\u00fcminyum -->\r\n  <div class=\"brand-section\">\r\n    <h2 class=\"brand-title\">Palace Aluminium<\/h2>\r\n    <div class=\"product-grid\">\r\n      <div class=\"product-card\" data-type=\"acilir\">\r\n        <img decoding=\"async\" src=\"https:\/\/mesanyapi.com\/wp-content\/uploads\/2025\/07\/ew69-20190621114818-1.jpg\" alt=\"EW-69\">\r\n        <h4>EW-69<\/h4>\r\n        <a href=\"https:\/\/mesanyapi.com\/de\/saray-aluminium-ew-69\/\" class=\"button\">Details ansehen<\/a>\r\n      <\/div>\r\n    <\/div>\r\n  <\/div>\r\n\r\n  <!-- \u2705 IQ Al\u00fcminyum -->\r\n  <div class=\"brand-section\">\r\n    <h2 class=\"brand-title\">IQ Aluminium<\/h2>\r\n    <div class=\"product-grid\">\r\n      <div class=\"product-card\" data-type=\"acilir\">\r\n        <img decoding=\"async\" src=\"https:\/\/www.iqaluminyum.com\/media\/5kmcgofu\/formo1.png?format=webp\" alt=\"FORMO\">\r\n        <h4>FORMO<\/h4>\r\n        <a href=\"\/de\/product-2\/formo\/\" class=\"button\">Details ansehen<\/a>\r\n      <\/div>\r\n      <div class=\"product-card\" data-type=\"surme\">\r\n        <img decoding=\"async\" src=\"https:\/\/www.iqaluminyum.com\/media\/g4wbqq1o\/arma5.png?format=webp\" alt=\"TAKELWERK\">\r\n        <h4>TAKELWERK<\/h4>\r\n        <a href=\"\/de\/product-2\/takelwerk\/\" class=\"button\">Details ansehen<\/a>\r\n      <\/div>\r\n      <div class=\"product-card\" data-type=\"surme\">\r\n        <img decoding=\"async\" src=\"https:\/\/www.iqaluminyum.com\/media\/k21mmi0s\/serenad4.png?format=webp\" alt=\"SERENADE\">\r\n        <h4>SERENADE<\/h4>\r\n        <a href=\"\/de\/product-2\/serenade\/\" class=\"button\">Details ansehen<\/a>\r\n      <\/div>\r\n      <div class=\"product-card\" data-type=\"surme\">\r\n        <img decoding=\"async\" src=\"https:\/\/www.iqaluminyum.com\/media\/f0ldosws\/ingentis5.png?format=webp\" alt=\"INGENTIS\">\r\n        <h4>INGENTIS<\/h4>\r\n        <a href=\"\/de\/product-2\/ingentis\/\" class=\"button\">Details ansehen<\/a>\r\n      <\/div>\r\n    <\/div>\r\n  <\/div>\r\n\r\n<\/div>\r\n\r\n<script>\r\n  function filterProducts(type) {\r\n    const cards = document.querySelectorAll('.product-card');\r\n    const buttons = document.querySelectorAll('.filter-buttons button');\r\n\r\n    buttons.forEach(btn => btn.classList.remove('active'));\r\n    event.target.classList.add('active');\r\n\r\n    cards.forEach(card => {\r\n      if (type === 'all' || card.dataset.type === type) {\r\n        card.style.display = 'block';\r\n      } else {\r\n        card.style.display = 'none';\r\n      }\r\n    });\r\n  }\r\n<\/script>\r\n\r\n<\/body>\r\n<\/html>\r\n\t\t\t\t<\/div>\n\t\t\t\t<\/div>\n\t\t\t\t\t<\/div>\n\t\t<\/div>\n\t\t\t\t\t<\/div>\n\t\t<\/section>\n\t\t\t\t<\/div>","protected":false},"excerpt":{"rendered":"<p>Al\u00fcminyum Pencere Sistemleri Al\u00fcminyum Pencere Sistemleri T\u00fcm\u00fc A\u00e7\u0131l\u0131r Sistemler S\u00fcrme Sistemler Linea Rossa LR5100 Detaylar\u0131 G\u00f6r LR3500 Detaylar\u0131 G\u00f6r LR3100 Detaylar\u0131 G\u00f6r Saray Al\u00fcminyum EW-69 Detaylar\u0131 G\u00f6r IQ Al\u00fcminyum FORMO Detaylar\u0131 G\u00f6r ARMA Detaylar\u0131 G\u00f6r SERENAD Detaylar\u0131 G\u00f6r INGENTIS Detaylar\u0131 G\u00f6r<\/p>","protected":false},"author":1,"featured_media":0,"parent":0,"menu_order":0,"comment_status":"closed","ping_status":"closed","template":"","meta":{"footnotes":""},"class_list":["post-2405","page","type-page","status-publish","hentry"],"_links":{"self":[{"href":"https:\/\/mesanyapi.com\/de\/wp-json\/wp\/v2\/pages\/2405","targetHints":{"allow":["GET"]}}],"collection":[{"href":"https:\/\/mesanyapi.com\/de\/wp-json\/wp\/v2\/pages"}],"about":[{"href":"https:\/\/mesanyapi.com\/de\/wp-json\/wp\/v2\/types\/page"}],"author":[{"embeddable":true,"href":"https:\/\/mesanyapi.com\/de\/wp-json\/wp\/v2\/users\/1"}],"replies":[{"embeddable":true,"href":"https:\/\/mesanyapi.com\/de\/wp-json\/wp\/v2\/comments?post=2405"}],"version-history":[{"count":28,"href":"https:\/\/mesanyapi.com\/de\/wp-json\/wp\/v2\/pages\/2405\/revisions"}],"predecessor-version":[{"id":2677,"href":"https:\/\/mesanyapi.com\/de\/wp-json\/wp\/v2\/pages\/2405\/revisions\/2677"}],"wp:attachment":[{"href":"https:\/\/mesanyapi.com\/de\/wp-json\/wp\/v2\/media?parent=2405"}],"curies":[{"name":"wp","href":"https:\/\/api.w.org\/{rel}","templated":true}]}}