{"id":2443,"date":"2025-07-22T12:51:53","date_gmt":"2025-07-22T12:51:53","guid":{"rendered":"https:\/\/mesanyapi.com\/?page_id=2443"},"modified":"2025-07-22T13:34:26","modified_gmt":"2025-07-22T13:34:26","slug":"linea-rossa-lr5100","status":"publish","type":"page","link":"https:\/\/mesanyapi.com\/de\/linea-rossa-lr5100\/","title":{"rendered":"Linea Rossa \u2013 LR5100"},"content":{"rendered":"<div data-elementor-type=\"wp-page\" data-elementor-id=\"2443\" class=\"elementor elementor-2443\" data-elementor-post-type=\"page\">\n\t\t\t\t\t\t<section class=\"elementor-section elementor-top-section elementor-element elementor-element-2cf3380 elementor-section-boxed elementor-section-height-default elementor-section-height-default\" data-id=\"2cf3380\" data-element_type=\"section\" data-e-type=\"section\">\n\t\t\t\t\t\t<div class=\"elementor-container elementor-column-gap-default\">\n\t\t\t\t\t<div class=\"elementor-column elementor-col-100 elementor-top-column elementor-element elementor-element-bb630a1\" data-id=\"bb630a1\" data-element_type=\"column\" data-e-type=\"column\">\n\t\t\t<div class=\"elementor-widget-wrap elementor-element-populated\">\n\t\t\t\t\t\t<div class=\"elementor-element elementor-element-55b9151 elementor-widget elementor-widget-html\" data-id=\"55b9151\" data-element_type=\"widget\" data-e-type=\"widget\" data-widget_type=\"html.default\">\n\t\t\t\t<div class=\"elementor-widget-container\">\n\t\t\t\t\t<!DOCTYPE html>\r\n<html lang=\"tr\">\r\n<head>\r\n  <meta charset=\"UTF-8\" \/>\r\n  <meta name=\"viewport\" content=\"width=device-width, initial-scale=1.0\">\r\n  <title>Linea Rossa LR5100 - Produktdetails<\/title>\r\n  <link href=\"https:\/\/fonts.googleapis.com\/css2?family=Montserrat&display=swap\" rel=\"stylesheet\">\r\n  <style>\r\n    body {\r\n      margin: 0;\r\n      padding: 0;\r\n      font-family: 'Montserrat', sans-serif;\r\n      background-color: #fafafa;\r\n      color: #111;\r\n      line-height: 1.6;\r\n    }\r\n\r\n    .container {\r\n      max-width: 1200px;\r\n      margin: auto;\r\n      padding: 40px 20px;\r\n    }\r\n\r\n    .section-title {\r\n      font-size: 32px;\r\n      color: #222;\r\n      margin-bottom: 20px;\r\n      border-left: 6px solid #ff4500;\r\n      padding-left: 14px;\r\n    }\r\n\r\n    .product-description {\r\n      font-size: 16px;\r\n      color: #444;\r\n      margin-bottom: 40px;\r\n    }\r\n\r\n    .images-row {\r\n      display: flex;\r\n      flex-wrap: wrap;\r\n      gap: 20px;\r\n      margin-bottom: 40px;\r\n    }\r\n\r\n    .images-row img {\r\n      flex: 1 1 280px;\r\n      max-width: 300px;\r\n      height: auto;\r\n      border-radius: 8px;\r\n      box-shadow: 0 4px 12px rgba(0, 0, 0, 0.06);\r\n      object-fit: cover;\r\n      cursor: zoom-in;\r\n      transition: transform 0.2s;\r\n    }\r\n\r\n    .images-row img:hover {\r\n      transform: scale(1.02);\r\n    }\r\n\r\n    .highlight-box {\r\n      background-color: #f2f2f2;\r\n      padding: 25px;\r\n      border-left: 6px solid #ff4500;\r\n      border-radius: 6px;\r\n      margin-bottom: 40px;\r\n    }\r\n\r\n    .highlight-box h3 {\r\n      font-size: 20px;\r\n      margin-bottom: 12px;\r\n    }\r\n\r\n    .highlight-box ul {\r\n      padding-left: 20px;\r\n      margin: 0;\r\n    }\r\n\r\n    .highlight-box ul li {\r\n      margin-bottom: 8px;\r\n    }\r\n\r\n    .technical-table {\r\n      width: 100%;\r\n      border-collapse: collapse;\r\n      margin-bottom: 40px;\r\n    }\r\n\r\n    .technical-table th, .technical-table td {\r\n      padding: 14px 16px;\r\n      border: 1px solid #ddd;\r\n      text-align: left;\r\n    }\r\n\r\n    .technical-table th {\r\n      background-color: #f0f0f0;\r\n      font-weight: 600;\r\n      color: #111;\r\n    }\r\n\r\n    .modal-overlay {\r\n      display: none;\r\n      position: fixed;\r\n      z-index: 9999;\r\n      top: 0; left: 0; right: 0; bottom: 0;\r\n      background-color: rgba(0,0,0,0.85);\r\n      justify-content: center;\r\n      align-items: center;\r\n    }\r\n\r\n    .modal-overlay.active {\r\n      display: flex;\r\n    }\r\n\r\n    .modal-overlay img {\r\n      max-width: 90%;\r\n      max-height: 90%;\r\n      border-radius: 10px;\r\n      box-shadow: 0 0 30px rgba(0,0,0,0.4);\r\n    }\r\n\r\n    @media (max-width: 768px) {\r\n      .section-title {\r\n        font-size: 24px;\r\n      }\r\n\r\n      .images-row img {\r\n        max-width: 100%;\r\n        flex: 1 1 100%;\r\n      }\r\n\r\n      .technical-table th, .technical-table td {\r\n        font-size: 14px;\r\n        padding: 10px;\r\n      }\r\n    }\r\n  <\/style>\r\n<\/head>\r\n<body>\r\n  <div class=\"container\">\r\n\r\n    <h1 class=\"section-title\">Linea Rossa LR5100<\/h1>\r\n\r\n    <div class=\"product-description\">\r\n      <p>Linea Rossa LR5100 ist ein leistungsstarkes Aluminium-Fenstersystem. Sein f\u00fcr moderne Architektur geeigneter Querschnitt bietet hohe W\u00e4rme- und Schalld\u00e4mmung. Seine \u00c4sthetik ist herausragend.<\/p>\r\n    <\/div>\r\n\r\n    <h2 class=\"section-title\">Anwendungsbilder<\/h2>\r\n    <div class=\"images-row\">\r\n      <img decoding=\"async\" src=\"https:\/\/linearossa.kusadasiservice.com\/images\/lr5100_1.png\" alt=\"Anwendungsbild 1\">\r\n      <img decoding=\"async\" src=\"https:\/\/www.esaaluminyum.com.tr\/aluminyum\/linea-rossa\/LR-5100\/slider\/linea-rossa-lr5100-1.webp\" alt=\"Anwendungsbild 2\">\r\n    <\/div>\r\n\r\n    <div class=\"highlight-box\">\r\n      <h3>Anwendungsbereiche<\/h3>\r\n      <ul>\r\n        <li>Wohnprojekte, die eine hohe Isolierung erfordern<\/li>\r\n        <li>B\u00fcro- und Gewerbefl\u00e4chen<\/li>\r\n        <li>Hotel- und Tourismusgeb\u00e4ude<\/li>\r\n        <li>Moderne Fassadenanwendungen<\/li>\r\n      <\/ul>\r\n    <\/div>\r\n\r\n    <h2 class=\"section-title\">Technische Informationen<\/h2>\r\n    <table class=\"technical-table\">\r\n      <tr>\r\n        <th>W\u00e4rmed\u00e4mmbr\u00fccke<\/th>\r\n        <td>24 mm<\/td>\r\n      <\/tr>\r\n      <tr>\r\n        <th>Fl\u00fcgelh\u00f6he<\/th>\r\n        <td>98 mm<\/td>\r\n      <\/tr>\r\n      <tr>\r\n        <th>Geh\u00e4useh\u00f6he<\/th>\r\n        <td>43 mm<\/td>\r\n      <\/tr>\r\n      <tr>\r\n        <th>Glasdicke<\/th>\r\n        <td>18-44 mm<\/td>\r\n      <\/tr>\r\n      <tr>\r\n        <th>Tragf\u00e4higkeit der Fl\u00fcgel<\/th>\r\n        <td>400 kg<\/td>\r\n      <\/tr>\r\n    <\/table>\r\n\r\n    <h2 class=\"section-title\">Schnittbilder<\/h2>\r\n    <div class=\"images-row\">\r\n      <img decoding=\"async\" src=\"https:\/\/www.esaaluminyum.com.tr\/aluminyum\/linea-rossa\/LR-5100\/slider\/linea-rossa-lr5100-3.webp\" alt=\"Schnittbild\">\r\n    <\/div>\r\n\r\n  <\/div>\r\n\r\n  <!-- \u2705 Modal -->\r\n  <div id=\"imageModal\" class=\"modal-overlay\" onclick=\"this.classList.remove('active')\">\r\n    <img decoding=\"async\" id=\"modalImage\" src=\"\" alt=\"Vergr\u00f6\u00dfertes Bild\">\r\n  <\/div>\r\n\r\n  <script>\r\n    document.querySelectorAll('.images-row img').forEach(img => {\r\n      img.addEventListener('click', function () {\r\n        const modal = document.getElementById('imageModal');\r\n        const modalImg = document.getElementById('modalImage');\r\n        modalImg.src = this.src;\r\n        modal.classList.add('active');\r\n      });\r\n    });\r\n  <\/script>\r\n<\/body>\r\n<\/html>\r\n\t\t\t\t<\/div>\n\t\t\t\t<\/div>\n\t\t\t\t\t<\/div>\n\t\t<\/div>\n\t\t\t\t\t<\/div>\n\t\t<\/section>\n\t\t\t\t<\/div>","protected":false},"excerpt":{"rendered":"<p>Linea Rossa LR5100 &#8211; \u00dcr\u00fcn Detay Linea Rossa LR5100 Linea Rossa LR5100, y\u00fcksek performansl\u0131 al\u00fcminyum pencere sistemidir. Modern mimariye uygun kesit yap\u0131s\u0131 ile y\u00fcksek \u0131s\u0131 ve ses yal\u0131t\u0131m\u0131 sa\u011flar. Estetik g\u00f6r\u00fcn\u00fcm\u00fcyle \u00f6n plana \u00e7\u0131kar. Uygulama G\u00f6rselleri Uygulama Alanlar\u0131 Y\u00fcksek yal\u0131t\u0131m gerektiren konut projeleri Ofis ve ticari alanlar Otel ve turizm yap\u0131lar\u0131 Modern cephe uygulamalar\u0131 Teknik [&hellip;]<\/p>\n","protected":false},"author":1,"featured_media":0,"parent":0,"menu_order":0,"comment_status":"closed","ping_status":"closed","template":"","meta":{"footnotes":""},"class_list":["post-2443","page","type-page","status-publish","hentry"],"_links":{"self":[{"href":"https:\/\/mesanyapi.com\/de\/wp-json\/wp\/v2\/pages\/2443","targetHints":{"allow":["GET"]}}],"collection":[{"href":"https:\/\/mesanyapi.com\/de\/wp-json\/wp\/v2\/pages"}],"about":[{"href":"https:\/\/mesanyapi.com\/de\/wp-json\/wp\/v2\/types\/page"}],"author":[{"embeddable":true,"href":"https:\/\/mesanyapi.com\/de\/wp-json\/wp\/v2\/users\/1"}],"replies":[{"embeddable":true,"href":"https:\/\/mesanyapi.com\/de\/wp-json\/wp\/v2\/comments?post=2443"}],"version-history":[{"count":7,"href":"https:\/\/mesanyapi.com\/de\/wp-json\/wp\/v2\/pages\/2443\/revisions"}],"predecessor-version":[{"id":2455,"href":"https:\/\/mesanyapi.com\/de\/wp-json\/wp\/v2\/pages\/2443\/revisions\/2455"}],"wp:attachment":[{"href":"https:\/\/mesanyapi.com\/de\/wp-json\/wp\/v2\/media?parent=2443"}],"curies":[{"name":"wp","href":"https:\/\/api.w.org\/{rel}","templated":true}]}}