{"id":2474,"date":"2025-07-22T13:58:00","date_gmt":"2025-07-22T13:58:00","guid":{"rendered":"https:\/\/mesanyapi.com\/?page_id=2474"},"modified":"2025-07-22T14:01:00","modified_gmt":"2025-07-22T14:01:00","slug":"saray-aluminium-ew-69","status":"publish","type":"page","link":"https:\/\/mesanyapi.com\/de\/saray-aluminium-ew-69\/","title":{"rendered":"Palace Aluminium \u2013 EW-69"},"content":{"rendered":"\t\t<div data-elementor-type=\"wp-page\" data-elementor-id=\"2474\" class=\"elementor elementor-2474\" data-elementor-post-type=\"page\">\n\t\t\t\t\t\t<section class=\"elementor-section elementor-top-section elementor-element elementor-element-423dcaf elementor-section-boxed elementor-section-height-default elementor-section-height-default\" data-id=\"423dcaf\" data-element_type=\"section\" data-e-type=\"section\">\n\t\t\t\t\t\t<div class=\"elementor-container elementor-column-gap-default\">\n\t\t\t\t\t<div class=\"elementor-column elementor-col-100 elementor-top-column elementor-element elementor-element-b07239c\" data-id=\"b07239c\" data-element_type=\"column\" data-e-type=\"column\">\n\t\t\t<div class=\"elementor-widget-wrap elementor-element-populated\">\n\t\t\t\t\t\t<div class=\"elementor-element elementor-element-759608b elementor-widget elementor-widget-html\" data-id=\"759608b\" data-element_type=\"widget\" data-e-type=\"widget\" data-widget_type=\"html.default\">\n\t\t\t\t<div class=\"elementor-widget-container\">\n\t\t\t\t\t<!DOCTYPE html>\r\n<html lang=\"tr\">\r\n<head>\r\n  <meta charset=\"UTF-8\" \/>\r\n  <meta name=\"viewport\" content=\"width=device-width, initial-scale=1.0\">\r\n  <title>Saray Al\u00fcminyum EW-69 - \u00dcr\u00fcn Detay<\/title>\r\n  <link href=\"https:\/\/fonts.googleapis.com\/css2?family=Montserrat&display=swap\" rel=\"stylesheet\">\r\n  <style>\r\n    body { margin:0;padding:0;font-family:'Montserrat',sans-serif;background:#fafafa;color:#111; }\r\n    .container { max-width:1200px;margin:auto;padding:40px 20px; }\r\n    .section-title { font-size:32px;color:#222;margin-bottom:20px;border-left:6px solid #007bff;padding-left:14px; }\r\n    .description { font-size:16px;color:#444;margin-bottom:40px; }\r\n    .images-row { display:flex;flex-wrap:wrap;gap:20px;margin-bottom:40px; }\r\n    .images-row img { flex:1 1 280px; max-width:300px; cursor:pointer; border-radius:8px; box-shadow:0 4px 12px rgba(0,0,0,0.06); }\r\n    .highlight-box { background:#f2f2f2;padding:25px;border-left:6px solid #007bff;border-radius:6px;margin-bottom:40px; }\r\n    .highlight-box h3 { font-size:20px;margin-bottom:12px; }\r\n    .highlight-box ul { padding-left:20px;margin:0;color:#444; }\r\n    .highlight-box ul li { margin-bottom:8px; }\r\n    .technical-table { width:100%; border-collapse:collapse;margin-bottom:40px; }\r\n    .technical-table th, .technical-table td { padding:14px 16px; border:1px solid #ddd; text-align:left; }\r\n    .technical-table th { background:#e9ecef; font-weight:600; }\r\n    #lightbox { position:fixed; top:0; left:0; width:100%; height:100%; background:rgba(0,0,0,0.8); display:none; align-items:center; justify-content:center; z-index:1000; }\r\n    #lightbox img { max-width:90%; max-height:90%; border-radius:8px; }\r\n  <\/style>\r\n<\/head>\r\n<body>\r\n  <div class=\"container\">\r\n    <h1 class=\"section-title\">Saray Al\u00fcminyum\u202f\u2013\u202fEW\u201169<\/h1>\r\n    <div class=\"description\">\r\n      <p>EW\u201169, EN normlar\u0131na uygun, 3 odac\u0131kl\u0131 \u0131s\u0131 yal\u0131t\u0131ml\u0131 kap\u0131 & pencere sistemidir. Bas\u0131n\u00e7 dengeleme prensibi ve \u00f6zel contalar\u0131yla \u00fcst\u00fcn s\u0131zd\u0131rmazl\u0131k sunar :contentReference[oaicite:3]{index=3}.<\/p>\r\n    <\/div>\r\n    <h2 class=\"section-title\">Uygulama G\u00f6rselleri<\/h2>\r\n    <div class=\"images-row\">\r\n      <img decoding=\"async\" src=\"\" alt=\"EW\u201169 Uygulama 1\">\r\n    <\/div>\r\n    <div class=\"highlight-box\">\r\n      <h3>Uygulama Alanlar\u0131<\/h3>\r\n      <ul>\r\n        <li>Konforlu konut projeleri<\/li>\r\n        <li>Is\u0131 yal\u0131t\u0131ml\u0131 giri\u015f kap\u0131lar\u0131<\/li>\r\n        <li>Ofis & ticari tarz yap\u0131lar<\/li>\r\n      <\/ul>\r\n    <\/div>\r\n    <h2 class=\"section-title\">Teknik Bilgiler<\/h2>\r\n    <table class=\"technical-table\">\r\n      <tr><th>Sistem Derinli\u011fi (Kasa)<\/th><td>69\u202fmm<\/td><\/tr>\r\n      <tr><th>Sistem Derinli\u011fi (Kanat)<\/th><td>55\u201369\u202fmm<\/td><\/tr>\r\n      <tr><th>Is\u0131 Yal\u0131t\u0131m Bariyer<\/th><td>34\u202fmm<\/td><\/tr>\r\n      <tr><th>Uygulanabilir Cam Kal\u0131nl\u0131\u011f\u0131<\/th><td>10\u201352\u202fmm<\/td><\/tr>\r\n      <tr><th>Uf (Is\u0131 \u0130letkenlik)<\/th><td>1.97\u202fW\/m\u00b2K<\/td><\/tr>\r\n      <tr><th>Uw (Pencere Performans)<\/th><td>1.65\u202fW\/m\u00b2K<\/td><\/tr>\r\n      <tr><th>Akustik (Rw)<\/th><td>\u2264\u202f39\u202fdB<\/td><\/tr>\r\n      <tr><th>Su Ge\u00e7irgenlik<\/th><td>Class\u202f\u2265\u202f9A<\/td><\/tr>\r\n      <tr><th>Hava Ge\u00e7irimsizlik<\/th><td>Class\u202f4<\/td><\/tr>\r\n      <tr><th>R\u00fczgar Y\u00fck\u00fc<\/th><td>C2\u2013C5<\/td><\/tr>\r\n    <\/table>\r\n    <h2 class=\"section-title\">Kesit G\u00f6rseli<\/h2>\r\n    <div class=\"images-row\">\r\n      <img decoding=\"async\" src=\"https:\/\/mesanyapi.com\/wp-content\/uploads\/2025\/07\/ew69-20190621114818-1.jpg\" alt=\"EW\u201169 Kesit\">\r\n    <\/div>\r\n  <\/div>\r\n\r\n  <div id=\"lightbox\" onclick=\"this.style.display='none'\">\r\n    <img decoding=\"async\" id=\"lightbox-img\" src=\"\" alt=\"B\u00fcy\u00fct\u00fclm\u00fc\u015f G\u00f6rsel\">\r\n  <\/div>\r\n\r\n  <script>\r\n    document.querySelectorAll('.images-row img').forEach(img => \r\n      img.addEventListener('click', () => {\r\n        const lb = document.getElementById('lightbox');\r\n        const lbImg = document.getElementById('lightbox-img');\r\n        lbImg.src = img.src; lb.style.display = 'flex';\r\n      })\r\n    );\r\n  <\/script>\r\n<\/body>\r\n<\/html>\r\n\t\t\t\t<\/div>\n\t\t\t\t<\/div>\n\t\t\t\t\t<\/div>\n\t\t<\/div>\n\t\t\t\t\t<\/div>\n\t\t<\/section>\n\t\t\t\t<\/div>\n\t\t","protected":false},"excerpt":{"rendered":"<p>Saray Al\u00fcminyum EW-69 &#8211; \u00dcr\u00fcn Detay Saray Al\u00fcminyum\u202f\u2013\u202fEW\u201169 EW\u201169, EN normlar\u0131na uygun, 3 odac\u0131kl\u0131 \u0131s\u0131 yal\u0131t\u0131ml\u0131 kap\u0131 &#038; pencere sistemidir. Bas\u0131n\u00e7 dengeleme prensibi ve \u00f6zel contalar\u0131yla \u00fcst\u00fcn s\u0131zd\u0131rmazl\u0131k sunar :contentReference[oaicite:3]{index=3}. Uygulama G\u00f6rselleri Uygulama Alanlar\u0131 Konforlu konut projeleri Is\u0131 yal\u0131t\u0131ml\u0131 giri\u015f kap\u0131lar\u0131 Ofis &#038; ticari tarz yap\u0131lar Teknik Bilgiler Sistem Derinli\u011fi (Kasa) 69\u202fmm Sistem Derinli\u011fi (Kanat) [&hellip;]<\/p>\n","protected":false},"author":1,"featured_media":0,"parent":0,"menu_order":0,"comment_status":"closed","ping_status":"closed","template":"","meta":{"footnotes":""},"class_list":["post-2474","page","type-page","status-publish","hentry"],"_links":{"self":[{"href":"https:\/\/mesanyapi.com\/de\/wp-json\/wp\/v2\/pages\/2474","targetHints":{"allow":["GET"]}}],"collection":[{"href":"https:\/\/mesanyapi.com\/de\/wp-json\/wp\/v2\/pages"}],"about":[{"href":"https:\/\/mesanyapi.com\/de\/wp-json\/wp\/v2\/types\/page"}],"author":[{"embeddable":true,"href":"https:\/\/mesanyapi.com\/de\/wp-json\/wp\/v2\/users\/1"}],"replies":[{"embeddable":true,"href":"https:\/\/mesanyapi.com\/de\/wp-json\/wp\/v2\/comments?post=2474"}],"version-history":[{"count":4,"href":"https:\/\/mesanyapi.com\/de\/wp-json\/wp\/v2\/pages\/2474\/revisions"}],"predecessor-version":[{"id":2482,"href":"https:\/\/mesanyapi.com\/de\/wp-json\/wp\/v2\/pages\/2474\/revisions\/2482"}],"wp:attachment":[{"href":"https:\/\/mesanyapi.com\/de\/wp-json\/wp\/v2\/media?parent=2474"}],"curies":[{"name":"wp","href":"https:\/\/api.w.org\/{rel}","templated":true}]}}