{"id":495,"date":"2018-12-28T05:22:30","date_gmt":"2018-12-28T05:22:30","guid":{"rendered":"https:\/\/mesanyapi.com\/?page_id=495"},"modified":"2025-05-26T09:15:27","modified_gmt":"2025-05-26T09:15:27","slug":"uber-uns","status":"publish","type":"page","link":"https:\/\/mesanyapi.com\/de\/uber-uns\/","title":{"rendered":"\u00dcber uns"},"content":{"rendered":"\t\t<div data-elementor-type=\"wp-post\" data-elementor-id=\"495\" class=\"elementor elementor-495\" data-elementor-post-type=\"page\">\n\t\t\t\t\t\t<section class=\"elementor-section elementor-top-section elementor-element elementor-element-8d32175 elementor-section-stretched elementor-section-boxed elementor-section-height-default elementor-section-height-default\" data-id=\"8d32175\" data-element_type=\"section\" data-e-type=\"section\" data-settings=\"{&quot;stretch_section&quot;:&quot;section-stretched&quot;}\">\n\t\t\t\t\t\t<div class=\"elementor-container elementor-column-gap-default\">\n\t\t\t\t\t<div class=\"elementor-column elementor-col-50 elementor-top-column elementor-element elementor-element-eaf0b2b\" data-id=\"eaf0b2b\" data-element_type=\"column\" data-e-type=\"column\">\n\t\t\t<div class=\"elementor-widget-wrap elementor-element-populated\">\n\t\t\t\t\t\t<div class=\"elementor-element elementor-element-cc0acd9 elementor-widget elementor-widget-rt-text-with-button\" data-id=\"cc0acd9\" data-element_type=\"widget\" data-e-type=\"widget\" data-widget_type=\"rt-text-with-button.default\">\n\t\t\t\t<div class=\"elementor-widget-container\">\n\t\t\t\t\t<div class=\"title-text-button left barhide\">\n\t\t\t<div class=\"rtin-content\" style=\" color: #444444;\"><p class=\"\" data-start=\"124\" data-end=\"459\">Mesan Yap\u0131 olarak, <strong data-start=\"143\" data-end=\"182\">al\u00fcminyum ve PVC do\u011frama sistemleri<\/strong>, <strong data-start=\"184\" data-end=\"201\">k\u0131\u015f bah\u00e7eleri<\/strong>, <strong data-start=\"203\" data-end=\"231\">s\u00fcrme ve cephe \u00e7\u00f6z\u00fcmleri<\/strong> gibi mimari uygulamalarda kalite, estetik ve i\u015flevselli\u011fi bir araya getiriyoruz. Kuruldu\u011fumuz g\u00fcnden bu yana, yenilik\u00e7i yakla\u015f\u0131m\u0131m\u0131z ve m\u00fc\u015fteri memnuniyeti odakl\u0131 hizmet anlay\u0131\u015f\u0131m\u0131zla sekt\u00f6rde g\u00fcvenilir bir marka haline geldik.<\/p><p class=\"\" data-start=\"461\" data-end=\"749\"><strong data-start=\"461\" data-end=\"488\">Modern \u00fcretim tesisimiz<\/strong>, ileri teknolojiye sahip makine parkurumuz ve deneyimli ekibimizle; hem bireysel hem kurumsal projelere \u00f6zel \u00e7\u00f6z\u00fcmler sunuyoruz. Yap\u0131 sekt\u00f6r\u00fcn\u00fcn dinamiklerine h\u00e2kim bir ekip olarak, her projeyi titizlikle ele al\u0131yor, sa\u011flam ve uzun \u00f6m\u00fcrl\u00fc sistemler \u00fcretiyoruz.<\/p><p class=\"\" data-start=\"751\" data-end=\"810\">Yaln\u0131zca \u00fcr\u00fcn de\u011fil, <strong data-start=\"772\" data-end=\"798\">ya\u015fam alanlar\u0131na de\u011fer<\/strong> kat\u0131yoruz.<\/p><\/div>\n\t\t\n<\/div>\t\t\t\t<\/div>\n\t\t\t\t<\/div>\n\t\t\t\t\t<\/div>\n\t\t<\/div>\n\t\t\t\t<div class=\"elementor-column elementor-col-50 elementor-top-column elementor-element elementor-element-cfc4391\" data-id=\"cfc4391\" data-element_type=\"column\" data-e-type=\"column\">\n\t\t\t<div class=\"elementor-widget-wrap elementor-element-populated\">\n\t\t\t\t\t\t<div class=\"elementor-element elementor-element-a5f60bc elementor-widget elementor-widget-rt-video\" data-id=\"a5f60bc\" data-element_type=\"widget\" data-e-type=\"widget\" data-widget_type=\"rt-video.default\">\n\t\t\t\t<div class=\"elementor-widget-container\">\n\t\t\t\t\t<div class=\"rt-video\">\n\t<div class=\"rtin-video\">\n\t\t<a class=\"rtin-play rt-popup-youtube\" href=\"https:\/\/www.youtube.com\/watch?v=KusE9jT9Bbc\" target=\"_blank\" rel=\"noopener\"><i class=\"fa fa-play\" aria-hidden=\"true\"><\/i><\/a>\n\t\t\t\t\t<div class=\"rtin-media\">\n\t\t\t\t<img fetchpriority=\"high\" decoding=\"async\" width=\"1887\" height=\"772\" src=\"https:\/\/mesanyapi.com\/wp-content\/uploads\/2025\/04\/Ekran-goruntusu-2025-04-30-095533.png\" class=\"attachment-full size-full\" alt=\"\" \/>\t\t\t<\/div>\n\t\t\t<\/div>\n<\/div>\t\t\t\t<\/div>\n\t\t\t\t<\/div>\n\t\t\t\t\t<\/div>\n\t\t<\/div>\n\t\t\t\t\t<\/div>\n\t\t<\/section>\n\t\t\t\t<section class=\"elementor-section elementor-top-section elementor-element elementor-element-e2d2b62 elementor-section-boxed elementor-section-height-default elementor-section-height-default\" data-id=\"e2d2b62\" data-element_type=\"section\" data-e-type=\"section\">\n\t\t\t\t\t\t<div class=\"elementor-container elementor-column-gap-default\">\n\t\t\t\t\t<div class=\"elementor-column elementor-col-50 elementor-top-column elementor-element elementor-element-4edef27\" data-id=\"4edef27\" data-element_type=\"column\" data-e-type=\"column\">\n\t\t\t<div class=\"elementor-widget-wrap elementor-element-populated\">\n\t\t\t\t\t\t<div class=\"elementor-element elementor-element-7299505 elementor-widget elementor-widget-image\" data-id=\"7299505\" data-element_type=\"widget\" data-e-type=\"widget\" data-widget_type=\"image.default\">\n\t\t\t\t<div class=\"elementor-widget-container\">\n\t\t\t\t\t\t\t\t\t\t\t\t\t\t\t<img decoding=\"async\" width=\"1024\" height=\"575\" src=\"https:\/\/mesanyapi.com\/wp-content\/uploads\/2025\/04\/2025-04-14-1024x575.webp\" class=\"attachment-large size-large wp-image-1537\" alt=\"\" srcset=\"https:\/\/mesanyapi.com\/wp-content\/uploads\/2025\/04\/2025-04-14-1024x575.webp 1024w, https:\/\/mesanyapi.com\/wp-content\/uploads\/2025\/04\/2025-04-14-300x169.webp 300w, https:\/\/mesanyapi.com\/wp-content\/uploads\/2025\/04\/2025-04-14-768x431.webp 768w, https:\/\/mesanyapi.com\/wp-content\/uploads\/2025\/04\/2025-04-14-600x337.webp 600w, https:\/\/mesanyapi.com\/wp-content\/uploads\/2025\/04\/2025-04-14.webp 1061w\" sizes=\"(max-width: 1024px) 100vw, 1024px\" \/>\t\t\t\t\t\t\t\t\t\t\t\t\t\t\t<\/div>\n\t\t\t\t<\/div>\n\t\t\t\t\t<\/div>\n\t\t<\/div>\n\t\t\t\t<div class=\"elementor-column elementor-col-50 elementor-top-column elementor-element elementor-element-b85e839\" data-id=\"b85e839\" data-element_type=\"column\" data-e-type=\"column\">\n\t\t\t<div class=\"elementor-widget-wrap elementor-element-populated\">\n\t\t\t\t\t\t<div class=\"elementor-element elementor-element-8e629fe elementor-widget elementor-widget-rt-text-with-button\" data-id=\"8e629fe\" data-element_type=\"widget\" data-e-type=\"widget\" data-widget_type=\"rt-text-with-button.default\">\n\t\t\t\t<div class=\"elementor-widget-container\">\n\t\t\t\t\t<div class=\"title-text-button left barhide\">\n\t\t\t<h2 class=\"rtin-title\" style=\" color: #111111; font-size: 32px;\">Neden Mesan Yap\u0131?\t\t\t\t\t<\/h2>\n\t\t\t<div class=\"rtin-content\" style=\" color: #444444;\"><p><strong data-start=\"372\" data-end=\"444\">Yap\u0131 teknolojileri, estetik ve m\u00fchendisli\u011fin kesi\u015fiminde \u00fcretiyoruz.<\/strong><br data-start=\"444\" data-end=\"447\" \/>Her projede, alan\u0131n ihtiya\u00e7lar\u0131n\u0131 analiz ediyor, fonksiyonel ve uzun \u00f6m\u00fcrl\u00fc sistem \u00e7\u00f6z\u00fcmleri sunuyoruz. \u00dcretim g\u00fcc\u00fcm\u00fcz, tasar\u0131m hassasiyetimiz ve montaj kalitemizle fark yarat\u0131yoruz.<\/p><ol><li><strong data-start=\"694\" data-end=\"726\">Al\u00fcminyum Do\u011frama Sistemleri<\/strong><br data-start=\"726\" data-end=\"729\" \/>Modern, dayan\u0131kl\u0131 ve estetik \u00e7\u00f6z\u00fcmler.<\/li><li><strong data-start=\"773\" data-end=\"806\">PVC Kap\u0131 &amp; Pencere Sistemleri<\/strong><br data-start=\"806\" data-end=\"809\" \/>Yal\u0131t\u0131m ve kullan\u0131m konforu bir arada.<\/li><li><strong data-start=\"853\" data-end=\"881\">K\u0131\u015f Bah\u00e7esi Uygulamalar\u0131<\/strong><br data-start=\"881\" data-end=\"884\" \/>D\u00f6rt mevsim keyifli ya\u015fam alanlar\u0131.<\/li><li><strong data-start=\"925\" data-end=\"945\">Cephe Sistemleri<\/strong><br data-start=\"945\" data-end=\"948\" \/>Mimari projeler i\u00e7in \u00f6zel al\u00fcminyum cephe \u00e7\u00f6z\u00fcmleri.<\/li><li><strong data-start=\"1006\" data-end=\"1037\">S\u00fcrme ve Giyotin Sistemleri<\/strong><br data-start=\"1037\" data-end=\"1040\" \/>Hem konforlu hem yer tasarruflu a\u00e7\u0131kl\u0131k sistemleri.<\/li><li><strong data-start=\"1097\" data-end=\"1126\">Proje &amp; Montaj Hizmetleri<\/strong><br data-start=\"1126\" data-end=\"1129\" \/>Uygulama \u00f6ncesi ke\u015fif, proje deste\u011fi ve profesyonel montaj.<\/li><\/ol><\/div>\n\t\t\n<\/div>\t\t\t\t<\/div>\n\t\t\t\t<\/div>\n\t\t\t\t\t<\/div>\n\t\t<\/div>\n\t\t\t\t\t<\/div>\n\t\t<\/section>\n\t\t\t\t<section class=\"elementor-section elementor-top-section elementor-element elementor-element-3c8cf4d elementor-section-stretched elementor-section-full_width elementor-section-height-default elementor-section-height-default\" data-id=\"3c8cf4d\" data-element_type=\"section\" data-e-type=\"section\" data-settings=\"{&quot;stretch_section&quot;:&quot;section-stretched&quot;,&quot;background_background&quot;:&quot;classic&quot;}\">\n\t\t\t\t\t\t<div class=\"elementor-container elementor-column-gap-default\">\n\t\t\t\t\t<div class=\"elementor-column elementor-col-100 elementor-top-column elementor-element elementor-element-2f00c20\" data-id=\"2f00c20\" data-element_type=\"column\" data-e-type=\"column\">\n\t\t\t<div class=\"elementor-widget-wrap elementor-element-populated\">\n\t\t\t\t\t\t<div class=\"elementor-element elementor-element-69024cf elementor-widget elementor-widget-rt-title\" data-id=\"69024cf\" data-element_type=\"widget\" data-e-type=\"widget\" data-widget_type=\"rt-title.default\">\n\t\t\t\t<div class=\"elementor-widget-container\">\n\t\t\t\t\t<div class=\"sec-title style1\">\n\t<div class=\"sec-title-holder align-center\">\n\t\t<h2 class=\"section-title\" style=\" font-size: 36px;\" >\u00c7\u00f6z\u00fcm Ortaklar\u0131m\u0131z<\/h2>\n\t\t<p class=\"sub-title\"><\/p>\n\t<\/div>\n<\/div>\n\t\t\t\t<\/div>\n\t\t\t\t<\/div>\n\t\t\t\t<div class=\"elementor-element elementor-element-529b997 elementor-widget__width-initial elementor-widget elementor-widget-rt-logo-slider\" data-id=\"529b997\" data-element_type=\"widget\" data-e-type=\"widget\" data-widget_type=\"rt-logo-slider.default\">\n\t\t\t\t<div class=\"elementor-widget-container\">\n\t\t\t\t\t<div class=\"rtin-logo-slider owl-wrap rt-owl-nav-2 \">\n\t<div class=\"owl-theme owl-carousel rt-owl-carousel\" data-carousel-options=\"{&quot;nav&quot;:false,&quot;dots&quot;:false,&quot;navText&quot;:[&quot;&lt;i class=&#039;fa-solid fa-angle-left&#039;&gt;&lt;\\\/i&gt;&quot;,&quot;&lt;i class=&#039;fa-solid fa-angle-right&#039;&gt;&lt;\\\/i&gt;&quot;],&quot;autoplay&quot;:true,&quot;autoplayTimeout&quot;:&quot;4000&quot;,&quot;autoplaySpeed&quot;:200,&quot;autoplayHoverPause&quot;:true,&quot;loop&quot;:true,&quot;margin&quot;:20,&quot;responsive&quot;:{&quot;0&quot;:{&quot;items&quot;:&quot;1&quot;},&quot;480&quot;:{&quot;items&quot;:&quot;2&quot;},&quot;768&quot;:{&quot;items&quot;:&quot;3&quot;},&quot;992&quot;:{&quot;items&quot;:&quot;4&quot;},&quot;1200&quot;:{&quot;items&quot;:&quot;5&quot;}}}\">\n\t\t\t\t\t\t\t\t<div class=\"rtin-item\">\n\t\t\t\t\t\t\t\t\t<a href=\"https:\/\/www.winsa.com.tr\/tr\" target=\"_blank\" rel=\"noopener\"><img decoding=\"async\" width=\"2560\" height=\"1105\" src=\"https:\/\/mesanyapi.com\/wp-content\/uploads\/2025\/04\/7e32ffc14fd129af8911a8af0ac1759a-scaled.jpg\" class=\"attachment-full size-full\" alt=\"\" srcset=\"https:\/\/mesanyapi.com\/wp-content\/uploads\/2025\/04\/7e32ffc14fd129af8911a8af0ac1759a-scaled.jpg 2560w, https:\/\/mesanyapi.com\/wp-content\/uploads\/2025\/04\/7e32ffc14fd129af8911a8af0ac1759a-300x129.jpg 300w, https:\/\/mesanyapi.com\/wp-content\/uploads\/2025\/04\/7e32ffc14fd129af8911a8af0ac1759a-1024x442.jpg 1024w, https:\/\/mesanyapi.com\/wp-content\/uploads\/2025\/04\/7e32ffc14fd129af8911a8af0ac1759a-768x332.jpg 768w, https:\/\/mesanyapi.com\/wp-content\/uploads\/2025\/04\/7e32ffc14fd129af8911a8af0ac1759a-1536x663.jpg 1536w, https:\/\/mesanyapi.com\/wp-content\/uploads\/2025\/04\/7e32ffc14fd129af8911a8af0ac1759a-2048x884.jpg 2048w, https:\/\/mesanyapi.com\/wp-content\/uploads\/2025\/04\/7e32ffc14fd129af8911a8af0ac1759a-600x259.jpg 600w\" sizes=\"(max-width: 2560px) 100vw, 2560px\" \/><\/a>\n\t\t\t\t\t\t\t<\/div>\n\t\t\t\t\t\t\t\t<div class=\"rtin-item\">\n\t\t\t\t\t\t\t\t\t<a href=\"https:\/\/saray.com\/\" target=\"_blank\" rel=\"noopener\"><img loading=\"lazy\" decoding=\"async\" width=\"200\" height=\"78\" src=\"https:\/\/mesanyapi.com\/wp-content\/uploads\/2025\/05\/Adsiz-tasarim-3-1-e1753962894878.png\" class=\"attachment-full size-full\" alt=\"\" srcset=\"https:\/\/mesanyapi.com\/wp-content\/uploads\/2025\/05\/Adsiz-tasarim-3-1-e1753962894878.png 200w, https:\/\/mesanyapi.com\/wp-content\/uploads\/2025\/05\/Adsiz-tasarim-3-1-e1753962894878-18x7.png 18w\" sizes=\"(max-width: 200px) 100vw, 200px\" \/><\/a>\n\t\t\t\t\t\t\t<\/div>\n\t\t\t\t\t\t\t\t<div class=\"rtin-item\">\n\t\t\t\t\t\t\t\t\t<a href=\"https:\/\/www.iqaluminyum.com\/\" target=\"_blank\" rel=\"noopener\"><img loading=\"lazy\" decoding=\"async\" width=\"2560\" height=\"1040\" src=\"https:\/\/mesanyapi.com\/wp-content\/uploads\/2025\/04\/154099-scaled.jpg\" class=\"attachment-full size-full\" alt=\"\" srcset=\"https:\/\/mesanyapi.com\/wp-content\/uploads\/2025\/04\/154099-scaled.jpg 2560w, https:\/\/mesanyapi.com\/wp-content\/uploads\/2025\/04\/154099-300x122.jpg 300w, https:\/\/mesanyapi.com\/wp-content\/uploads\/2025\/04\/154099-1024x416.jpg 1024w, https:\/\/mesanyapi.com\/wp-content\/uploads\/2025\/04\/154099-768x312.jpg 768w, https:\/\/mesanyapi.com\/wp-content\/uploads\/2025\/04\/154099-1536x624.jpg 1536w, https:\/\/mesanyapi.com\/wp-content\/uploads\/2025\/04\/154099-2048x832.jpg 2048w, https:\/\/mesanyapi.com\/wp-content\/uploads\/2025\/04\/154099-600x244.jpg 600w\" sizes=\"(max-width: 2560px) 100vw, 2560px\" \/><\/a>\n\t\t\t\t\t\t\t<\/div>\n\t\t\t\t\t\t\t\t<div class=\"rtin-item\">\n\t\t\t\t\t\t\t\t\t<a href=\"https:\/\/www.btsaluminium.com\/en\/\" target=\"_blank\" rel=\"noopener\"><img loading=\"lazy\" decoding=\"async\" width=\"127\" height=\"127\" src=\"https:\/\/mesanyapi.com\/wp-content\/uploads\/2025\/05\/0000003_logo.png\" class=\"attachment-full size-full\" alt=\"\" srcset=\"https:\/\/mesanyapi.com\/wp-content\/uploads\/2025\/05\/0000003_logo.png 127w, https:\/\/mesanyapi.com\/wp-content\/uploads\/2025\/05\/0000003_logo-12x12.png 12w, https:\/\/mesanyapi.com\/wp-content\/uploads\/2025\/05\/0000003_logo-100x100.png 100w\" sizes=\"(max-width: 127px) 100vw, 127px\" \/><\/a>\n\t\t\t\t\t\t\t<\/div>\n\t\t\t\t\t\t\t\t<div class=\"rtin-item\">\n\t\t\t\t\t\t\t\t\t<a href=\"https:\/\/www.camoda.com.tr\/tr\" target=\"_blank\" rel=\"noopener\"><img loading=\"lazy\" decoding=\"async\" width=\"350\" height=\"92\" src=\"https:\/\/mesanyapi.com\/wp-content\/uploads\/2025\/04\/cam-oda-logo.png\" class=\"attachment-full size-full\" alt=\"\" srcset=\"https:\/\/mesanyapi.com\/wp-content\/uploads\/2025\/04\/cam-oda-logo.png 350w, https:\/\/mesanyapi.com\/wp-content\/uploads\/2025\/04\/cam-oda-logo-300x79.png 300w\" sizes=\"(max-width: 350px) 100vw, 350px\" \/><\/a>\n\t\t\t\t\t\t\t<\/div>\n\t\t                      \n\t<\/div>\n<\/div>\t\t\t\t<\/div>\n\t\t\t\t<\/div>\n\t\t\t\t\t<\/div>\n\t\t<\/div>\n\t\t\t\t\t<\/div>\n\t\t<\/section>\n\t\t\t\t<\/div>\n\t\t","protected":false},"excerpt":{"rendered":"<p>Mesan Yap\u0131 olarak, al\u00fcminyum ve PVC do\u011frama sistemleri, k\u0131\u015f bah\u00e7eleri, s\u00fcrme ve cephe \u00e7\u00f6z\u00fcmleri gibi mimari uygulamalarda kalite, estetik ve i\u015flevselli\u011fi bir araya getiriyoruz. Kuruldu\u011fumuz g\u00fcnden bu yana, yenilik\u00e7i yakla\u015f\u0131m\u0131m\u0131z ve m\u00fc\u015fteri memnuniyeti odakl\u0131 hizmet anlay\u0131\u015f\u0131m\u0131zla sekt\u00f6rde g\u00fcvenilir bir marka haline geldik. Modern \u00fcretim tesisimiz, ileri teknolojiye sahip makine parkurumuz ve deneyimli ekibimizle; hem bireysel [&hellip;]<\/p>\n","protected":false},"author":1,"featured_media":0,"parent":0,"menu_order":0,"comment_status":"closed","ping_status":"closed","template":"elementor_header_footer","meta":{"footnotes":""},"class_list":["post-495","page","type-page","status-publish","hentry"],"_links":{"self":[{"href":"https:\/\/mesanyapi.com\/de\/wp-json\/wp\/v2\/pages\/495","targetHints":{"allow":["GET"]}}],"collection":[{"href":"https:\/\/mesanyapi.com\/de\/wp-json\/wp\/v2\/pages"}],"about":[{"href":"https:\/\/mesanyapi.com\/de\/wp-json\/wp\/v2\/types\/page"}],"author":[{"embeddable":true,"href":"https:\/\/mesanyapi.com\/de\/wp-json\/wp\/v2\/users\/1"}],"replies":[{"embeddable":true,"href":"https:\/\/mesanyapi.com\/de\/wp-json\/wp\/v2\/comments?post=495"}],"version-history":[{"count":37,"href":"https:\/\/mesanyapi.com\/de\/wp-json\/wp\/v2\/pages\/495\/revisions"}],"predecessor-version":[{"id":2250,"href":"https:\/\/mesanyapi.com\/de\/wp-json\/wp\/v2\/pages\/495\/revisions\/2250"}],"wp:attachment":[{"href":"https:\/\/mesanyapi.com\/de\/wp-json\/wp\/v2\/media?parent=495"}],"curies":[{"name":"wp","href":"https:\/\/api.w.org\/{rel}","templated":true}]}}