{"id":1237,"date":"2019-02-27T06:13:44","date_gmt":"2019-02-27T06:13:44","guid":{"rendered":"https:\/\/mesanyapi.com\/portfolio-slider-5-copy-3\/"},"modified":"2019-02-27T07:19:22","modified_gmt":"2019-02-27T07:19:22","slug":"portfolio-slider-8","status":"publish","type":"page","link":"https:\/\/mesanyapi.com\/en\/portfolio-slider-8\/","title":{"rendered":"Portfolio Slider 8"},"content":{"rendered":"\t\t<div data-elementor-type=\"wp-post\" data-elementor-id=\"1237\" class=\"elementor elementor-1237 elementor-bc-flex-widget\" data-elementor-post-type=\"page\">\n\t\t\t\t\t\t<section class=\"elementor-section elementor-top-section elementor-element elementor-element-40319c0 elementor-section-boxed elementor-section-height-default elementor-section-height-default\" data-id=\"40319c0\" data-element_type=\"section\" data-e-type=\"section\">\n\t\t\t\t\t\t<div class=\"elementor-container elementor-column-gap-default\">\n\t\t\t\t\t<div class=\"elementor-column elementor-col-100 elementor-top-column elementor-element elementor-element-8a0784f\" data-id=\"8a0784f\" data-element_type=\"column\" data-e-type=\"column\">\n\t\t\t<div class=\"elementor-widget-wrap elementor-element-populated\">\n\t\t\t\t\t\t<div class=\"elementor-element elementor-element-7a55158 elementor-widget elementor-widget-rt-portfolio-slider\" data-id=\"7a55158\" data-element_type=\"widget\" data-e-type=\"widget\" data-widget_type=\"rt-portfolio-slider.default\">\n\t\t\t\t<div class=\"elementor-widget-container\">\n\t\t\t\t\t<div class=\"portfolio-default portfolio-slider rt-portfolio-8 owl-wrap rt-owl-nav-1 slider-nav-enabled\">\n\t<div class=\"owl-theme owl-carousel rt-owl-carousel\" data-carousel-options=\"{&quot;nav&quot;:true,&quot;dots&quot;:false,&quot;navText&quot;:[&quot;&lt;i class=&#039;fa-solid fa-angle-left&#039;&gt;&lt;\\\/i&gt;&quot;,&quot;&lt;i class=&#039;fa-solid fa-angle-right&#039;&gt;&lt;\\\/i&gt;&quot;],&quot;autoplay&quot;:true,&quot;autoplayTimeout&quot;:&quot;5000&quot;,&quot;autoplaySpeed&quot;:200,&quot;autoplayHoverPause&quot;:true,&quot;loop&quot;:true,&quot;margin&quot;:30,&quot;responsive&quot;:{&quot;0&quot;:{&quot;items&quot;:1},&quot;480&quot;:{&quot;items&quot;:&quot;2&quot;},&quot;768&quot;:{&quot;items&quot;:&quot;2&quot;},&quot;992&quot;:{&quot;items&quot;:&quot;3&quot;},&quot;1200&quot;:{&quot;items&quot;:&quot;3&quot;}}}\">\n\t\t\t\t\t\t<div class=\"rtin-item\">\n\t\t\t\t\t\t\t\t\t\t\t<img decoding=\"async\" src=\"https:\/\/mesanyapi.com\/wp-content\/uploads\/2025\/04\/saafir-630x517.png\" alt=\"Safir 76\" \/>\n\t\t\t\t\t\t\t\t\t\t\t<div class=\"overlay overlay-1\"><\/div>\n\t\t\t\t\t<div class=\"overlay overlay-2\"><\/div>\n\t\t\t\t\t<div class=\"rtin-content\">\n\t\t\t\t\t\t<div class=\"content-center\">\n\t\t\t\t\t\t<h3 style=\" font-size: 24px;\"><a href=\"https:\/\/mesanyapi.com\/en\/portfolio\/sapphire-76\/\">Safir 76<\/a><\/h3>\n\t\t\t\t\t\t\t\t\t\t\t\t<div class=\"rtin-cat\">\n\t\t\t\t\t\t\t\t\t\t\t\t\t\t\t\t<a href=\"https:\/\/mesanyapi.com\/en\/zugan_portfolio_category\/pvc-systems\/\">PVC Sistemleri<\/a>\n\t\t\t\t\t\t\t\t\t\t\t\t\t<\/div>\n\t\t\t\t\t\t\t\t\t\t\t\t<p>Profil Geni\u015fli\u011fi: 76 mmOdac\u0131k Say\u0131s\u0131: 5S\u0131n\u0131f: B Class &#8211; TS<\/p>\n\t\t\t\t\t\t<\/div>\n\t\t\t\t\t<\/div>\n\t\t\t\t<\/div>\n\t\t\t\t\t\t<div class=\"rtin-item\">\n\t\t\t\t\t\t\t\t\t\t\t<img decoding=\"async\" src=\"https:\/\/mesanyapi.com\/wp-content\/uploads\/2025\/04\/revotect-630x517.png\" alt=\"Revotech\" \/>\n\t\t\t\t\t\t\t\t\t\t\t<div class=\"overlay overlay-1\"><\/div>\n\t\t\t\t\t<div class=\"overlay overlay-2\"><\/div>\n\t\t\t\t\t<div class=\"rtin-content\">\n\t\t\t\t\t\t<div class=\"content-center\">\n\t\t\t\t\t\t<h3 style=\" font-size: 24px;\"><a href=\"https:\/\/mesanyapi.com\/en\/portfolio\/revotech\/\">Revotech<\/a><\/h3>\n\t\t\t\t\t\t\t\t\t\t\t\t<div class=\"rtin-cat\">\n\t\t\t\t\t\t\t\t\t\t\t\t\t\t\t\t<a href=\"https:\/\/mesanyapi.com\/en\/zugan_portfolio_category\/pvc-systems\/\">PVC Sistemleri<\/a>\n\t\t\t\t\t\t\t\t\t\t\t\t\t<\/div>\n\t\t\t\t\t\t\t\t\t\t\t\t<p>Winsa Revotech Pencere ve Kap\u0131 Sistemi Teknik \u00d6zellikler Profil Geni\u015fli\u011fi:<\/p>\n\t\t\t\t\t\t<\/div>\n\t\t\t\t\t<\/div>\n\t\t\t\t<\/div>\n\t\t\t\t\t\t<div class=\"rtin-item\">\n\t\t\t\t\t\t\t\t\t\t\t<img decoding=\"async\" src=\"https:\/\/mesanyapi.com\/wp-content\/uploads\/2025\/04\/dorado-630x517.png\" alt=\"Dorado 76\" \/>\n\t\t\t\t\t\t\t\t\t\t\t<div class=\"overlay overlay-1\"><\/div>\n\t\t\t\t\t<div class=\"overlay overlay-2\"><\/div>\n\t\t\t\t\t<div class=\"rtin-content\">\n\t\t\t\t\t\t<div class=\"content-center\">\n\t\t\t\t\t\t<h3 style=\" font-size: 24px;\"><a href=\"https:\/\/mesanyapi.com\/en\/portfolio\/dorado-76\/\">Dorado 76<\/a><\/h3>\n\t\t\t\t\t\t\t\t\t\t\t\t<div class=\"rtin-cat\">\n\t\t\t\t\t\t\t\t\t\t\t\t\t\t\t\t<a href=\"https:\/\/mesanyapi.com\/en\/zugan_portfolio_category\/pvc-systems\/\">PVC Sistemleri<\/a>\n\t\t\t\t\t\t\t\t\t\t\t\t\t<\/div>\n\t\t\t\t\t\t\t\t\t\t\t\t<p>Profil Geni\u015fli\u011fi: 76 mmOdac\u0131k Say\u0131s\u0131: 5S\u0131n\u0131f: A Class \u2013 EN<\/p>\n\t\t\t\t\t\t<\/div>\n\t\t\t\t\t<\/div>\n\t\t\t\t<\/div>\n\t\t\t\t\t\t<div class=\"rtin-item\">\n\t\t\t\t\t\t\t\t\t\t\t<img decoding=\"async\" src=\"https:\/\/mesanyapi.com\/wp-content\/uploads\/2025\/04\/lotus-630x517.png\" alt=\"Lotus\" \/>\n\t\t\t\t\t\t\t\t\t\t\t<div class=\"overlay overlay-1\"><\/div>\n\t\t\t\t\t<div class=\"overlay overlay-2\"><\/div>\n\t\t\t\t\t<div class=\"rtin-content\">\n\t\t\t\t\t\t<div class=\"content-center\">\n\t\t\t\t\t\t<h3 style=\" font-size: 24px;\"><a href=\"https:\/\/mesanyapi.com\/en\/portfolio\/lotus\/\">Lotus<\/a><\/h3>\n\t\t\t\t\t\t\t\t\t\t\t\t<div class=\"rtin-cat\">\n\t\t\t\t\t\t\t\t\t\t\t\t\t\t\t\t<a href=\"https:\/\/mesanyapi.com\/en\/zugan_portfolio_category\/pvc-systems\/\">PVC Sistemleri<\/a>\n\t\t\t\t\t\t\t\t\t\t\t\t\t<\/div>\n\t\t\t\t\t\t\t\t\t\t\t\t<p>Yal\u0131t\u0131m T\u00fcrkiye\u2019ye tek ve Winsa\u2019ya \u00f6zel olarak tasarlanan Lotus Eksenel<\/p>\n\t\t\t\t\t\t<\/div>\n\t\t\t\t\t<\/div>\n\t\t\t\t<\/div>\n\t\t\t\t\t\t<div class=\"rtin-item\">\n\t\t\t\t\t\t\t\t\t\t\t<img decoding=\"async\" src=\"https:\/\/mesanyapi.com\/wp-content\/uploads\/2025\/04\/hs-630x517.png\" alt=\"Panorama HS 76\" \/>\n\t\t\t\t\t\t\t\t\t\t\t<div class=\"overlay overlay-1\"><\/div>\n\t\t\t\t\t<div class=\"overlay overlay-2\"><\/div>\n\t\t\t\t\t<div class=\"rtin-content\">\n\t\t\t\t\t\t<div class=\"content-center\">\n\t\t\t\t\t\t<h3 style=\" font-size: 24px;\"><a href=\"https:\/\/mesanyapi.com\/en\/portfolio\/panorama-hs-76\/\">Panorama HS 76<\/a><\/h3>\n\t\t\t\t\t\t\t\t\t\t\t\t<div class=\"rtin-cat\">\n\t\t\t\t\t\t\t\t\t\t\t\t\t\t\t\t<a href=\"https:\/\/mesanyapi.com\/en\/zugan_portfolio_category\/pvc-systems\/\">PVC Sistemleri<\/a>\n\t\t\t\t\t\t\t\t\t\t\t\t\t<\/div>\n\t\t\t\t\t\t\t\t\t\t\t\t<p>Yal\u0131t\u0131m Panorama HS 76 sistemi; 175 mm kasa geni\u015fli\u011fi, 8<\/p>\n\t\t\t\t\t\t<\/div>\n\t\t\t\t\t<\/div>\n\t\t\t\t<\/div>\n\t\t\t\t\t\t<div class=\"rtin-item\">\n\t\t\t\t\t\t\t\t\t\t\t<img decoding=\"async\" src=\"https:\/\/mesanyapi.com\/wp-content\/uploads\/2025\/04\/cs-plus-630x375.png\" alt=\"Comfort Slide Plus\" \/>\n\t\t\t\t\t\t\t\t\t\t\t<div class=\"overlay overlay-1\"><\/div>\n\t\t\t\t\t<div class=\"overlay overlay-2\"><\/div>\n\t\t\t\t\t<div class=\"rtin-content\">\n\t\t\t\t\t\t<div class=\"content-center\">\n\t\t\t\t\t\t<h3 style=\" font-size: 24px;\"><a href=\"https:\/\/mesanyapi.com\/en\/portfolio\/comfort-slide-plus\/\">Comfort Slide Plus<\/a><\/h3>\n\t\t\t\t\t\t\t\t\t\t\t\t<div class=\"rtin-cat\">\n\t\t\t\t\t\t\t\t\t\t\t\t\t\t\t\t<a href=\"https:\/\/mesanyapi.com\/en\/zugan_portfolio_category\/pvc-systems\/\">PVC Sistemleri<\/a>\n\t\t\t\t\t\t\t\t\t\t\t\t\t<\/div>\n\t\t\t\t\t\t\t\t\t\t\t\t<p>Yal\u0131t\u0131m Comfort Slide Plus PVC s\u00fcrme kap\u0131 ve pencere sisteminde,<\/p>\n\t\t\t\t\t\t<\/div>\n\t\t\t\t\t<\/div>\n\t\t\t\t<\/div>\n\t\t\t\t\t\t<div class=\"rtin-item\">\n\t\t\t\t\t\t\t\t\t\t\t<img decoding=\"async\" src=\"https:\/\/mesanyapi.com\/wp-content\/uploads\/2025\/04\/formo-630x517.webp\" alt=\"Formo\" \/>\n\t\t\t\t\t\t\t\t\t\t\t<div class=\"overlay overlay-1\"><\/div>\n\t\t\t\t\t<div class=\"overlay overlay-2\"><\/div>\n\t\t\t\t\t<div class=\"rtin-content\">\n\t\t\t\t\t\t<div class=\"content-center\">\n\t\t\t\t\t\t<h3 style=\" font-size: 24px;\"><a href=\"https:\/\/mesanyapi.com\/en\/portfolio\/form\/\">Formo<\/a><\/h3>\n\t\t\t\t\t\t\t\t\t\t\t\t<div class=\"rtin-cat\">\n\t\t\t\t\t\t\t\t\t\t\t\t\t\t\t\t<a href=\"https:\/\/mesanyapi.com\/en\/zugan_portfolio_category\/aluminum-systems\/\">Al\u00fcminyum Sistemleri<\/a>\n\t\t\t\t\t\t\t\t\t\t\t\t\t<\/div>\n\t\t\t\t\t\t\t\t\t\t\t\t<p>Formo\u00a0Al\u00fcminyum A\u00e7\u0131l\u0131r Kap\u0131 Pencere Sistemi, \u00e7e\u015fitli profil se\u00e7enekleri ile t\u00fcm<\/p>\n\t\t\t\t\t\t<\/div>\n\t\t\t\t\t<\/div>\n\t\t\t\t<\/div>\n\t\t\t\t\t\t<div class=\"rtin-item\">\n\t\t\t\t\t\t\t\t\t\t\t<img decoding=\"async\" src=\"https:\/\/mesanyapi.com\/wp-content\/uploads\/2019\/01\/arma-630x517.webp\" alt=\"Arma\" \/>\n\t\t\t\t\t\t\t\t\t\t\t<div class=\"overlay overlay-1\"><\/div>\n\t\t\t\t\t<div class=\"overlay overlay-2\"><\/div>\n\t\t\t\t\t<div class=\"rtin-content\">\n\t\t\t\t\t\t<div class=\"content-center\">\n\t\t\t\t\t\t<h3 style=\" font-size: 24px;\"><a href=\"https:\/\/mesanyapi.com\/en\/portfolio\/rigging\/\">Arma<\/a><\/h3>\n\t\t\t\t\t\t\t\t\t\t\t\t<div class=\"rtin-cat\">\n\t\t\t\t\t\t\t\t\t\t\t\t\t\t\t\t<a href=\"https:\/\/mesanyapi.com\/en\/zugan_portfolio_category\/aluminum-systems\/\">Al\u00fcminyum Sistemleri<\/a>\n\t\t\t\t\t\t\t\t\t\t\t\t\t<\/div>\n\t\t\t\t\t\t\t\t\t\t\t\t<p>Arma Al\u00fcminyum S\u00fcrme Sistemleri, standart a\u00e7\u0131kl\u0131klar i\u00e7in tasarlanm\u0131\u015f bir s\u00fcrme<\/p>\n\t\t\t\t\t\t<\/div>\n\t\t\t\t\t<\/div>\n\t\t\t\t<\/div>\n\t\t\t\t\t\t<div class=\"rtin-item\">\n\t\t\t\t\t\t\t\t\t\t\t<img decoding=\"async\" src=\"https:\/\/mesanyapi.com\/wp-content\/uploads\/2019\/01\/serenad-630x517.webp\" alt=\"Serenad\" \/>\n\t\t\t\t\t\t\t\t\t\t\t<div class=\"overlay overlay-1\"><\/div>\n\t\t\t\t\t<div class=\"overlay overlay-2\"><\/div>\n\t\t\t\t\t<div class=\"rtin-content\">\n\t\t\t\t\t\t<div class=\"content-center\">\n\t\t\t\t\t\t<h3 style=\" font-size: 24px;\"><a href=\"https:\/\/mesanyapi.com\/en\/portfolio\/serenade\/\">Serenad<\/a><\/h3>\n\t\t\t\t\t\t\t\t\t\t\t\t<div class=\"rtin-cat\">\n\t\t\t\t\t\t\t\t\t\t\t\t\t\t\t\t<a href=\"https:\/\/mesanyapi.com\/en\/zugan_portfolio_category\/aluminum-systems\/\">Al\u00fcminyum Sistemleri<\/a>\n\t\t\t\t\t\t\t\t\t\t\t\t\t<\/div>\n\t\t\t\t\t\t\t\t\t\t\t\t<p>SERENAD\u00a0Al\u00fcminyum S\u00fcrme Sistemi, geni\u015f aral\u0131klar i\u00e7in tasarlanm\u0131\u015f bir s\u00fcrme sistemidir.<\/p>\n\t\t\t\t\t\t<\/div>\n\t\t\t\t\t<\/div>\n\t\t\t\t<\/div>\n\t\t\t\t\t\t<div class=\"rtin-item\">\n\t\t\t\t\t\t\t\t\t\t\t<img decoding=\"async\" src=\"https:\/\/mesanyapi.com\/wp-content\/uploads\/2019\/01\/ingentis-630x517.webp\" alt=\"Ingentis\" \/>\n\t\t\t\t\t\t\t\t\t\t\t<div class=\"overlay overlay-1\"><\/div>\n\t\t\t\t\t<div class=\"overlay overlay-2\"><\/div>\n\t\t\t\t\t<div class=\"rtin-content\">\n\t\t\t\t\t\t<div class=\"content-center\">\n\t\t\t\t\t\t<h3 style=\" font-size: 24px;\"><a href=\"https:\/\/mesanyapi.com\/en\/portfolio\/ingentis\/\">Ingentis<\/a><\/h3>\n\t\t\t\t\t\t\t\t\t\t\t\t<div class=\"rtin-cat\">\n\t\t\t\t\t\t\t\t\t\t\t\t\t\t\t\t<a href=\"https:\/\/mesanyapi.com\/en\/zugan_portfolio_category\/aluminum-systems\/\">Al\u00fcminyum Sistemleri<\/a>\n\t\t\t\t\t\t\t\t\t\t\t\t\t<\/div>\n\t\t\t\t\t\t\t\t\t\t\t\t<p>Ingentis\u00a0Al\u00fcminyum S\u00fcrme Sistemi, geni\u015f a\u00e7\u0131kl\u0131klar i\u00e7in tasarlanm\u0131\u015f bir Kald\u0131r &amp;<\/p>\n\t\t\t\t\t\t<\/div>\n\t\t\t\t\t<\/div>\n\t\t\t\t<\/div>\n\t\t\t<\/div>\n<\/div>\t\t\t\t<\/div>\n\t\t\t\t<\/div>\n\t\t\t\t\t<\/div>\n\t\t<\/div>\n\t\t\t\t\t<\/div>\n\t\t<\/section>\n\t\t\t\t<\/div>\n\t\t","protected":false},"excerpt":{"rendered":"<p>Digital Watch Digital Marketing These usually are sophisticated analytical tools that allow you to Vamtam Book Artwork , Digital Agency These usually are sophisticated analytical tools that allow you to Shaker Mockup Artwork These usually are sophisticated analytical tools that allow you to Wairless Speaker Artwork , Branding These usually are sophisticated analytical tools that [&hellip;]<\/p>\n","protected":false},"author":1,"featured_media":0,"parent":0,"menu_order":0,"comment_status":"closed","ping_status":"closed","template":"elementor_header_footer","meta":{"footnotes":""},"class_list":["post-1237","page","type-page","status-publish","hentry"],"_links":{"self":[{"href":"https:\/\/mesanyapi.com\/en\/wp-json\/wp\/v2\/pages\/1237","targetHints":{"allow":["GET"]}}],"collection":[{"href":"https:\/\/mesanyapi.com\/en\/wp-json\/wp\/v2\/pages"}],"about":[{"href":"https:\/\/mesanyapi.com\/en\/wp-json\/wp\/v2\/types\/page"}],"author":[{"embeddable":true,"href":"https:\/\/mesanyapi.com\/en\/wp-json\/wp\/v2\/users\/1"}],"replies":[{"embeddable":true,"href":"https:\/\/mesanyapi.com\/en\/wp-json\/wp\/v2\/comments?post=1237"}],"version-history":[{"count":0,"href":"https:\/\/mesanyapi.com\/en\/wp-json\/wp\/v2\/pages\/1237\/revisions"}],"wp:attachment":[{"href":"https:\/\/mesanyapi.com\/en\/wp-json\/wp\/v2\/media?parent=1237"}],"curies":[{"name":"wp","href":"https:\/\/api.w.org\/{rel}","templated":true}]}}