{"id":2367,"date":"2025-07-22T09:00:05","date_gmt":"2025-07-22T09:00:05","guid":{"rendered":"https:\/\/mesanyapi.com\/?page_id=2367"},"modified":"2025-07-22T10:01:26","modified_gmt":"2025-07-22T10:01:26","slug":"catalogs","status":"publish","type":"page","link":"https:\/\/mesanyapi.com\/en\/catalogs\/","title":{"rendered":"Catalogs"},"content":{"rendered":"<div data-elementor-type=\"wp-page\" data-elementor-id=\"2367\" class=\"elementor elementor-2367\" data-elementor-post-type=\"page\">\n\t\t\t\t\t\t<section class=\"elementor-section elementor-top-section elementor-element elementor-element-bbd44b6 elementor-section-boxed elementor-section-height-default elementor-section-height-default\" data-id=\"bbd44b6\" data-element_type=\"section\" data-e-type=\"section\">\n\t\t\t\t\t\t<div class=\"elementor-container elementor-column-gap-default\">\n\t\t\t\t\t<div class=\"elementor-column elementor-col-100 elementor-top-column elementor-element elementor-element-0ab0b31\" data-id=\"0ab0b31\" data-element_type=\"column\" data-e-type=\"column\">\n\t\t\t<div class=\"elementor-widget-wrap elementor-element-populated\">\n\t\t\t\t\t\t<div class=\"elementor-element elementor-element-b256472 elementor-widget elementor-widget-html\" data-id=\"b256472\" data-element_type=\"widget\" data-e-type=\"widget\" data-widget_type=\"html.default\">\n\t\t\t\t<div class=\"elementor-widget-container\">\n\t\t\t\t\t\r\n\r\n<!DOCTYPE html>\r\n<html lang=\"tr\">\r\n<head>\r\n  <meta charset=\"UTF-8\" \/>\r\n  <meta name=\"viewport\" content=\"width=device-width, initial-scale=1.0\"\/>\r\n  <title>Catalogs<\/title>\r\n  <link href=\"https:\/\/fonts.googleapis.com\/css2?family=Montserrat:wght@400;600&display=swap\" rel=\"stylesheet\">\r\n  <style>\r\n    body {\r\n      font-family: 'Montserrat', sans-serif;\r\n\r\n      background: #f5f5f5;\r\n    }\r\n\r\n    .tabs {\r\n      display: flex;\r\n      gap: 20px;\r\n      margin-bottom: 30px;\r\n      flex-wrap: wrap;\r\n    }\r\n\r\n    .tab {\r\n      padding: 10px 20px;\r\n      background: #ddd;\r\n      border-radius: 6px;\r\n      cursor: pointer;\r\n      font-weight: bold;\r\n    }\r\n\r\n    .tab.active {\r\n      background: #2a3f8d;\r\n      color: white;\r\n    }\r\n\r\n    .catalogs {\r\n      display: none;\r\n      grid-template-columns: repeat(auto-fit, minmax(250px, 1fr));\r\n      gap: 20px;\r\n    }\r\n\r\n    .catalogs.active {\r\n      display: grid;\r\n    }\r\n\r\n    .catalog {\r\n      background: white;\r\n      padding: 20px;\r\n      border-radius: 8px;\r\n      box-shadow: 0 4px 8px rgba(0,0,0,0.1);\r\n      text-align: center;\r\n    }\r\n\r\n    .catalog h4 {\r\n      margin: 10px 0;\r\n      font-size: 18px;\r\n    }\r\n\r\n    .btn {\r\n      display: inline-block;\r\n      margin: 5px;\r\n      padding: 8px 14px;\r\n      border: none;\r\n      border-radius: 4px;\r\n      font-size: 14px;\r\n      font-weight: bold;\r\n      text-decoration: none;\r\n      cursor: pointer;\r\n    }\r\n\r\n    .btn.download {\r\n      background: #2a3f8d;\r\n      color: white;\r\n    }\r\n\r\n    .btn.preview {\r\n      background: #ccc;\r\n      color: black;\r\n    }\r\n\r\n    #toast {\r\n      position: fixed;\r\n      bottom: 20px;\r\n      right: 20px;\r\n      background: #2a3f8d;\r\n      color: white;\r\n      padding: 10px 20px;\r\n      border-radius: 5px;\r\n      display: none;\r\n    }\r\n\r\n    @media (max-width: 600px) {\r\n      .tab {\r\n        font-size: 14px;\r\n        padding: 8px 12px;\r\n      }\r\n    }\r\n  <\/style>\r\n<\/head>\r\n<body>\r\n\r\n  <div class=\"tabs\">\r\n    <div class=\"tab active\" data-target=\"linea\">Linea Rossa<\/div>\r\n    <div class=\"tab\" data-target=\"iq\">IQ Aluminum<\/div>\r\n    <div class=\"tab\" data-target=\"bts\">BTS Aluminum<\/div>\r\n    <div class=\"tab\" data-target=\"saray\">Palace Aluminum<\/div>\r\n  <\/div>\r\n\r\n  <div id=\"linea\" class=\"catalogs active\">\r\n    <div class=\"catalog\">\r\n      <h4>LR5100<\/h4>\r\n      <a href=\"https:\/\/mesanyapi.com\/wp-content\/uploads\/2025\/07\/LR-5100-OPENING-SYSTEM.pdf\" class=\"btn preview\" target=\"_blank\">Preview<\/a>\r\n      <a href=\"https:\/\/mesanyapi.com\/wp-content\/uploads\/2025\/07\/LR-5100-OPENING-SYSTEM.pdf\" class=\"btn download\" target=\"_blank\" onclick=\"showToast('LR5100')\">Download<\/a>\r\n    <\/div>\r\n    <div class=\"catalog\">\r\n      <h4>LR3500<\/h4>\r\n      <a href=\"#\" class=\"btn preview\" target=\"_blank\">Preview<\/a>\r\n      <a href=\"#\" class=\"btn download\" target=\"_blank\" onclick=\"showToast('LR3500')\">Download<\/a>\r\n    <\/div>\r\n    <div class=\"catalog\">\r\n      <h4>LR3100<\/h4>\r\n      <a href=\"https:\/\/mesanyapi.com\/wp-content\/uploads\/2025\/07\/LR-3100_Yalitimli_Surme_Sistem_20231_compressed-1.pdf\" class=\"btn preview\" target=\"_blank\">Preview<\/a>\r\n      <a href=\"https:\/\/mesanyapi.com\/wp-content\/uploads\/2025\/07\/LR-3100_Yalitimli_Surme_Sistem_20231_compressed-1.pdf\" class=\"btn download\" target=\"_blank\" onclick=\"showToast('LR3100')\">Download<\/a>\r\n    <\/div>\r\n  <\/div>\r\n\r\n  <div id=\"iq\" class=\"catalogs\">\r\n    <div class=\"catalog\">\r\n      <h4>FORMO<\/h4>\r\n      <a href=\"https:\/\/www.iqaluminyum.com\/media\/vgxcnpsy\/formo-pdf.pdf\" class=\"btn preview\" target=\"_blank\" rel=\"noopener\">Preview<\/a>\r\n      <a href=\"https:\/\/www.iqaluminyum.com\/media\/vgxcnpsy\/formo-pdf.pdf\" class=\"btn download\" target=\"_blank\" onclick=\"showToast(&#039;FORMO&#039;)\" rel=\"noopener\">Download<\/a>\r\n    <\/div>\r\n    <div class=\"catalog\">\r\n      <h4>RIGGING<\/h4>\r\n      <a href=\"https:\/\/www.iqaluminyum.com\/media\/ljjn0f2s\/arma-pdf.pdf\" class=\"btn preview\" target=\"_blank\" rel=\"noopener\">Preview<\/a>\r\n      <a href=\"https:\/\/www.iqaluminyum.com\/media\/ljjn0f2s\/arma-pdf.pdf\" class=\"btn download\" target=\"_blank\" onclick=\"showToast(&#039;ARMA&#039;)\" rel=\"noopener\">Download<\/a>\r\n    <\/div>\r\n    <div class=\"catalog\">\r\n      <h4>SERENADE<\/h4>\r\n      <a href=\"https:\/\/www.iqaluminyum.com\/media\/lsxd2ov2\/serenad-pdf.pdf\" class=\"btn preview\" target=\"_blank\" rel=\"noopener\">Preview<\/a>\r\n      <a href=\"https:\/\/www.iqaluminyum.com\/media\/lsxd2ov2\/serenad-pdf.pdf\" class=\"btn download\" target=\"_blank\" onclick=\"showToast(&#039;SERENAD&#039;)\" rel=\"noopener\">Download<\/a>\r\n    <\/div>\r\n    <div class=\"catalog\">\r\n      <h4>INGENTIS<\/h4>\r\n      <a href=\"https:\/\/www.iqaluminyum.com\/media\/nmkgevxl\/ingentis-pdf.pdf\" class=\"btn preview\" target=\"_blank\" rel=\"noopener\">Preview<\/a>\r\n      <a href=\"https:\/\/www.iqaluminyum.com\/media\/nmkgevxl\/ingentis-pdf.pdf\" class=\"btn download\" target=\"_blank\" onclick=\"showToast(&#039;INGENT\u0130S&#039;)\" rel=\"noopener\">Download<\/a>\r\n    <\/div>\r\n  <\/div>\r\n\r\n  <div id=\"bts\" class=\"catalogs\">\r\n    <div class=\"catalog\">\r\n      <h4>GL100 Insulated<\/h4>\r\n      <a href=\"https:\/\/www.btsaluminium.com\/wp-content\/uploads\/2025\/01\/BTS-Wiessal-Giyotin-Catalogue.pdf\" class=\"btn preview\" target=\"_blank\" rel=\"noopener\">Preview<\/a>\r\n      <a href=\"https:\/\/www.btsaluminium.com\/wp-content\/uploads\/2025\/01\/BTS-Wiessal-Giyotin-Catalogue.pdf\" class=\"btn download\" target=\"_blank\" onclick=\"showToast(&#039;GL100 Yal\u0131t\u0131ml\u0131&#039;)\" rel=\"noopener\">Download<\/a>\r\n    <\/div>\r\n    <div class=\"catalog\">\r\n      <h4>VR100 Insulated<\/h4>\r\n      <a href=\"https:\/\/www.btsaluminium.com\/wp-content\/uploads\/2025\/01\/BTS-Veranda-VR100-Catalogue.pdf\" class=\"btn preview\" target=\"_blank\" rel=\"noopener\">Preview<\/a>\r\n      <a href=\"https:\/\/www.btsaluminium.com\/wp-content\/uploads\/2025\/01\/BTS-Veranda-VR100-Catalogue.pdf\" class=\"btn download\" target=\"_blank\" onclick=\"showToast(&#039;VR100 Yal\u0131t\u0131ml\u0131&#039;)\" rel=\"noopener\">Download<\/a>\r\n    <\/div>\r\n  <\/div>\r\n\r\n  <div id=\"saray\" class=\"catalogs\">\r\n    <div class=\"catalog\">\r\n      <h4>EW-69<\/h4>\r\n      <a href=\"https:\/\/saray.com\/drive\/ALU%20%7C%20CATALOG%20-%20ALU%20%7C%20KATALOG\/1.%20Door%20-%20Window%20Systems%20%7C%20Kap%C4%B1%20-%20Pencere%20Sistemleri\/EW%2069.pdf\" class=\"btn preview\" target=\"_blank\" rel=\"noopener\">Preview<\/a>\r\n      <a href=\"https:\/\/saray.com\/drive\/ALU%20%7C%20CATALOG%20-%20ALU%20%7C%20KATALOG\/1.%20Door%20-%20Window%20Systems%20%7C%20Kap%C4%B1%20-%20Pencere%20Sistemleri\/EW%2069.pdf\" class=\"btn download\" target=\"_blank\" onclick=\"showToast(&#039;EW-69&#039;)\" rel=\"noopener\">Download<\/a>\r\n    <\/div>\r\n  <\/div>\r\n\r\n  <div id=\"toast\"><\/div>\r\n\r\n  <script>\r\n    const tabs = document.querySelectorAll('.tab');\r\n    const catalogs = document.querySelectorAll('.catalogs');\r\n\r\n    tabs.forEach(tab => {\r\n      tab.addEventListener('click', () => {\r\n        tabs.forEach(t => t.classList.remove('active'));\r\n        catalogs.forEach(c => c.classList.remove('active'));\r\n        tab.classList.add('active');\r\n        document.getElementById(tab.getAttribute('data-target')).classList.add('active');\r\n      });\r\n    });\r\n\r\n    function showToast(name) {\r\n      const toast = document.getElementById(\"toast\");\r\n      toast.innerText = `${name} katalog indiriliyor...`;\r\n      toast.style.display = \"block\";\r\n      setTimeout(() => {\r\n        toast.style.display = \"none\";\r\n      }, 2500);\r\n    }\r\n  <\/script>\r\n\r\n<\/body>\r\n<\/html>\r\n\t\t\t\t<\/div>\n\t\t\t\t<\/div>\n\t\t\t\t\t<\/div>\n\t\t<\/div>\n\t\t\t\t\t<\/div>\n\t\t<\/section>\n\t\t\t\t<\/div>","protected":false},"excerpt":{"rendered":"<p>Kataloglar Linea Rossa IQ Al\u00fcminyum BTS Al\u00fcminyum Saray Al\u00fcminyum LR5100 \u00d6nizle \u0130ndir LR3500 \u00d6nizle \u0130ndir LR3100 \u00d6nizle \u0130ndir FORMO \u00d6nizle \u0130ndir ARMA \u00d6nizle \u0130ndir SERENAD \u00d6nizle \u0130ndir INGENT\u0130S \u00d6nizle \u0130ndir GL100 Yal\u0131t\u0131ml\u0131 \u00d6nizle \u0130ndir VR100 Yal\u0131t\u0131ml\u0131 \u00d6nizle \u0130ndir EW-69 \u00d6nizle \u0130ndir<\/p>","protected":false},"author":1,"featured_media":0,"parent":0,"menu_order":0,"comment_status":"closed","ping_status":"closed","template":"","meta":{"footnotes":""},"class_list":["post-2367","page","type-page","status-publish","hentry"],"_links":{"self":[{"href":"https:\/\/mesanyapi.com\/en\/wp-json\/wp\/v2\/pages\/2367","targetHints":{"allow":["GET"]}}],"collection":[{"href":"https:\/\/mesanyapi.com\/en\/wp-json\/wp\/v2\/pages"}],"about":[{"href":"https:\/\/mesanyapi.com\/en\/wp-json\/wp\/v2\/types\/page"}],"author":[{"embeddable":true,"href":"https:\/\/mesanyapi.com\/en\/wp-json\/wp\/v2\/users\/1"}],"replies":[{"embeddable":true,"href":"https:\/\/mesanyapi.com\/en\/wp-json\/wp\/v2\/comments?post=2367"}],"version-history":[{"count":16,"href":"https:\/\/mesanyapi.com\/en\/wp-json\/wp\/v2\/pages\/2367\/revisions"}],"predecessor-version":[{"id":2396,"href":"https:\/\/mesanyapi.com\/en\/wp-json\/wp\/v2\/pages\/2367\/revisions\/2396"}],"wp:attachment":[{"href":"https:\/\/mesanyapi.com\/en\/wp-json\/wp\/v2\/media?parent=2367"}],"curies":[{"name":"wp","href":"https:\/\/api.w.org\/{rel}","templated":true}]}}