{"id":2456,"date":"2025-07-22T13:37:38","date_gmt":"2025-07-22T13:37:38","guid":{"rendered":"https:\/\/mesanyapi.com\/?page_id=2456"},"modified":"2025-07-22T13:39:56","modified_gmt":"2025-07-22T13:39:56","slug":"linea-rossa-lr3500","status":"publish","type":"page","link":"https:\/\/mesanyapi.com\/en\/linea-rossa-lr3500\/","title":{"rendered":"Linea Rossa \u2013 LR3500"},"content":{"rendered":"<div data-elementor-type=\"wp-page\" data-elementor-id=\"2456\" class=\"elementor elementor-2456\" data-elementor-post-type=\"page\">\n\t\t\t\t\t\t<section class=\"elementor-section elementor-top-section elementor-element elementor-element-059495b elementor-section-boxed elementor-section-height-default elementor-section-height-default\" data-id=\"059495b\" data-element_type=\"section\" data-e-type=\"section\">\n\t\t\t\t\t\t<div class=\"elementor-container elementor-column-gap-default\">\n\t\t\t\t\t<div class=\"elementor-column elementor-col-100 elementor-top-column elementor-element elementor-element-9b2993e\" data-id=\"9b2993e\" data-element_type=\"column\" data-e-type=\"column\">\n\t\t\t<div class=\"elementor-widget-wrap elementor-element-populated\">\n\t\t\t\t\t\t<div class=\"elementor-element elementor-element-f7e3f97 elementor-widget elementor-widget-html\" data-id=\"f7e3f97\" data-element_type=\"widget\" data-e-type=\"widget\" data-widget_type=\"html.default\">\n\t\t\t\t<div class=\"elementor-widget-container\">\n\t\t\t\t\t<!DOCTYPE html>\r\n<html lang=\"tr\">\r\n<head>\r\n  <meta charset=\"UTF-8\" \/><meta name=\"viewport\" content=\"width=device-width, initial-scale=1.0\">\r\n  <title>Linea Rossa LR3500 - Product Details<\/title>\r\n  <link href=\"https:\/\/fonts.googleapis.com\/css2?family=Montserrat&display=swap\" rel=\"stylesheet\">\r\n  <style>\r\n    body { margin:0; padding:0; font-family:'Montserrat', sans-serif; background:#fafafa; color:#111; }\r\n    .container { max-width:1200px; margin:auto; padding:40px 20px; }\r\n    .section-title { font-size:32px; color:#222; margin:40px 0 20px; border-left:6px solid #ff4500; padding-left:14px; }\r\n    .description { font-size:16px; color:#444; margin-bottom:40px; line-height:1.6; }\r\n    .images-row { display:flex; flex-wrap:wrap; gap:20px; margin-bottom:40px; }\r\n    .images-row img { flex:1 1 280px; max-width:300px; height:auto; border-radius:8px; box-shadow:0 4px 12px rgba(0,0,0,0.06); cursor:pointer; transition:transform 0.2s; }\r\n    .images-row img:hover { transform:scale(1.03); }\r\n    .highlight-box { background:#f2f2f2; padding:25px; border-left:6px solid #ff4500; border-radius:6px; margin-bottom:40px; }\r\n    .highlight-box h3 { font-size:20px; margin-bottom:12px; }\r\n    .highlight-box ul { padding-left:20px; margin:0; }\r\n    .highlight-box li { margin-bottom:8px; }\r\n    .technical-table { width:100%; border-collapse:collapse; margin-bottom:40px; }\r\n    .technical-table th, .technical-table td { padding:14px 16px; border:1px solid #ddd; text-align:left; }\r\n    .technical-table th { background-color:#f0f0f0; font-weight:600; color:#111; }\r\n    \/* Lightbox *\/\r\n    .lightbox { display:none; position:fixed; z-index:999; top:0; left:0; width:100%; height:100%; background:rgba(0,0,0,0.8); align-items:center; justify-content:center; }\r\n    .lightbox img { max-width:90%; max-height:90%; border-radius:8px; }\r\n    @media (max-width:768px) {\r\n      .section-title { font-size:24px; }\r\n      .images-row img { max-width:100%; flex:1 1 100%; }\r\n    }\r\n  <\/style>\r\n<\/head>\r\n<body>\r\n  <div class=\"container\">\r\n    <h1 class=\"section-title\">Linea Rossa LR3500<\/h1>\r\n    <div class=\"description\">\r\n      <p>The Linea Rossa LR3500 is a highly insulated sliding system, boasting a stylish design that excels in thermal, sound, and water insulation. Its HBSB mechanism easily supports heavy wings (up to 250 kg). Its stainless steel rail and bearing system ensure trouble-free operation.<\/p>\r\n    <\/div>\r\n\r\n    <h2 class=\"section-title\">Application Images<\/h2>\r\n    <div class=\"images-row\">\r\n      <img decoding=\"async\" src=\"https:\/\/as-el.com.tr\/wp-content\/uploads\/2023\/10\/3500-Mobil.jpg\" alt=\"Application Visual 1\">\r\n      <img decoding=\"async\" src=\"https:\/\/www.storyapi.com\/wp-content\/uploads\/2022\/01\/linea-rossa-lr3500-5.jpg\" alt=\"Application Visual 2\">\r\n    <\/div>\r\n\r\n    <div class=\"highlight-box\">\r\n      <h3>Application Areas<\/h3>\r\n      <ul>\r\n        <li>Houses, residence projects<\/li>\r\n        <li>Commercial and office buildings<\/li>\r\n        <li>Hotel &amp; resort projects<\/li>\r\n        <li>Modern architecture facade applications<\/li>\r\n      <\/ul>\r\n    <\/div>\r\n\r\n    <h2 class=\"section-title\">Technical Information<\/h2>\r\n    <table class=\"technical-table\">\r\n      <tr><th>Wingspan<\/th><td>57 mm<\/td><\/tr>\r\n      <tr><th>Wing Height<\/th><td>92.5 mm<\/td><\/tr>\r\n      <tr><th>Case Height<\/th><td>45 mm<\/td><\/tr>\r\n      <tr><th>Glass Thickness<\/th><td>28 mm<\/td><\/tr>\r\n      <tr><th>Max. Wing Carrying Capacity<\/th><td>250 kg<\/td><\/tr>\r\n      <tr><th>Insulation Bridge<\/th><td>24 mm<\/td><\/tr>\r\n    <\/table>\r\n\r\n    <h2 class=\"section-title\">Sectional Images<\/h2>\r\n    <div class=\"images-row\">\r\n      <img decoding=\"async\" src=\"https:\/\/www.esaaluminyum.com.tr\/aluminyum\/linea-rossa\/LR-3500\/linea-rossa-lr3500-1.webp\" alt=\"Sectional Image\">\r\n    <\/div>\r\n  <\/div>\r\n\r\n  <!-- Lightbox Overlay -->\r\n  <div class=\"lightbox\" id=\"lightbox\">\r\n    <img decoding=\"async\" src=\"\" alt=\"Enlarged Image\">\r\n  <\/div>\r\n\r\n  <script>\r\n    const lightbox = document.getElementById('lightbox');\r\n    const lbImage = lightbox.querySelector('img');\r\n    document.querySelectorAll('.images-row img').forEach(img => {\r\n      img.addEventListener('click', () => {\r\n        lbImage.src = img.src;\r\n        lightbox.style.display = 'flex';\r\n      });\r\n    });\r\n    lightbox.addEventListener('click', () => lightbox.style.display = 'none');\r\n  <\/script>\r\n<\/body>\r\n<\/html>\r\n\t\t\t\t<\/div>\n\t\t\t\t<\/div>\n\t\t\t\t\t<\/div>\n\t\t<\/div>\n\t\t\t\t\t<\/div>\n\t\t<\/section>\n\t\t\t\t<\/div>","protected":false},"excerpt":{"rendered":"<p>Linea Rossa LR3500 &#8211; \u00dcr\u00fcn Detay Linea Rossa LR3500 Linea Rossa LR3500, y\u00fcksek izolasyonlu yal\u0131t\u0131ml\u0131 s\u00fcrme sistemdir; \u015f\u0131k tasar\u0131m\u0131yla \u0131s\u0131, ses ve su yal\u0131t\u0131m\u0131nda \u00f6ne \u00e7\u0131kar. HBSB mekanizmas\u0131 sayesinde a\u011f\u0131r kanatlar\u0131 (250\u202fkg\u2019a kadar) rahatl\u0131kla ta\u015f\u0131r. Paslanmaz \u00e7elik ray ve rulman sistemi ise sorunsuz kullan\u0131m sa\u011flar. Uygulama G\u00f6rselleri Uygulama Alanlar\u0131 Konutlar, rezidans projeleri Ticari ve ofis [&hellip;]<\/p>\n","protected":false},"author":1,"featured_media":0,"parent":0,"menu_order":0,"comment_status":"closed","ping_status":"closed","template":"","meta":{"footnotes":""},"class_list":["post-2456","page","type-page","status-publish","hentry"],"_links":{"self":[{"href":"https:\/\/mesanyapi.com\/en\/wp-json\/wp\/v2\/pages\/2456","targetHints":{"allow":["GET"]}}],"collection":[{"href":"https:\/\/mesanyapi.com\/en\/wp-json\/wp\/v2\/pages"}],"about":[{"href":"https:\/\/mesanyapi.com\/en\/wp-json\/wp\/v2\/types\/page"}],"author":[{"embeddable":true,"href":"https:\/\/mesanyapi.com\/en\/wp-json\/wp\/v2\/users\/1"}],"replies":[{"embeddable":true,"href":"https:\/\/mesanyapi.com\/en\/wp-json\/wp\/v2\/comments?post=2456"}],"version-history":[{"count":4,"href":"https:\/\/mesanyapi.com\/en\/wp-json\/wp\/v2\/pages\/2456\/revisions"}],"predecessor-version":[{"id":2464,"href":"https:\/\/mesanyapi.com\/en\/wp-json\/wp\/v2\/pages\/2456\/revisions\/2464"}],"wp:attachment":[{"href":"https:\/\/mesanyapi.com\/en\/wp-json\/wp\/v2\/media?parent=2456"}],"curies":[{"name":"wp","href":"https:\/\/api.w.org\/{rel}","templated":true}]}}