{"id":2508,"date":"2025-07-23T10:19:20","date_gmt":"2025-07-23T10:19:20","guid":{"rendered":"https:\/\/mesanyapi.com\/?page_id=2508"},"modified":"2025-08-19T08:11:26","modified_gmt":"2025-08-19T08:11:26","slug":"glass-balcony-systems","status":"publish","type":"page","link":"https:\/\/mesanyapi.com\/en\/glass-balcony-systems\/","title":{"rendered":"Glass Balcony Systems"},"content":{"rendered":"<div data-elementor-type=\"wp-page\" data-elementor-id=\"2508\" class=\"elementor elementor-2508\" data-elementor-post-type=\"page\">\n\t\t\t\t\t\t<section class=\"elementor-section elementor-top-section elementor-element elementor-element-5a7647b elementor-section-boxed elementor-section-height-default elementor-section-height-default\" data-id=\"5a7647b\" data-element_type=\"section\" data-e-type=\"section\">\n\t\t\t\t\t\t<div class=\"elementor-container elementor-column-gap-default\">\n\t\t\t\t\t<div class=\"elementor-column elementor-col-100 elementor-top-column elementor-element elementor-element-76f2a79\" data-id=\"76f2a79\" data-element_type=\"column\" data-e-type=\"column\">\n\t\t\t<div class=\"elementor-widget-wrap elementor-element-populated\">\n\t\t\t\t\t\t<div class=\"elementor-element elementor-element-0a14208 elementor-widget elementor-widget-html\" data-id=\"0a14208\" data-element_type=\"widget\" data-e-type=\"widget\" data-widget_type=\"html.default\">\n\t\t\t\t<div class=\"elementor-widget-container\">\n\t\t\t\t\t<section style=\"background-color: #f9fbff; padding: 60px 20px; font-family: 'Montserrat', sans-serif;\">\r\n  <div style=\"max-width: 1200px; margin: auto;\">\r\n    <h2 style=\"text-align: center; color: #002a5e; font-size: 36px; margin-bottom: 40px; position: relative;\">\r\n      Glass Balcony Systems\r\n    <\/h2>\r\n\r\n    <div style=\"display: grid; grid-template-columns: repeat(auto-fit, minmax(280px, 1fr)); gap: 24px;\">\r\n      \r\n      <!-- Performus -->\r\n      <div style=\"background: white; border-radius: 10px; overflow: hidden; box-shadow: 0 8px 24px rgba(0,0,0,0.08); transition: transform 0.3s ease;\">\r\n        <img decoding=\"async\" src=\"https:\/\/www.camoda.com.tr\/files\/performustasarimjpg_01-10-2020_21-01-01.jpg\" alt=\"Performance\" style=\"width: 100%; height: 180px; object-fit: cover;\">\r\n        <div style=\"padding: 20px; text-align: center;\">\r\n          <h3 style=\"color: #002a5e; font-size: 20px; margin-bottom: 10px;\">Performance<\/h3>\r\n          <p style=\"color: #555; font-size: 14px;\">Highly insulated, wind resistant, sliding glass balcony solution.<\/p>\r\n          <a href=\"https:\/\/mesanyapi.com\/en\/camoda-performance\/\" style=\"display: inline-block; margin-top: 15px; padding: 8px 20px; border-radius: 20px; background-color: #002a5e; color: white; text-decoration: none; transition: background 0.3s;\">See Details<\/a>\r\n        <\/div>\r\n      <\/div>\r\n\r\n      <!-- Vista Slider -->\r\n      <div style=\"background: white; border-radius: 10px; overflow: hidden; box-shadow: 0 8px 24px rgba(0,0,0,0.08); transition: transform 0.3s ease;\">\r\n        <img decoding=\"async\" src=\"https:\/\/www.dorte.com.tr\/wp-content\/uploads\/2021\/10\/Vista-Slider-03.jpeg\" style=\"width: 100%; height: 180px; object-fit: cover;\">\r\n        <div style=\"padding: 20px; text-align: center;\">\r\n          <h3 style=\"color: #002a5e; font-size: 20px; margin-bottom: 10px;\">Vista Slider<\/h3>\r\n          <p style=\"color: #555; font-size: 14px;\">A sliding system with modern lines, aesthetics and silent operation.<\/p>\r\n          <a href=\"https:\/\/mesanyapi.com\/en\/camoda-vista-slider\/\" style=\"display: inline-block; margin-top: 15px; padding: 8px 20px; border-radius: 20px; background-color: #002a5e; color: white; text-decoration: none; transition: background 0.3s;\">See Details<\/a>\r\n        <\/div>\r\n      <\/div>\r\n\r\n      <!-- Unico -->\r\n      <div style=\"background: white; border-radius: 10px; overflow: hidden; box-shadow: 0 8px 24px rgba(0,0,0,0.08); transition: transform 0.3s ease;\">\r\n        <img decoding=\"async\" src=\"https:\/\/www.camoda.com.tr\/files\/alvista-unico-sarme-cambalkon-29jpg_01-10-2020_21-35-35.jpg\" alt=\"Unico\" style=\"width: 100%; height: 180px; object-fit: cover;\">\r\n        <div style=\"padding: 20px; text-align: center;\">\r\n          <h3 style=\"color: #002a5e; font-size: 20px; margin-bottom: 10px;\">Vista Unico<\/h3>\r\n          <p style=\"color: #555; font-size: 14px;\">High level of security and functionality in folding glass system.<\/p>\r\n          <a href=\"https:\/\/mesanyapi.com\/en\/camoda-vista-unico\/\" style=\"display: inline-block; margin-top: 15px; padding: 8px 20px; border-radius: 20px; background-color: #002a5e; color: white; text-decoration: none; transition: background 0.3s;\">See Details<\/a>\r\n        <\/div>\r\n      <\/div>\r\n\r\n    <\/div>\r\n  <\/div>\r\n<\/section>\r\n\t\t\t\t<\/div>\n\t\t\t\t<\/div>\n\t\t\t\t\t<\/div>\n\t\t<\/div>\n\t\t\t\t\t<\/div>\n\t\t<\/section>\n\t\t\t\t<\/div>","protected":false},"excerpt":{"rendered":"<p>Cam Balkon Sistemleri Performus Y\u00fcksek yal\u0131t\u0131ml\u0131, r\u00fczgar dayan\u0131ml\u0131, s\u00fcrg\u00fcl\u00fc cam balkon \u00e7\u00f6z\u00fcm\u00fc. Detaylar\u0131 G\u00f6r Vista Slider Modern hatlara sahip, estetik ve sessiz \u00e7al\u0131\u015fan s\u00fcrg\u00fcl\u00fc sistem. Detaylar\u0131 G\u00f6r Vista Unico Katlan\u0131r cam sisteminde \u00fcst d\u00fczey g\u00fcvenlik ve fonksiyonellik. Detaylar\u0131 G\u00f6r<\/p>","protected":false},"author":1,"featured_media":0,"parent":0,"menu_order":0,"comment_status":"closed","ping_status":"closed","template":"","meta":{"footnotes":""},"class_list":["post-2508","page","type-page","status-publish","hentry"],"_links":{"self":[{"href":"https:\/\/mesanyapi.com\/en\/wp-json\/wp\/v2\/pages\/2508","targetHints":{"allow":["GET"]}}],"collection":[{"href":"https:\/\/mesanyapi.com\/en\/wp-json\/wp\/v2\/pages"}],"about":[{"href":"https:\/\/mesanyapi.com\/en\/wp-json\/wp\/v2\/types\/page"}],"author":[{"embeddable":true,"href":"https:\/\/mesanyapi.com\/en\/wp-json\/wp\/v2\/users\/1"}],"replies":[{"embeddable":true,"href":"https:\/\/mesanyapi.com\/en\/wp-json\/wp\/v2\/comments?post=2508"}],"version-history":[{"count":19,"href":"https:\/\/mesanyapi.com\/en\/wp-json\/wp\/v2\/pages\/2508\/revisions"}],"predecessor-version":[{"id":2631,"href":"https:\/\/mesanyapi.com\/en\/wp-json\/wp\/v2\/pages\/2508\/revisions\/2631"}],"wp:attachment":[{"href":"https:\/\/mesanyapi.com\/en\/wp-json\/wp\/v2\/media?parent=2508"}],"curies":[{"name":"wp","href":"https:\/\/api.w.org\/{rel}","templated":true}]}}