{"id":2632,"date":"2025-08-19T08:18:25","date_gmt":"2025-08-19T08:18:25","guid":{"rendered":"https:\/\/mesanyapi.com\/?page_id=2632"},"modified":"2026-01-21T09:12:06","modified_gmt":"2026-01-21T09:12:06","slug":"winter-garden-systems","status":"publish","type":"page","link":"https:\/\/mesanyapi.com\/en\/winter-garden-systems\/","title":{"rendered":"Winter Garden Systems"},"content":{"rendered":"\t\t<div data-elementor-type=\"wp-page\" data-elementor-id=\"2632\" class=\"elementor elementor-2632\" data-elementor-post-type=\"page\">\n\t\t\t\t\t\t<section class=\"elementor-section elementor-top-section elementor-element elementor-element-c2a1c26 elementor-section-boxed elementor-section-height-default elementor-section-height-default\" data-id=\"c2a1c26\" data-element_type=\"section\" data-e-type=\"section\">\n\t\t\t\t\t\t<div class=\"elementor-container elementor-column-gap-default\">\n\t\t\t\t\t<div class=\"elementor-column elementor-col-100 elementor-top-column elementor-element elementor-element-b444603\" data-id=\"b444603\" data-element_type=\"column\" data-e-type=\"column\">\n\t\t\t<div class=\"elementor-widget-wrap elementor-element-populated\">\n\t\t\t\t\t\t<div class=\"elementor-element elementor-element-6d26313 elementor-widget elementor-widget-html\" data-id=\"6d26313\" data-element_type=\"widget\" data-e-type=\"widget\" data-widget_type=\"html.default\">\n\t\t\t\t<div class=\"elementor-widget-container\">\n\t\t\t\t\t<style>\r\n  a[href*=\"mesanyapi.com\"]:hover{ background-color:#00408f !important; }\r\n  [style*=\"box-shadow: 0 8px 24px\"]{ will-change: transform; }\r\n  [style*=\"transition: transform 0.3s\"]:hover{ transform: translateY(-4px); }\r\n<\/style>\r\n\r\n<section style=\"background-color: #f9fbff; padding: 60px 20px; font-family: 'Montserrat', sans-serif;\">\r\n  <div style=\"max-width: 1200px; margin: auto;\">\r\n    <h2 style=\"text-align: center; color: #002a5e; font-size: 36px; margin-bottom: 40px; position: relative;\">\r\n      K\u0131\u015f Bah\u00e7e Sistemleri\r\n    <\/h2>\r\n\r\n    <div style=\"display: grid; grid-template-columns: repeat(auto-fit, minmax(280px, 1fr)); gap: 24px;\">\r\n\r\n      <!-- VL100 Veranda Sistemi -->\r\n      <div style=\"background: white; border-radius: 10px; overflow: hidden; box-shadow: 0 8px 24px rgba(0,0,0,0.08); transition: transform 0.3s ease;\">\r\n        <img decoding=\"async\" src=\"https:\/\/images.unsplash.com\/photo-1505693416388-ac5ce068fe85?q=80&w=1200&auto=format&fit=crop\" alt=\"VL100 Veranda Sistemi\" style=\"width: 100%; height: 180px; object-fit: cover;\">\r\n        <div style=\"padding: 20px; text-align: center;\">\r\n          <h3 style=\"color: #002a5e; font-size: 20px; margin-bottom: 10px;\">VL100 Veranda Sistemi<\/h3>\r\n          <p style=\"color: #555; font-size: 14px;\">D\u00f6rt mevsim kullan\u0131m, y\u00fcksek ta\u015f\u0131y\u0131c\u0131 dayan\u0131m\u0131 ve \u015f\u0131k \u00e7izgilerle veranda \u00e7\u00f6z\u00fcm\u00fc.<\/p>\r\n          <a href=\"https:\/\/mesanyapi.com\/veranda-sunum\" style=\"display: inline-block; margin-top: 15px; padding: 8px 20px; border-radius: 20px; background-color: #002a5e; color: white; text-decoration: none; transition: background 0.3s;\">Detaylar\u0131 G\u00f6r<\/a>\r\n        <\/div>\r\n      <\/div>\r\n\r\n      <!-- GL100 Giyotin (Yal\u0131t\u0131ml\u0131) -->\r\n      <div style=\"background: white; border-radius: 10px; overflow: hidden; box-shadow: 0 8px 24px rgba(0,0,0,0.08); transition: transform 0.3s ease;\">\r\n        <img decoding=\"async\" src=\"https:\/\/images.unsplash.com\/photo-1560185008-b033106af2cb?q=80&w=1200&auto=format&fit=crop\" alt=\"GL100 Giyotin - Yal\u0131t\u0131ml\u0131\" style=\"width: 100%; height: 180px; object-fit: cover;\">\r\n        <div style=\"padding: 20px; text-align: center;\">\r\n          <h3 style=\"color: #002a5e; font-size: 20px; margin-bottom: 10px;\">GL100 Giyotin (Yal\u0131t\u0131ml\u0131)<\/h3>\r\n          <p style=\"color: #555; font-size: 14px;\">Is\u0131 yal\u0131t\u0131ml\u0131 profillerle k\u0131\u015f bah\u00e7esinde konfor ve y\u00fcksek s\u0131zd\u0131rmazl\u0131k.<\/p>\r\n          <a href=\"https:\/\/mesanyapi.com\/gl100-giyotin-yalitimli\" style=\"display: inline-block; margin-top: 15px; padding: 8px 20px; border-radius: 20px; background-color: #002a5e; color: white; text-decoration: none; transition: background 0.3s;\">Detaylar\u0131 G\u00f6r<\/a>\r\n        <\/div>\r\n      <\/div>\r\n\r\n      <!-- GL100 Giyotin (Yal\u0131t\u0131ms\u0131z) -->\r\n      <div style=\"background: white; border-radius: 10px; overflow: hidden; box-shadow: 0 8px 24px rgba(0,0,0,0.08); transition: transform 0.3s ease;\">\r\n        <img decoding=\"async\" src=\"https:\/\/images.unsplash.com\/photo-1524758631624-e2822e304c36?q=80&w=1200&auto=format&fit=crop\" alt=\"GL100 Giyotin - Yal\u0131t\u0131ms\u0131z\" style=\"width: 100%; height: 180px; object-fit: cover;\">\r\n        <div style=\"padding: 20px; text-align: center;\">\r\n          <h3 style=\"color: #002a5e; font-size: 20px; margin-bottom: 10px;\">GL100 Giyotin (Yal\u0131t\u0131ms\u0131z)<\/h3>\r\n          <p style=\"color: #555; font-size: 14px;\">Ekonomik, pratik ve estetik giyotin \u00e7\u00f6z\u00fcm\u00fcyle a\u00e7\u0131k-kapal\u0131 alan esnekli\u011fi.<\/p>\r\n          <a href=\"https:\/\/mesanyapi.com\/gl100-giyotin-yalitimsiz\" style=\"display: inline-block; margin-top: 15px; padding: 8px 20px; border-radius: 20px; background-color: #002a5e; color: white; text-decoration: none; transition: background 0.3s;\">Detaylar\u0131 G\u00f6r<\/a>\r\n        <\/div>\r\n      <\/div>\r\n\r\n    <\/div>\r\n  <\/div>\r\n<\/section>\r\n\t\t\t\t<\/div>\n\t\t\t\t<\/div>\n\t\t\t\t\t<\/div>\n\t\t<\/div>\n\t\t\t\t\t<\/div>\n\t\t<\/section>\n\t\t\t\t<\/div>\n\t\t","protected":false},"excerpt":{"rendered":"<p>K\u0131\u015f Bah\u00e7e Sistemleri VL100 Veranda Sistemi D\u00f6rt mevsim kullan\u0131m, y\u00fcksek ta\u015f\u0131y\u0131c\u0131 dayan\u0131m\u0131 ve \u015f\u0131k \u00e7izgilerle veranda \u00e7\u00f6z\u00fcm\u00fc. Detaylar\u0131 G\u00f6r GL100 Giyotin (Yal\u0131t\u0131ml\u0131) Is\u0131 yal\u0131t\u0131ml\u0131 profillerle k\u0131\u015f bah\u00e7esinde konfor ve y\u00fcksek s\u0131zd\u0131rmazl\u0131k. Detaylar\u0131 G\u00f6r GL100 Giyotin (Yal\u0131t\u0131ms\u0131z) Ekonomik, pratik ve estetik giyotin \u00e7\u00f6z\u00fcm\u00fcyle a\u00e7\u0131k-kapal\u0131 alan esnekli\u011fi. Detaylar\u0131 G\u00f6r<\/p>","protected":false},"author":1,"featured_media":0,"parent":0,"menu_order":0,"comment_status":"closed","ping_status":"closed","template":"","meta":{"footnotes":""},"class_list":["post-2632","page","type-page","status-publish","hentry"],"_links":{"self":[{"href":"https:\/\/mesanyapi.com\/en\/wp-json\/wp\/v2\/pages\/2632","targetHints":{"allow":["GET"]}}],"collection":[{"href":"https:\/\/mesanyapi.com\/en\/wp-json\/wp\/v2\/pages"}],"about":[{"href":"https:\/\/mesanyapi.com\/en\/wp-json\/wp\/v2\/types\/page"}],"author":[{"embeddable":true,"href":"https:\/\/mesanyapi.com\/en\/wp-json\/wp\/v2\/users\/1"}],"replies":[{"embeddable":true,"href":"https:\/\/mesanyapi.com\/en\/wp-json\/wp\/v2\/comments?post=2632"}],"version-history":[{"count":13,"href":"https:\/\/mesanyapi.com\/en\/wp-json\/wp\/v2\/pages\/2632\/revisions"}],"predecessor-version":[{"id":2715,"href":"https:\/\/mesanyapi.com\/en\/wp-json\/wp\/v2\/pages\/2632\/revisions\/2715"}],"wp:attachment":[{"href":"https:\/\/mesanyapi.com\/en\/wp-json\/wp\/v2\/media?parent=2632"}],"curies":[{"name":"wp","href":"https:\/\/api.w.org\/{rel}","templated":true}]}}