{"id":1612,"date":"2025-04-30T09:16:23","date_gmt":"2025-04-30T09:16:23","guid":{"rendered":"https:\/\/mesanyapi.com\/?page_id=1612"},"modified":"2025-04-30T09:17:29","modified_gmt":"2025-04-30T09:17:29","slug":"%d0%be%d0%b4%d1%80%d0%b8%d1%86%d0%b0%d1%9a%d0%b5-%d0%be%d0%b4%d0%b3%d0%be%d0%b2%d0%be%d1%80%d0%bd%d0%be%d1%81%d1%82%d0%b8","status":"publish","type":"page","link":"https:\/\/mesanyapi.com\/sr\/%d0%be%d0%b4%d1%80%d0%b8%d1%86%d0%b0%d1%9a%d0%b5-%d0%be%d0%b4%d0%b3%d0%be%d0%b2%d0%be%d1%80%d0%bd%d0%be%d1%81%d1%82%d0%b8\/","title":{"rendered":"\u041e\u0434\u0440\u0438\u0446\u0430\u045a\u0435 \u043e\u0434\u0433\u043e\u0432\u043e\u0440\u043d\u043e\u0441\u0442\u0438"},"content":{"rendered":"<div data-elementor-type=\"wp-page\" data-elementor-id=\"1612\" class=\"elementor elementor-1612\" data-elementor-post-type=\"page\">\n\t\t\t\t\t\t<section class=\"elementor-section elementor-top-section elementor-element elementor-element-2be9fbe elementor-section-boxed elementor-section-height-default elementor-section-height-default\" data-id=\"2be9fbe\" data-element_type=\"section\" data-e-type=\"section\">\n\t\t\t\t\t\t<div class=\"elementor-container elementor-column-gap-default\">\n\t\t\t\t\t<div class=\"elementor-column elementor-col-100 elementor-top-column elementor-element elementor-element-f0ce2f2\" data-id=\"f0ce2f2\" data-element_type=\"column\" data-e-type=\"column\">\n\t\t\t<div class=\"elementor-widget-wrap elementor-element-populated\">\n\t\t\t\t\t\t<div class=\"elementor-element elementor-element-0792790 elementor-widget elementor-widget-text-editor\" data-id=\"0792790\" data-element_type=\"widget\" data-e-type=\"widget\" data-widget_type=\"text-editor.default\">\n\t\t\t\t<div class=\"elementor-widget-container\">\n\t\t\t\t\t\t\t\t\t<p class=\"\" data-start=\"255\" data-end=\"502\"><strong data-start=\"255\" data-end=\"269\">\u041c\u0435\u0441\u0430\u043d \u0433\u0440\u0430\u0452\u0435\u0432\u0438\u043d\u0441\u043a\u0430 \u0440\u0430\u0434\u045a\u0430<\/strong> \u0422\u0440\u0443\u0434\u0438\u043c\u043e \u0441\u0435 \u0434\u0430 \u0441\u0430\u0432 \u0441\u0430\u0434\u0440\u0436\u0430\u0458 \u043d\u0430 \u043d\u0430\u0448\u043e\u0458 \u0432\u0435\u0431 \u0441\u0442\u0440\u0430\u043d\u0438\u0446\u0438 \u0431\u0443\u0434\u0435 \u0430\u0436\u0443\u0440\u0438\u0440\u0430\u043d, \u0442\u0430\u0447\u0430\u043d \u0438 \u043f\u043e\u0442\u043f\u0443\u043d. \u041c\u0435\u0452\u0443\u0442\u0438\u043c, \u043e\u0431\u0458\u0430\u0432\u0459\u0435\u043d\u0435 \u0438\u043d\u0444\u043e\u0440\u043c\u0430\u0446\u0438\u0458\u0435 \u0441\u0443 \u0441\u0430\u043c\u043e \u0443 \u043e\u043f\u0448\u0442\u0435 \u0438\u043d\u0444\u043e\u0440\u043c\u0430\u0442\u0438\u0432\u043d\u0435 \u0441\u0432\u0440\u0445\u0435 \u0438 \u043d\u0435 \u043f\u0440\u0435\u0434\u0441\u0442\u0430\u0432\u0459\u0430\u0458\u0443 \u043d\u0438\u043a\u0430\u043a\u0432\u0443 \u043e\u0431\u0430\u0432\u0435\u0437\u0443 \u0438\u043b\u0438 \u0433\u0430\u0440\u0430\u043d\u0446\u0438\u0458\u0443.<\/p><h3 class=\"\" data-start=\"504\" data-end=\"529\">1. \u041e\u0434\u0433\u043e\u0432\u043e\u0440\u043d\u043e\u0441\u0442 \u0437\u0430 \u0441\u0430\u0434\u0440\u0436\u0430\u0458<\/h3><p class=\"\" data-start=\"530\" data-end=\"775\">\u0422\u0435\u043a\u0441\u0442, \u0441\u043b\u0438\u043a\u0435, \u0442\u0435\u0445\u043d\u0438\u0447\u043a\u0435 \u0438\u043d\u0444\u043e\u0440\u043c\u0430\u0446\u0438\u0458\u0435 \u0438 \u0446\u0435\u043d\u0435 \u043d\u0430 \u043d\u0430\u0448\u043e\u0458 \u0432\u0435\u0431 \u0441\u0442\u0440\u0430\u043d\u0438\u0446\u0438 \u0441\u0443 \u0441\u0430\u043c\u043e \u0443 \u0438\u043d\u0444\u043e\u0440\u043c\u0430\u0442\u0438\u0432\u043d\u0435 \u0441\u0432\u0440\u0445\u0435. \u041e\u0432\u0435 \u0438\u043d\u0444\u043e\u0440\u043c\u0430\u0446\u0438\u0458\u0435 \u0441\u0435 \u043c\u043e\u0433\u0443 \u043c\u0435\u045a\u0430\u0442\u0438 \u0442\u043e\u043a\u043e\u043c \u0432\u0440\u0435\u043c\u0435\u043d\u0430. \u041c\u0435\u0441\u0430\u043d \u0408\u0430\u043f\u0438 \u043d\u0435 \u043c\u043e\u0436\u0435 \u0431\u0438\u0442\u0438 \u043e\u0434\u0433\u043e\u0432\u043e\u0440\u0430\u043d \u0437\u0430 \u0431\u0438\u043b\u043e \u043a\u0430\u043a\u0432\u0443 \u0434\u0438\u0440\u0435\u043a\u0442\u043d\u0443 \u0438\u043b\u0438 \u0438\u043d\u0434\u0438\u0440\u0435\u043a\u0442\u043d\u0443 \u0448\u0442\u0435\u0442\u0443 \u043a\u043e\u0458\u0430 \u043c\u043e\u0436\u0435 \u043d\u0430\u0441\u0442\u0430\u0442\u0438 \u0437\u0431\u043e\u0433 \u0442\u0430\u0447\u043d\u043e\u0441\u0442\u0438 \u043e\u0432\u043e\u0433 \u0441\u0430\u0434\u0440\u0436\u0430\u0458\u0430.<\/p><h3 class=\"\" data-start=\"777\" data-end=\"802\">2. \u0421\u043f\u043e\u0459\u043d\u0438 \u043b\u0438\u043d\u043a\u043e\u0432\u0438<\/h3><p class=\"\" data-start=\"803\" data-end=\"1011\">\u041d\u0430 \u043d\u0430\u0448\u043e\u0458 \u0432\u0435\u0431 \u0441\u0442\u0440\u0430\u043d\u0438\u0446\u0438 \u043c\u043e\u0433\u0443 \u043f\u043e\u0441\u0442\u043e\u0458\u0430\u0442\u0438 \u043b\u0438\u043d\u043a\u043e\u0432\u0438 \u043a\u0430 \u0432\u0435\u0431 \u0441\u0442\u0440\u0430\u043d\u0438\u0446\u0430\u043c\u0430 \u0442\u0440\u0435\u045b\u0438\u0445 \u0441\u0442\u0440\u0430\u043d\u0430. \u041d\u0435 \u0441\u043d\u043e\u0441\u0438\u043c\u043e \u043e\u0434\u0433\u043e\u0432\u043e\u0440\u043d\u043e\u0441\u0442 \u0437\u0430 \u0441\u0430\u0434\u0440\u0436\u0430\u0458 \u0438 \u0431\u0435\u0437\u0431\u0435\u0434\u043d\u043e\u0441\u0442 \u0442\u0438\u0445 \u0441\u0442\u0440\u0430\u043d\u0438\u0446\u0430. <strong data-start=\"918\" data-end=\"949\">\u041c\u0435\u0441\u0430\u043d \u0418\u0430\u043f\u0131 \u043d\u0438\u0458\u0435 \u043e\u0434\u0433\u043e\u0432\u043e\u0440\u0430\u043d.<\/strong>\u041a\u043e\u0440\u0438\u0441\u043d\u0438\u0446\u0438 \u043f\u043e\u0441\u0435\u045b\u0443\u0458\u0443 \u043e\u0432\u0435 \u0441\u0430\u0458\u0442\u043e\u0432\u0435 \u043d\u0430 \u0441\u043e\u043f\u0441\u0442\u0432\u0435\u043d\u0438 \u0440\u0438\u0437\u0438\u043a.<\/p><h3 class=\"\" data-start=\"1013\" data-end=\"1045\">3. \u0422\u0435\u0445\u043d\u0438\u0447\u043a\u0438 \u043f\u0440\u0438\u0441\u0442\u0443\u043f \u0438 \u0438\u043c\u043f\u043b\u0435\u043c\u0435\u043d\u0442\u0430\u0446\u0438\u0458\u0430<\/h3><p class=\"\" data-start=\"1046\" data-end=\"1271\">\u041d\u0430\u0448\u0430 \u0432\u0435\u0431 \u0441\u0442\u0440\u0430\u043d\u0438\u0446\u0430 \u0458\u0435 \u0433\u0435\u043d\u0435\u0440\u0430\u043b\u043d\u043e \u0434\u0438\u0437\u0430\u0458\u043d\u0438\u0440\u0430\u043d\u0430 \u0434\u0430 \u0440\u0430\u0434\u0438 \u0431\u0435\u0437 \u043f\u0440\u0435\u043a\u0438\u0434\u0430. \u041c\u0435\u0452\u0443\u0442\u0438\u043c, \u043f\u0440\u0435\u043a\u0438\u0434\u0438 \u043f\u0440\u0438\u0441\u0442\u0443\u043f\u0430 \u043c\u043e\u0433\u0443 \u0441\u0435 \u0434\u0435\u0441\u0438\u0442\u0438 \u0438\u0437 \u0442\u0435\u0445\u043d\u0438\u0447\u043a\u0438\u0445 \u0440\u0430\u0437\u043b\u043e\u0433\u0430. \u041c\u0435\u0441\u0430\u043d \u0408\u0430\u043f\u0438 \u043d\u0435 \u043c\u043e\u0436\u0435 \u0431\u0438\u0442\u0438 \u043e\u0434\u0433\u043e\u0432\u043e\u0440\u0430\u043d \u0437\u0430 \u0442\u0430\u043a\u0432\u0435 \u043f\u0440\u043e\u0431\u043b\u0435\u043c\u0435 \u0441\u0430 \u043f\u0440\u0438\u0441\u0442\u0443\u043f\u043e\u043c \u0438\u043b\u0438 \u0433\u0443\u0431\u0438\u0442\u0430\u043a \u043f\u043e\u0434\u0430\u0442\u0430\u043a\u0430.<\/p><h3 class=\"\" data-start=\"1273\" data-end=\"1302\">4. \u041f\u0440\u0430\u0432\u0430 \u0438\u043d\u0442\u0435\u043b\u0435\u043a\u0442\u0443\u0430\u043b\u043d\u0435 \u0441\u0432\u043e\u0458\u0438\u043d\u0435<\/h3><p class=\"\" data-start=\"1303\" data-end=\"1460\">\u0421\u0430\u0432 \u0441\u0430\u0434\u0440\u0436\u0430\u0458 \u043d\u0430 \u0441\u0430\u0458\u0442\u0443 (\u0442\u0435\u043a\u0441\u0442, \u0441\u043b\u0438\u043a\u0435, \u043b\u043e\u0433\u043e\u0442\u0438\u043f\u0438, \u043e\u043f\u0438\u0441\u0438 \u0441\u0438\u0441\u0442\u0435\u043c\u0430 \u0438\u0442\u0434.) <strong data-start=\"1367\" data-end=\"1391\">\u041f\u0440\u0438\u043f\u0430\u0434\u0430 \u041c\u0435\u0441\u0430\u043d \u0408\u0430\u043f\u0438\u0458\u0443.<\/strong>\u041d\u0435 \u043c\u043e\u0436\u0435 \u0441\u0435 \u043a\u043e\u043f\u0438\u0440\u0430\u0442\u0438, \u0440\u0435\u043f\u0440\u043e\u0434\u0443\u043a\u043e\u0432\u0430\u0442\u0438 \u0438\u043b\u0438 \u043a\u043e\u0440\u0438\u0441\u0442\u0438\u0442\u0438 \u0443 \u043a\u043e\u043c\u0435\u0440\u0446\u0438\u0458\u0430\u043b\u043d\u0435 \u0441\u0432\u0440\u0445\u0435 \u0431\u0435\u0437 \u0434\u043e\u0437\u0432\u043e\u043b\u0435.<\/p>\t\t\t\t\t\t\t\t<\/div>\n\t\t\t\t<\/div>\n\t\t\t\t\t<\/div>\n\t\t<\/div>\n\t\t\t\t\t<\/div>\n\t\t<\/section>\n\t\t\t\t<\/div>","protected":false},"excerpt":{"rendered":"<p>Mesan Yap\u0131 olarak, web sitemizde sunulan t\u00fcm i\u00e7eriklerin g\u00fcncel, do\u011fru ve eksiksiz olmas\u0131 i\u00e7in azami \u00f6zeni g\u00f6stermekteyiz. Ancak yay\u0131nlanan bilgiler yaln\u0131zca genel bilgilendirme amac\u0131 ta\u015f\u0131r ve herhangi bir taahh\u00fct veya garanti anlam\u0131na gelmez. 1. \u0130\u00e7erik Sorumlulu\u011fu Web sitemizde yer alan metinler, g\u00f6rseller, teknik bilgiler ve fiyatlar bilgilendirme ama\u00e7l\u0131d\u0131r. Bu bilgilerde zamanla de\u011fi\u015fiklik olabilir. Mesan Yap\u0131, [&hellip;]<\/p>\n","protected":false},"author":1,"featured_media":0,"parent":0,"menu_order":0,"comment_status":"closed","ping_status":"closed","template":"","meta":{"footnotes":""},"class_list":["post-1612","page","type-page","status-publish","hentry"],"_links":{"self":[{"href":"https:\/\/mesanyapi.com\/sr\/wp-json\/wp\/v2\/pages\/1612","targetHints":{"allow":["GET"]}}],"collection":[{"href":"https:\/\/mesanyapi.com\/sr\/wp-json\/wp\/v2\/pages"}],"about":[{"href":"https:\/\/mesanyapi.com\/sr\/wp-json\/wp\/v2\/types\/page"}],"author":[{"embeddable":true,"href":"https:\/\/mesanyapi.com\/sr\/wp-json\/wp\/v2\/users\/1"}],"replies":[{"embeddable":true,"href":"https:\/\/mesanyapi.com\/sr\/wp-json\/wp\/v2\/comments?post=1612"}],"version-history":[{"count":4,"href":"https:\/\/mesanyapi.com\/sr\/wp-json\/wp\/v2\/pages\/1612\/revisions"}],"predecessor-version":[{"id":1616,"href":"https:\/\/mesanyapi.com\/sr\/wp-json\/wp\/v2\/pages\/1612\/revisions\/1616"}],"wp:attachment":[{"href":"https:\/\/mesanyapi.com\/sr\/wp-json\/wp\/v2\/media?parent=1612"}],"curies":[{"name":"wp","href":"https:\/\/api.w.org\/{rel}","templated":true}]}}