{"id":2227,"date":"2025-05-26T06:23:36","date_gmt":"2025-05-26T06:23:36","guid":{"rendered":"https:\/\/mesanyapi.com\/?page_id=2227"},"modified":"2025-05-26T06:26:04","modified_gmt":"2025-05-26T06:26:04","slug":"%d0%ba%d0%b0%d1%82%d0%b5%d0%b3%d0%be%d1%80%d0%b8%d1%98%d0%b5","status":"publish","type":"page","link":"https:\/\/mesanyapi.com\/sr\/%d0%ba%d0%b0%d1%82%d0%b5%d0%b3%d0%be%d1%80%d0%b8%d1%98%d0%b5\/","title":{"rendered":"\u041a\u0430\u0442\u0435\u0433\u043e\u0440\u0438\u0458\u0435"},"content":{"rendered":"<div data-elementor-type=\"wp-page\" data-elementor-id=\"2227\" class=\"elementor elementor-2227\" data-elementor-post-type=\"page\">\n\t\t\t\t\t\t<section class=\"elementor-section elementor-top-section elementor-element elementor-element-022f1dc elementor-section-boxed elementor-section-height-default elementor-section-height-default\" data-id=\"022f1dc\" data-element_type=\"section\" data-e-type=\"section\">\n\t\t\t\t\t\t<div class=\"elementor-container elementor-column-gap-default\">\n\t\t\t\t\t<div class=\"elementor-column elementor-col-100 elementor-top-column elementor-element elementor-element-3d7ab8b\" data-id=\"3d7ab8b\" data-element_type=\"column\" data-e-type=\"column\">\n\t\t\t<div class=\"elementor-widget-wrap elementor-element-populated\">\n\t\t\t\t\t\t<div class=\"elementor-element elementor-element-963a421 elementor-grid-3 elementor-grid-tablet-3 elementor-grid-mobile-2 elementor-products-grid elementor-wc-products elementor-widget elementor-widget-wc-categories\" data-id=\"963a421\" data-element_type=\"widget\" data-e-type=\"widget\" data-widget_type=\"wc-categories.default\">\n\t\t\t\t<div class=\"elementor-widget-container\">\n\t\t\t\t\t<div class=\"woocommerce columns-3\"><ul class=\"products elementor-grid columns-3\">\n<li class=\"product-category product first\">\n\t<a aria-label=\"\u041f\u043e\u0441\u0435\u0442\u0438\u0442\u0435 \u043a\u0430\u0442\u0435\u0433\u043e\u0440\u0438\u0458\u0443 \u043f\u0440\u043e\u0438\u0437\u0432\u043e\u0434\u0430 PVC Sistemleri\" href=\"https:\/\/mesanyapi.com\/sr\/%d0%ba%d0%b0%d1%82%d0%b5%d0%b3%d0%be%d1%80%d0%b8%d1%98%d0%b0-%d0%bf%d1%80%d0%be%d0%b8%d0%b7%d0%b2%d0%be%d0%b4%d0%b0\/%d0%bf%d0%b2%d1%86-%d1%81%d0%b8%d1%81%d1%82%d0%b5%d0%bc%d0%b8\/\" data-no-translation-aria-label=\"\"><img fetchpriority=\"high\" decoding=\"async\" src=\"https:\/\/mesanyapi.com\/wp-content\/uploads\/2025\/05\/pvc-sistemleri-300x300.png\" alt=\"\u041f\u0412\u0426 \u0441\u0438\u0441\u0442\u0435\u043c\u0438\" width=\"300\" height=\"300\" srcset=\"https:\/\/mesanyapi.com\/wp-content\/uploads\/2025\/05\/pvc-sistemleri-300x300.png 300w, https:\/\/mesanyapi.com\/wp-content\/uploads\/2025\/05\/pvc-sistemleri-150x150.png 150w, https:\/\/mesanyapi.com\/wp-content\/uploads\/2025\/05\/pvc-sistemleri-768x768.png 768w, https:\/\/mesanyapi.com\/wp-content\/uploads\/2025\/05\/pvc-sistemleri-12x12.png 12w, https:\/\/mesanyapi.com\/wp-content\/uploads\/2025\/05\/pvc-sistemleri-520x520.png 520w, https:\/\/mesanyapi.com\/wp-content\/uploads\/2025\/05\/pvc-sistemleri-600x600.png 600w, https:\/\/mesanyapi.com\/wp-content\/uploads\/2025\/05\/pvc-sistemleri-100x100.png 100w, https:\/\/mesanyapi.com\/wp-content\/uploads\/2025\/05\/pvc-sistemleri.png 1024w\" sizes=\"(max-width: 300px) 100vw, 300px\" \/>\t\t<h2 class=\"woocommerce-loop-category__title\">\n\t\t\t\u041f\u0412\u0426 \u0441\u0438\u0441\u0442\u0435\u043c\u0438 <mark class=\"count\">(6)<\/mark>\t\t<\/h2>\n\t\t<\/a><\/li>\n<li class=\"product-category product\">\n\t<a aria-label=\"\u041f\u043e\u0441\u0435\u0442\u0438\u0442\u0435 \u043a\u0430\u0442\u0435\u0433\u043e\u0440\u0438\u0458\u0443 \u043f\u0440\u043e\u0438\u0437\u0432\u043e\u0434\u0430 K\u0131\u015f Bah\u00e7esi Sistemleri\" href=\"https:\/\/mesanyapi.com\/sr\/%d0%ba%d0%b0%d1%82%d0%b5%d0%b3%d0%be%d1%80%d0%b8%d1%98%d0%b0-%d0%bf%d1%80%d0%be%d0%b8%d0%b7%d0%b2%d0%be%d0%b4%d0%b0\/%d1%81%d0%b8%d1%81%d1%82%d0%b5%d0%bc%d0%b8-%d0%b7%d0%b8%d0%bc%d1%81%d0%ba%d0%b5-%d0%b1%d0%b0%d1%88%d1%82%d0%b5\/\" data-no-translation-aria-label=\"\"><img decoding=\"async\" src=\"https:\/\/mesanyapi.com\/wp-content\/uploads\/2025\/05\/kis-bahcesi-300x300.png\" alt=\"\u0421\u0438\u0441\u0442\u0435\u043c\u0438 \u0437\u0430 \u0437\u0438\u043c\u0441\u043a\u0435 \u0431\u0430\u0448\u0442\u0435\" width=\"300\" height=\"300\" srcset=\"https:\/\/mesanyapi.com\/wp-content\/uploads\/2025\/05\/kis-bahcesi-300x300.png 300w, https:\/\/mesanyapi.com\/wp-content\/uploads\/2025\/05\/kis-bahcesi-150x150.png 150w, https:\/\/mesanyapi.com\/wp-content\/uploads\/2025\/05\/kis-bahcesi-768x768.png 768w, https:\/\/mesanyapi.com\/wp-content\/uploads\/2025\/05\/kis-bahcesi-12x12.png 12w, https:\/\/mesanyapi.com\/wp-content\/uploads\/2025\/05\/kis-bahcesi-520x520.png 520w, https:\/\/mesanyapi.com\/wp-content\/uploads\/2025\/05\/kis-bahcesi-600x600.png 600w, https:\/\/mesanyapi.com\/wp-content\/uploads\/2025\/05\/kis-bahcesi-100x100.png 100w, https:\/\/mesanyapi.com\/wp-content\/uploads\/2025\/05\/kis-bahcesi.png 1024w\" sizes=\"(max-width: 300px) 100vw, 300px\" \/>\t\t<h2 class=\"woocommerce-loop-category__title\">\n\t\t\t\u0421\u0438\u0441\u0442\u0435\u043c\u0438 \u0437\u0430 \u0437\u0438\u043c\u0441\u043a\u0435 \u0431\u0430\u0448\u0442\u0435 <mark class=\"count\">(3)<\/mark>\t\t<\/h2>\n\t\t<\/a><\/li>\n<li class=\"product-category product last\">\n\t<a aria-label=\"\u041f\u043e\u0441\u0435\u0442\u0438\u0442\u0435 \u043a\u0430\u0442\u0435\u0433\u043e\u0440\u0438\u0458\u0443 \u043f\u0440\u043e\u0438\u0437\u0432\u043e\u0434\u0430 Cephe Sistemleri\" href=\"https:\/\/mesanyapi.com\/sr\/%d0%ba%d0%b0%d1%82%d0%b5%d0%b3%d0%be%d1%80%d0%b8%d1%98%d0%b0-%d0%bf%d1%80%d0%be%d0%b8%d0%b7%d0%b2%d0%be%d0%b4%d0%b0\/%d1%84%d0%b0%d1%81%d0%b0%d0%b4%d0%bd%d0%b8-%d1%81%d0%b8%d1%81%d1%82%d0%b5%d0%bc%d0%b8\/\" data-no-translation-aria-label=\"\"><img decoding=\"async\" src=\"https:\/\/mesanyapi.com\/wp-content\/uploads\/2025\/05\/cephe-sistemleri-300x300.png\" alt=\"\u0424\u0430\u0441\u0430\u0434\u043d\u0438 \u0441\u0438\u0441\u0442\u0435\u043c\u0438\" width=\"300\" height=\"300\" srcset=\"https:\/\/mesanyapi.com\/wp-content\/uploads\/2025\/05\/cephe-sistemleri-300x300.png 300w, https:\/\/mesanyapi.com\/wp-content\/uploads\/2025\/05\/cephe-sistemleri-150x150.png 150w, https:\/\/mesanyapi.com\/wp-content\/uploads\/2025\/05\/cephe-sistemleri-768x768.png 768w, https:\/\/mesanyapi.com\/wp-content\/uploads\/2025\/05\/cephe-sistemleri-12x12.png 12w, https:\/\/mesanyapi.com\/wp-content\/uploads\/2025\/05\/cephe-sistemleri-520x520.png 520w, https:\/\/mesanyapi.com\/wp-content\/uploads\/2025\/05\/cephe-sistemleri-600x600.png 600w, https:\/\/mesanyapi.com\/wp-content\/uploads\/2025\/05\/cephe-sistemleri-100x100.png 100w, https:\/\/mesanyapi.com\/wp-content\/uploads\/2025\/05\/cephe-sistemleri.png 1024w\" sizes=\"(max-width: 300px) 100vw, 300px\" \/>\t\t<h2 class=\"woocommerce-loop-category__title\">\n\t\t\t\u0424\u0430\u0441\u0430\u0434\u043d\u0438 \u0441\u0438\u0441\u0442\u0435\u043c\u0438 <mark class=\"count\">(7)<\/mark>\t\t<\/h2>\n\t\t<\/a><\/li>\n<li class=\"product-category product first\">\n\t<a aria-label=\"\u041f\u043e\u0441\u0435\u0442\u0438\u0442\u0435 \u043a\u0430\u0442\u0435\u0433\u043e\u0440\u0438\u0458\u0443 \u043f\u0440\u043e\u0438\u0437\u0432\u043e\u0434\u0430 Cam Balkon Sistemleri\" href=\"https:\/\/mesanyapi.com\/sr\/%d0%ba%d0%b0%d1%82%d0%b5%d0%b3%d0%be%d1%80%d0%b8%d1%98%d0%b0-%d0%bf%d1%80%d0%be%d0%b8%d0%b7%d0%b2%d0%be%d0%b4%d0%b0\/%d1%81%d0%b8%d1%81%d1%82%d0%b5%d0%bc%d0%b8-%d1%81%d1%82%d0%b0%d0%ba%d0%bb%d0%b5%d0%bd%d0%b8%d1%85-%d0%b1%d0%b0%d0%bb%d0%ba%d0%be%d0%bd%d0%b0\/\" data-no-translation-aria-label=\"\"><img loading=\"lazy\" decoding=\"async\" src=\"https:\/\/mesanyapi.com\/wp-content\/uploads\/2025\/05\/cam-balkon-300x300.png\" alt=\"\u0421\u0438\u0441\u0442\u0435\u043c\u0438 \u0437\u0430 \u0441\u0442\u0430\u043a\u043b\u0435\u043d\u0435 \u0431\u0430\u043b\u043a\u043e\u043d\u0435\" width=\"300\" height=\"300\" srcset=\"https:\/\/mesanyapi.com\/wp-content\/uploads\/2025\/05\/cam-balkon-300x300.png 300w, https:\/\/mesanyapi.com\/wp-content\/uploads\/2025\/05\/cam-balkon-150x150.png 150w, https:\/\/mesanyapi.com\/wp-content\/uploads\/2025\/05\/cam-balkon-768x768.png 768w, https:\/\/mesanyapi.com\/wp-content\/uploads\/2025\/05\/cam-balkon-12x12.png 12w, https:\/\/mesanyapi.com\/wp-content\/uploads\/2025\/05\/cam-balkon-520x520.png 520w, https:\/\/mesanyapi.com\/wp-content\/uploads\/2025\/05\/cam-balkon-600x600.png 600w, https:\/\/mesanyapi.com\/wp-content\/uploads\/2025\/05\/cam-balkon-100x100.png 100w, https:\/\/mesanyapi.com\/wp-content\/uploads\/2025\/05\/cam-balkon.png 1024w\" sizes=\"(max-width: 300px) 100vw, 300px\" \/>\t\t<h2 class=\"woocommerce-loop-category__title\">\n\t\t\t\u0421\u0438\u0441\u0442\u0435\u043c\u0438 \u0437\u0430 \u0441\u0442\u0430\u043a\u043b\u0435\u043d\u0435 \u0431\u0430\u043b\u043a\u043e\u043d\u0435 <mark class=\"count\">(1)<\/mark>\t\t<\/h2>\n\t\t<\/a><\/li>\n<li class=\"product-category product\">\n\t<a aria-label=\"\u041f\u043e\u0441\u0435\u0442\u0438\u0442\u0435 \u043a\u0430\u0442\u0435\u0433\u043e\u0440\u0438\u0458\u0443 \u043f\u0440\u043e\u0438\u0437\u0432\u043e\u0434\u0430 Al\u00fcminyum Sistemleri\" href=\"https:\/\/mesanyapi.com\/sr\/%d0%ba%d0%b0%d1%82%d0%b5%d0%b3%d0%be%d1%80%d0%b8%d1%98%d0%b0-%d0%bf%d1%80%d0%be%d0%b8%d0%b7%d0%b2%d0%be%d0%b4%d0%b0\/%d0%b0%d0%bb%d1%83%d0%bc%d0%b8%d0%bd%d0%b8%d1%98%d1%83%d0%bc%d1%81%d0%ba%d0%b8-%d1%81%d0%b8%d1%81%d1%82%d0%b5%d0%bc%d0%b8\/\" data-no-translation-aria-label=\"\"><img loading=\"lazy\" decoding=\"async\" src=\"https:\/\/mesanyapi.com\/wp-content\/uploads\/2025\/05\/aluminyum-300x300.png\" alt=\"\u0410\u043b\u0443\u043c\u0438\u043d\u0438\u0458\u0443\u043c\u0441\u043a\u0438 \u0441\u0438\u0441\u0442\u0435\u043c\u0438\" width=\"300\" height=\"300\" srcset=\"https:\/\/mesanyapi.com\/wp-content\/uploads\/2025\/05\/aluminyum-300x300.png 300w, https:\/\/mesanyapi.com\/wp-content\/uploads\/2025\/05\/aluminyum-150x150.png 150w, https:\/\/mesanyapi.com\/wp-content\/uploads\/2025\/05\/aluminyum-768x768.png 768w, https:\/\/mesanyapi.com\/wp-content\/uploads\/2025\/05\/aluminyum-12x12.png 12w, https:\/\/mesanyapi.com\/wp-content\/uploads\/2025\/05\/aluminyum-520x520.png 520w, https:\/\/mesanyapi.com\/wp-content\/uploads\/2025\/05\/aluminyum-600x600.png 600w, https:\/\/mesanyapi.com\/wp-content\/uploads\/2025\/05\/aluminyum-100x100.png 100w, https:\/\/mesanyapi.com\/wp-content\/uploads\/2025\/05\/aluminyum.png 1024w\" sizes=\"(max-width: 300px) 100vw, 300px\" \/>\t\t<h2 class=\"woocommerce-loop-category__title\">\n\t\t\t\u0410\u043b\u0443\u043c\u0438\u043d\u0438\u0458\u0443\u043c\u0441\u043a\u0438 \u0441\u0438\u0441\u0442\u0435\u043c\u0438 <mark class=\"count\">(4)<\/mark>\t\t<\/h2>\n\t\t<\/a><\/li>\n<\/ul>\n<\/div>\t\t\t\t<\/div>\n\t\t\t\t<\/div>\n\t\t\t\t\t<\/div>\n\t\t<\/div>\n\t\t\t\t\t<\/div>\n\t\t<\/section>\n\t\t\t\t<\/div>","protected":false},"excerpt":{"rendered":"","protected":false},"author":1,"featured_media":0,"parent":0,"menu_order":0,"comment_status":"closed","ping_status":"closed","template":"","meta":{"footnotes":""},"class_list":["post-2227","page","type-page","status-publish","hentry"],"_links":{"self":[{"href":"https:\/\/mesanyapi.com\/sr\/wp-json\/wp\/v2\/pages\/2227","targetHints":{"allow":["GET"]}}],"collection":[{"href":"https:\/\/mesanyapi.com\/sr\/wp-json\/wp\/v2\/pages"}],"about":[{"href":"https:\/\/mesanyapi.com\/sr\/wp-json\/wp\/v2\/types\/page"}],"author":[{"embeddable":true,"href":"https:\/\/mesanyapi.com\/sr\/wp-json\/wp\/v2\/users\/1"}],"replies":[{"embeddable":true,"href":"https:\/\/mesanyapi.com\/sr\/wp-json\/wp\/v2\/comments?post=2227"}],"version-history":[{"count":4,"href":"https:\/\/mesanyapi.com\/sr\/wp-json\/wp\/v2\/pages\/2227\/revisions"}],"predecessor-version":[{"id":2231,"href":"https:\/\/mesanyapi.com\/sr\/wp-json\/wp\/v2\/pages\/2227\/revisions\/2231"}],"wp:attachment":[{"href":"https:\/\/mesanyapi.com\/sr\/wp-json\/wp\/v2\/media?parent=2227"}],"curies":[{"name":"wp","href":"https:\/\/api.w.org\/{rel}","templated":true}]}}