{"id":2508,"date":"2025-07-23T10:19:20","date_gmt":"2025-07-23T10:19:20","guid":{"rendered":"https:\/\/mesanyapi.com\/?page_id=2508"},"modified":"2025-08-19T08:11:26","modified_gmt":"2025-08-19T08:11:26","slug":"%d1%81%d0%b8%d1%81%d1%82%d0%b5%d0%bc%d0%b8-%d1%81%d1%82%d0%b0%d0%ba%d0%bb%d0%b5%d0%bd%d0%b8%d1%85-%d0%b1%d0%b0%d0%bb%d0%ba%d0%be%d0%bd%d0%b0","status":"publish","type":"page","link":"https:\/\/mesanyapi.com\/sr\/%d1%81%d0%b8%d1%81%d1%82%d0%b5%d0%bc%d0%b8-%d1%81%d1%82%d0%b0%d0%ba%d0%bb%d0%b5%d0%bd%d0%b8%d1%85-%d0%b1%d0%b0%d0%bb%d0%ba%d0%be%d0%bd%d0%b0\/","title":{"rendered":"\u0421\u0438\u0441\u0442\u0435\u043c\u0438 \u0437\u0430 \u0441\u0442\u0430\u043a\u043b\u0435\u043d\u0435 \u0431\u0430\u043b\u043a\u043e\u043d\u0435"},"content":{"rendered":"<div data-elementor-type=\"wp-page\" data-elementor-id=\"2508\" class=\"elementor elementor-2508\" data-elementor-post-type=\"page\">\n\t\t\t\t\t\t<section class=\"elementor-section elementor-top-section elementor-element elementor-element-5a7647b elementor-section-boxed elementor-section-height-default elementor-section-height-default\" data-id=\"5a7647b\" data-element_type=\"section\" data-e-type=\"section\">\n\t\t\t\t\t\t<div class=\"elementor-container elementor-column-gap-default\">\n\t\t\t\t\t<div class=\"elementor-column elementor-col-100 elementor-top-column elementor-element elementor-element-76f2a79\" data-id=\"76f2a79\" data-element_type=\"column\" data-e-type=\"column\">\n\t\t\t<div class=\"elementor-widget-wrap elementor-element-populated\">\n\t\t\t\t\t\t<div class=\"elementor-element elementor-element-0a14208 elementor-widget elementor-widget-html\" data-id=\"0a14208\" data-element_type=\"widget\" data-e-type=\"widget\" data-widget_type=\"html.default\">\n\t\t\t\t<div class=\"elementor-widget-container\">\n\t\t\t\t\t<section style=\"background-color: #f9fbff; padding: 60px 20px; font-family: 'Montserrat', sans-serif;\">\r\n  <div style=\"max-width: 1200px; margin: auto;\">\r\n    <h2 style=\"text-align: center; color: #002a5e; font-size: 36px; margin-bottom: 40px; position: relative;\">\r\n      \u0421\u0438\u0441\u0442\u0435\u043c\u0438 \u0437\u0430 \u0441\u0442\u0430\u043a\u043b\u0435\u043d\u0435 \u0431\u0430\u043b\u043a\u043e\u043d\u0435\r\n    <\/h2>\r\n\r\n    <div style=\"display: grid; grid-template-columns: repeat(auto-fit, minmax(280px, 1fr)); gap: 24px;\">\r\n      \r\n      <!-- Performus -->\r\n      <div style=\"background: white; border-radius: 10px; overflow: hidden; box-shadow: 0 8px 24px rgba(0,0,0,0.08); transition: transform 0.3s ease;\">\r\n        <img decoding=\"async\" src=\"https:\/\/www.camoda.com.tr\/files\/performustasarimjpg_01-10-2020_21-01-01.jpg\" alt=\"\u041f\u0435\u0440\u0444\u043e\u0440\u043c\u0430\u043d\u0441\u0435\" style=\"width: 100%; height: 180px; object-fit: cover;\">\r\n        <div style=\"padding: 20px; text-align: center;\">\r\n          <h3 style=\"color: #002a5e; font-size: 20px; margin-bottom: 10px;\">\u041f\u0435\u0440\u0444\u043e\u0440\u043c\u0430\u043d\u0441\u0435<\/h3>\r\n          <p style=\"color: #555; font-size: 14px;\">\u0412\u0438\u0441\u043e\u043a\u043e \u0438\u0437\u043e\u043b\u043e\u0432\u0430\u043d\u043e, \u043e\u0442\u043f\u043e\u0440\u043d\u043e \u043d\u0430 \u0432\u0435\u0442\u0430\u0440, \u0440\u0435\u0448\u0435\u045a\u0435 \u0437\u0430 \u043a\u043b\u0438\u0437\u043d\u0438 \u0441\u0442\u0430\u043a\u043b\u0435\u043d \u0431\u0430\u043b\u043a\u043e\u043d.<\/p>\r\n          <a href=\"https:\/\/mesanyapi.com\/sr\/%d0%bf%d0%b5%d1%80%d1%84%d0%be%d1%80%d0%bc%d0%b0%d0%bd%d1%81%d0%b5-%d0%ba%d0%b0%d0%bc%d0%be%d0%b4%d0%b5\/\" style=\"display: inline-block; margin-top: 15px; padding: 8px 20px; border-radius: 20px; background-color: #002a5e; color: white; text-decoration: none; transition: background 0.3s;\">\u041f\u043e\u0433\u043b\u0435\u0434\u0430\u0458\u0442\u0435 \u0434\u0435\u0442\u0430\u0459\u0435<\/a>\r\n        <\/div>\r\n      <\/div>\r\n\r\n      <!-- Vista Slider -->\r\n      <div style=\"background: white; border-radius: 10px; overflow: hidden; box-shadow: 0 8px 24px rgba(0,0,0,0.08); transition: transform 0.3s ease;\">\r\n        <img decoding=\"async\" src=\"https:\/\/www.dorte.com.tr\/wp-content\/uploads\/2021\/10\/Vista-Slider-03.jpeg\" style=\"width: 100%; height: 180px; object-fit: cover;\">\r\n        <div style=\"padding: 20px; text-align: center;\">\r\n          <h3 style=\"color: #002a5e; font-size: 20px; margin-bottom: 10px;\">\u0412\u0438\u0441\u0442\u0430 \u043a\u043b\u0438\u0437\u0430\u0447<\/h3>\r\n          <p style=\"color: #555; font-size: 14px;\">\u041a\u043b\u0438\u0437\u043d\u0438 \u0441\u0438\u0441\u0442\u0435\u043c \u0441\u0430 \u043c\u043e\u0434\u0435\u0440\u043d\u0438\u043c \u043b\u0438\u043d\u0438\u0458\u0430\u043c\u0430, \u0435\u0441\u0442\u0435\u0442\u0438\u043a\u043e\u043c \u0438 \u0442\u0438\u0445\u0438\u043c \u0440\u0430\u0434\u043e\u043c.<\/p>\r\n          <a href=\"https:\/\/mesanyapi.com\/sr\/%d0%ba%d0%b0%d0%bc%d0%be%d0%b4%d0%b0-%d0%b2%d0%b8%d1%81%d1%82%d0%b0-%d1%81%d0%bb%d0%b0%d1%98%d0%b4%d0%b5%d1%80\/\" style=\"display: inline-block; margin-top: 15px; padding: 8px 20px; border-radius: 20px; background-color: #002a5e; color: white; text-decoration: none; transition: background 0.3s;\">\u041f\u043e\u0433\u043b\u0435\u0434\u0430\u0458\u0442\u0435 \u0434\u0435\u0442\u0430\u0459\u0435<\/a>\r\n        <\/div>\r\n      <\/div>\r\n\r\n      <!-- Unico -->\r\n      <div style=\"background: white; border-radius: 10px; overflow: hidden; box-shadow: 0 8px 24px rgba(0,0,0,0.08); transition: transform 0.3s ease;\">\r\n        <img decoding=\"async\" src=\"https:\/\/www.camoda.com.tr\/files\/alvista-unico-sarme-cambalkon-29jpg_01-10-2020_21-35-35.jpg\" alt=\"\u0423\u043d\u0438\u043a\u043e\" style=\"width: 100%; height: 180px; object-fit: cover;\">\r\n        <div style=\"padding: 20px; text-align: center;\">\r\n          <h3 style=\"color: #002a5e; font-size: 20px; margin-bottom: 10px;\">\u0412\u0438\u0441\u0442\u0430 \u0423\u043d\u0438\u043a\u043e<\/h3>\r\n          <p style=\"color: #555; font-size: 14px;\">\u0412\u0438\u0441\u043e\u043a \u043d\u0438\u0432\u043e \u0441\u0438\u0433\u0443\u0440\u043d\u043e\u0441\u0442\u0438 \u0438 \u0444\u0443\u043d\u043a\u0446\u0438\u043e\u043d\u0430\u043b\u043d\u043e\u0441\u0442\u0438 \u0443 \u0441\u0438\u0441\u0442\u0435\u043c\u0443 \u043f\u0440\u0435\u043a\u043b\u043e\u043f\u043d\u043e\u0433 \u0441\u0442\u0430\u043a\u043b\u0430.<\/p>\r\n          <a href=\"https:\/\/mesanyapi.com\/sr\/%d0%ba%d0%b0%d0%bc%d0%be%d0%b4%d0%b0-%d0%b2%d0%b8%d1%81%d1%82%d0%b0-%d1%83%d0%bd%d0%b8%d0%ba%d0%be\/\" style=\"display: inline-block; margin-top: 15px; padding: 8px 20px; border-radius: 20px; background-color: #002a5e; color: white; text-decoration: none; transition: background 0.3s;\">\u041f\u043e\u0433\u043b\u0435\u0434\u0430\u0458\u0442\u0435 \u0434\u0435\u0442\u0430\u0459\u0435<\/a>\r\n        <\/div>\r\n      <\/div>\r\n\r\n    <\/div>\r\n  <\/div>\r\n<\/section>\r\n\t\t\t\t<\/div>\n\t\t\t\t<\/div>\n\t\t\t\t\t<\/div>\n\t\t<\/div>\n\t\t\t\t\t<\/div>\n\t\t<\/section>\n\t\t\t\t<\/div>","protected":false},"excerpt":{"rendered":"<p>Cam Balkon Sistemleri Performus Y\u00fcksek yal\u0131t\u0131ml\u0131, r\u00fczgar dayan\u0131ml\u0131, s\u00fcrg\u00fcl\u00fc cam balkon \u00e7\u00f6z\u00fcm\u00fc. Detaylar\u0131 G\u00f6r Vista Slider Modern hatlara sahip, estetik ve sessiz \u00e7al\u0131\u015fan s\u00fcrg\u00fcl\u00fc sistem. Detaylar\u0131 G\u00f6r Vista Unico Katlan\u0131r cam sisteminde \u00fcst d\u00fczey g\u00fcvenlik ve fonksiyonellik. Detaylar\u0131 G\u00f6r<\/p>","protected":false},"author":1,"featured_media":0,"parent":0,"menu_order":0,"comment_status":"closed","ping_status":"closed","template":"","meta":{"footnotes":""},"class_list":["post-2508","page","type-page","status-publish","hentry"],"_links":{"self":[{"href":"https:\/\/mesanyapi.com\/sr\/wp-json\/wp\/v2\/pages\/2508","targetHints":{"allow":["GET"]}}],"collection":[{"href":"https:\/\/mesanyapi.com\/sr\/wp-json\/wp\/v2\/pages"}],"about":[{"href":"https:\/\/mesanyapi.com\/sr\/wp-json\/wp\/v2\/types\/page"}],"author":[{"embeddable":true,"href":"https:\/\/mesanyapi.com\/sr\/wp-json\/wp\/v2\/users\/1"}],"replies":[{"embeddable":true,"href":"https:\/\/mesanyapi.com\/sr\/wp-json\/wp\/v2\/comments?post=2508"}],"version-history":[{"count":19,"href":"https:\/\/mesanyapi.com\/sr\/wp-json\/wp\/v2\/pages\/2508\/revisions"}],"predecessor-version":[{"id":2631,"href":"https:\/\/mesanyapi.com\/sr\/wp-json\/wp\/v2\/pages\/2508\/revisions\/2631"}],"wp:attachment":[{"href":"https:\/\/mesanyapi.com\/sr\/wp-json\/wp\/v2\/media?parent=2508"}],"curies":[{"name":"wp","href":"https:\/\/api.w.org\/{rel}","templated":true}]}}