{"id":2652,"date":"2025-08-19T09:17:19","date_gmt":"2025-08-19T09:17:19","guid":{"rendered":"https:\/\/mesanyapi.com\/?page_id=2652"},"modified":"2025-08-19T09:18:41","modified_gmt":"2025-08-19T09:18:41","slug":"gl100-%d0%b3%d0%b8%d1%99%d0%be%d1%82%d0%b8%d0%bd%d0%b0-%d0%b1%d0%b5%d0%b7-%d0%b8%d0%b7%d0%be%d0%bb%d0%b0%d1%86%d0%b8%d1%98%d0%b5","status":"publish","type":"page","link":"https:\/\/mesanyapi.com\/sr\/gl100-%d0%b3%d0%b8%d1%99%d0%be%d1%82%d0%b8%d0%bd%d0%b0-%d0%b1%d0%b5%d0%b7-%d0%b8%d0%b7%d0%be%d0%bb%d0%b0%d1%86%d0%b8%d1%98%d0%b5\/","title":{"rendered":"GL100 \u0413\u0438\u0459\u043e\u0442\u0438\u043d\u0430 (\u043d\u0435\u0438\u0437\u043e\u043b\u043e\u0432\u0430\u043d\u0430)"},"content":{"rendered":"<div data-elementor-type=\"wp-page\" data-elementor-id=\"2652\" class=\"elementor elementor-2652\" data-elementor-post-type=\"page\">\n\t\t\t\t\t\t<section class=\"elementor-section elementor-top-section elementor-element elementor-element-d7e7654 elementor-section-boxed elementor-section-height-default elementor-section-height-default\" data-id=\"d7e7654\" data-element_type=\"section\" data-e-type=\"section\">\n\t\t\t\t\t\t<div class=\"elementor-container elementor-column-gap-default\">\n\t\t\t\t\t<div class=\"elementor-column elementor-col-100 elementor-top-column elementor-element elementor-element-1d33b81\" data-id=\"1d33b81\" data-element_type=\"column\" data-e-type=\"column\">\n\t\t\t<div class=\"elementor-widget-wrap elementor-element-populated\">\n\t\t\t\t\t\t<div class=\"elementor-element elementor-element-22f8834 elementor-widget elementor-widget-html\" data-id=\"22f8834\" data-element_type=\"widget\" data-e-type=\"widget\" data-widget_type=\"html.default\">\n\t\t\t\t<div class=\"elementor-widget-container\">\n\t\t\t\t\t<!DOCTYPE html>\r\n<html lang=\"tr\">\r\n<head>\r\n  <meta charset=\"UTF-8\" \/>\r\n  <meta name=\"viewport\" content=\"width=device-width, initial-scale=1.0\">\r\n  <title>GL100 \u0413\u0438\u0459\u043e\u0442\u0438\u043d\u0430 (\u043d\u0435\u0438\u0437\u043e\u043b\u043e\u0432\u0430\u043d\u0430) - \u0414\u0435\u0442\u0430\u0459\u0438 \u043e \u043f\u0440\u043e\u0438\u0437\u0432\u043e\u0434\u0443<\/title>\r\n  <link href=\"https:\/\/fonts.googleapis.com\/css2?family=Montserrat:wght@400;600&display=swap\" rel=\"stylesheet\">\r\n  <style>\r\n    :root{\r\n      --brand:#0ea5e9;      \/* vurgu rengi (mavi) *\/\r\n      --accent:#ff4500;     \/* ikincil vurgu (turuncu) *\/\r\n      --text:#111;\r\n      --muted:#444;\r\n      --bg:#fafafa;\r\n      --soft:#f2f2f2;\r\n      --border:#e5e7eb;\r\n    }\r\n    *{box-sizing:border-box}\r\n    body{\r\n      margin:0;\r\n      padding:0;\r\n      font-family:'Montserrat',sans-serif;\r\n      background:var(--bg);\r\n      color:var(--text);\r\n      line-height:1.6;\r\n    }\r\n    .container{\r\n      max-width:1200px;\r\n      margin:auto;\r\n      padding:40px 20px;\r\n    }\r\n    .section-title{\r\n      font-size:32px;\r\n      color:#222;\r\n      margin:0 0 20px;\r\n      border-left:6px solid var(--brand);\r\n      padding-left:14px;\r\n      letter-spacing:.2px;\r\n    }\r\n    .product-description{\r\n      font-size:16px;\r\n      color:var(--muted);\r\n      margin-bottom:40px;\r\n    }\r\n    .images-row{\r\n      display:flex;flex-wrap:wrap;gap:20px;margin-bottom:40px\r\n    }\r\n    .images-row img{\r\n      flex:1 1 280px;max-width:300px;height:auto;border-radius:10px;\r\n      box-shadow:0 4px 14px rgba(0,0,0,.08);\r\n      object-fit:cover;cursor:zoom-in;transition:transform .2s ease\r\n    }\r\n    .images-row img:hover{ transform:scale(1.02) }\r\n    .highlight-box{\r\n      background:var(--soft);padding:24px;border-left:6px solid var(--brand);\r\n      border-radius:8px;margin:10px 0 34px\r\n    }\r\n    .highlight-box h3{font-size:20px;margin:0 0 12px}\r\n    .highlight-box ul{padding-left:20px;margin:0}\r\n    .highlight-box li{margin:6px 0}\r\n    .badges{display:flex;flex-wrap:wrap;gap:10px;margin:18px 0 0}\r\n    .badge{\r\n      font-size:12px;border:1px solid var(--border);padding:6px 10px;border-radius:999px;\r\n      background:#fff\r\n    }\r\n    .technical-table{\r\n      width:100%;border-collapse:collapse;margin-bottom:40px;border-radius:10px;overflow:hidden\r\n    }\r\n    .technical-table th,.technical-table td{\r\n      padding:14px 16px;border:1px solid #ddd;text-align:left;background:#fff\r\n    }\r\n    .technical-table th{background:#f7f7f7;font-weight:600}\r\n    .note{\r\n      font-size:13px;color:#666;margin:-28px 0 30px\r\n    }\r\n\r\n    \/* Modal *\/\r\n    .modal-overlay{\r\n      display:none;position:fixed;z-index:9999;inset:0;background:rgba(0,0,0,.85);\r\n      justify-content:center;align-items:center;padding:20px\r\n    }\r\n    .modal-overlay.active{display:flex}\r\n    .modal-overlay img{\r\n      max-width:92vw;max-height:92vh;border-radius:12px;box-shadow:0 0 30px rgba(0,0,0,.4)\r\n    }\r\n\r\n    \/* Responsive *\/\r\n    @media (max-width: 1024px){\r\n      .images-row img{max-width:calc(50% - 10px)}\r\n    }\r\n    @media (max-width: 768px){\r\n      .section-title{font-size:24px}\r\n      .images-row img{max-width:100%;flex:1 1 100%}\r\n      .technical-table th,.technical-table td{font-size:14px;padding:10px}\r\n    }\r\n  <\/style>\r\n<\/head>\r\n<body>\r\n  <div class=\"container\">\r\n\r\n    <h1 class=\"section-title\">GL100 \u0413\u0438\u0459\u043e\u0442\u0438\u043d\u0430 (\u043d\u0435\u0438\u0437\u043e\u043b\u043e\u0432\u0430\u043d\u0430)<\/h1>\r\n\r\n    <div class=\"product-description\">\r\n      <p>GL100 \u0413\u0438\u0459\u043e\u0442\u0438\u043d\u0430 (\u043d\u0435\u0438\u0437\u043e\u043b\u043e\u0432\u0430\u043d\u0430) \u0458\u0435 \u0441\u0438\u0441\u0442\u0435\u043c \u0437\u0430\u0441\u0442\u0430\u043a\u0459\u0438\u0432\u0430\u045a\u0430 \u0441\u0430 \u0432\u0435\u0440\u0442\u0438\u043a\u0430\u043b\u043d\u0438\u043c \u0434\u0435\u0458\u0441\u0442\u0432\u043e\u043c, \u0434\u0438\u0437\u0430\u0458\u043d\u0438\u0440\u0430\u043d \u0437\u0430 \u043f\u0440\u043e\u0458\u0435\u043a\u0442\u0435 \u043a\u043e\u0458\u0438 \u0442\u0440\u0430\u0436\u0435 \u0435\u043a\u043e\u043d\u043e\u043c\u0438\u0447\u043d\u0430 \u0438 \u043f\u0440\u0430\u043a\u0442\u0438\u0447\u043d\u0430 \u0440\u0435\u0448\u0435\u045a\u0430. \u040a\u0435\u0433\u043e\u0432 \u0442\u0430\u043d\u0430\u043a \u043f\u0440\u043e\u0444\u0438\u043b \u0438 \u043e\u043f\u0446\u0438\u0458\u0435 \u043c\u043e\u0442\u043e\u0440\u0438\u0437\u043e\u0432\u0430\u043d\u043e\u0433\/\u0440\u0443\u0447\u043d\u043e\u0433 \u0443\u043f\u0440\u0430\u0432\u0459\u0430\u045a\u0430 \u043e\u0434\u0440\u0436\u0430\u0432\u0430\u0458\u0443 \u043f\u0430\u043d\u043e\u0440\u0430\u043c\u0441\u043a\u0438 \u043f\u043e\u0433\u043b\u0435\u0434, \u0430 \u0438\u0441\u0442\u043e\u0432\u0440\u0435\u043c\u0435\u043d\u043e \u043f\u0440\u0443\u0436\u0430\u0458\u0443 \u0435\u0444\u0438\u043a\u0430\u0441\u043d\u0443 \u0437\u0430\u0448\u0442\u0438\u0442\u0443 \u043e\u0434 \u0432\u0435\u0442\u0440\u0430 \u0438 \u043f\u0430\u0434\u0430\u0432\u0438\u043d\u0430.<\/p>\r\n      <div class=\"badges\">\r\n        <span class=\"badge\">\u0415\u043a\u043e\u043d\u043e\u043c\u0441\u043a\u043e \u0440\u0435\u0448\u0435\u045a\u0435<\/span>\r\n        <span class=\"badge\">\u041c\u043e\u0442\u043e\u0440\u0438\u0437\u043e\u0432\u0430\u043d\u0438 \u0438\u043b\u0438 \u0440\u0443\u0447\u043d\u0438<\/span>\r\n        <span class=\"badge\">\u0411\u0440\u0437\u0430 \u043c\u043e\u043d\u0442\u0430\u0436\u0430<\/span>\r\n        <span class=\"badge\">\u041f\u0430\u043d\u043e\u0440\u0430\u043c\u0441\u043a\u0438 \u043f\u043e\u0433\u043b\u0435\u0434<\/span>\r\n      <\/div>\r\n    <\/div>\r\n\r\n    <h2 class=\"section-title\">\u0421\u043b\u0438\u043a\u0435 \u0430\u043f\u043b\u0438\u043a\u0430\u0446\u0438\u0458\u0430<\/h2>\r\n    <div class=\"images-row\">\r\n      <!-- G\u00f6rselleri kendi yollar\u0131n\u0131zla de\u011fi\u015ftirin -->\r\n      <img decoding=\"async\" loading=\"lazy\" src=\"\/images\/gl100\/yalitimsiz_uygulama_1.jpg\" alt=\"GL100 \u0413\u0438\u0459\u043e\u0442\u0438\u043d\u0430 \u043d\u0435\u0438\u0437\u043e\u043b\u043e\u0432\u0430\u043d\u0430 \u043f\u0440\u0438\u043c\u0435\u043d\u0430 1\">\r\n      <img decoding=\"async\" loading=\"lazy\" src=\"\/images\/gl100\/yalitimsiz_uygulama_2.jpg\" alt=\"GL100 \u0413\u0438\u0459\u043e\u0442\u0438\u043d\u0430 \u043d\u0435\u0438\u0437\u043e\u043b\u043e\u0432\u0430\u043d\u0430 \u043f\u0440\u0438\u043c\u0435\u043d\u0430 2\">\r\n      <img decoding=\"async\" loading=\"lazy\" src=\"\/images\/gl100\/yalitimsiz_uygulama_3.jpg\" alt=\"GL100 \u0413\u0438\u0459\u043e\u0442\u0438\u043d\u0430, \u043d\u0435\u0438\u0437\u043e\u043b\u043e\u0432\u0430\u043d\u0430, \u043f\u0440\u0438\u043c\u0435\u043d\u0430 3\">\r\n    <\/div>\r\n\r\n    <div class=\"highlight-box\">\r\n      <h3>\u041e\u0431\u043b\u0430\u0441\u0442\u0438 \u043f\u0440\u0438\u043c\u0435\u043d\u0435<\/h3>\r\n      <ul>\r\n        <li>\u0417\u0438\u043c\u0441\u043a\u0430 \u0431\u0430\u0448\u0442\u0430 \u0438 \u0432\u0435\u0440\u0430\u043d\u0434\u0430<\/li>\r\n        <li>\u0424\u0430\u0441\u0430\u0434\u0435 \u043a\u0430\u0444\u0438\u045b\u0430 \u0438 \u0440\u0435\u0441\u0442\u043e\u0440\u0430\u043d\u0430<\/li>\r\n        <li>\u0420\u0435\u0448\u0435\u045a\u0430 \u0437\u0430 \u0437\u0430\u0448\u0442\u0438\u0442\u0443 \u043e\u0434 \u0432\u0435\u0442\u0440\u0430 \u043d\u0430 \u0442\u0435\u0440\u0430\u0441\u0430\u043c\u0430<\/li>\r\n        <li>\u041f\u0440\u043e\u0441\u0442\u043e\u0440\u0438\u0458\u0435 \u0437\u0430 \u0434\u043e\u0433\u0430\u0452\u0430\u0458\u0435 \u0438 \u0434\u0440\u0443\u0436\u0435\u045a\u0435<\/li>\r\n      <\/ul>\r\n    <\/div>\r\n\r\n    <h2 class=\"section-title\">\u0422\u0435\u0445\u043d\u0438\u0447\u043a\u0435 \u0438\u043d\u0444\u043e\u0440\u043c\u0430\u0446\u0438\u0458\u0435<\/h2>\r\n    <p class=\"note\">\u0421\u043b\u0435\u0434\u0435\u045b\u0435 \u0432\u0440\u0435\u0434\u043d\u043e\u0441\u0442\u0438 \u0441\u0443 \u0437\u0430 \u0442\u0438\u043f\u0438\u0447\u043d\u0435 \u043a\u043e\u043d\u0444\u0438\u0433\u0443\u0440\u0430\u0446\u0438\u0458\u0435; \u043c\u043e\u0433\u0443 \u0441\u0435 \u043f\u0440\u0438\u043b\u0430\u0433\u043e\u0434\u0438\u0442\u0438 \u043d\u0430 \u043e\u0441\u043d\u043e\u0432\u0443 \u043e\u0442\u0432\u043e\u0440\u0430, \u0442\u0438\u043f\u0430 \u0437\u0430\u0441\u0442\u0430\u043a\u0459\u0438\u0432\u0430\u045a\u0430 \u0438 \u043a\u043b\u0438\u043c\u0430\u0442\u0441\u043a\u0438\u0445 \u043e\u043f\u0442\u0435\u0440\u0435\u045b\u0435\u045a\u0430.<\/p>\r\n    <table class=\"technical-table\">\r\n      <tr>\r\n        <th>\u0422\u0438\u043f \u0441\u0438\u0441\u0442\u0435\u043c\u0430<\/th>\r\n        <td>\u041d\u0435\u0438\u0437\u043e\u043b\u043e\u0432\u0430\u043d\u043e \u0432\u0435\u0440\u0442\u0438\u043a\u0430\u043b\u043d\u043e \u043f\u043e\u043a\u0440\u0435\u0442\u043d\u043e (\u0433\u0438\u0459\u043e\u0442\u0438\u043d\u0441\u043a\u043e) \u0437\u0430\u0441\u0442\u0430\u043a\u0459\u0438\u0432\u0430\u045a\u0435<\/td>\r\n      <\/tr>\r\n      <tr>\r\n        <th>\u0421\u0442\u0443\u0434\u0438\u0458\u0430<\/th>\r\n        <td>\u041c\u043e\u0442\u043e\u0440\u0438\u0437\u043e\u0432\u0430\u043d\u043e (\u0434\u0430\u0459\u0438\u043d\u0441\u043a\u0438 \u0443\u043f\u0440\u0430\u0432\u0459\u0430\u0447\/\u0434\u0443\u0433\u043c\u0435) \u0438\u043b\u0438 \u0440\u0443\u0447\u043d\u043e<\/td>\r\n      <\/tr>\r\n      <tr>\r\n        <th>\u0411\u0440\u043e\u0458 \u043f\u0430\u043d\u0435\u043b\u0430<\/th>\r\n        <td>2 \u0438\u043b\u0438 3 \u043f\u043e\u043a\u0440\u0435\u0442\u043d\u0430 \u043f\u0430\u043d\u0435\u043b\u0430 (\u043a\u043e\u043c\u0431\u0438\u043d\u0430\u0446\u0438\u0458\u0430 \u0433\u043e\u0440\u045a\u0435\u0433\/\u0434\u043e\u043b\u0435)<\/td>\r\n      <\/tr>\r\n      <tr>\r\n        <th>\u041c\u0430\u043a\u0441. \u0448\u0438\u0440\u0438\u043d\u0430<\/th>\r\n        <td>2,5\u20133,5 \u043c (\u0443 \u0437\u0430\u0432\u0438\u0441\u043d\u043e\u0441\u0442\u0438 \u043e\u0434 \u0432\u0438\u0441\u0438\u043d\u0435 \u043f\u0430\u043d\u0435\u043b\u0430 \u0438 \u0432\u0440\u0441\u0442\u0435 \u0441\u0442\u0430\u043a\u043b\u0430)<\/td>\r\n      <\/tr>\r\n      <tr>\r\n        <th>\u041c\u0430\u043a\u0441. \u0432\u0438\u0441\u0438\u043d\u0430<\/th>\r\n        <td>2,2\u20133,0 \u043c (\u0443 \u0437\u0430\u0432\u0438\u0441\u043d\u043e\u0441\u0442\u0438 \u043e\u0434 \u043a\u043e\u043d\u0444\u0438\u0433\u0443\u0440\u0430\u0446\u0438\u0458\u0435)<\/td>\r\n      <\/tr>\r\n      <tr>\r\n        <th>\u041e\u043f\u0446\u0438\u0458\u0435 \u0441\u0442\u0430\u043a\u043b\u0430<\/th>\r\n        <td>\u0408\u0435\u0434\u043d\u043e\u0441\u043b\u043e\u0458\u043d\u043e \u0441\u0442\u0430\u043a\u043b\u043e 8\u201310 \u043c\u043c \u043a\u0430\u0459\u0435\u043d\u043e\/\u043b\u0430\u043c\u0438\u043d\u0438\u0440\u0430\u043d\u043e<\/td>\r\n      <\/tr>\r\n      <tr>\r\n        <th>\u0422\u043e\u043f\u043b\u043e\u0442\u043d\u0430 \u0438\u0437\u043e\u043b\u0430\u0446\u0438\u0458\u0430<\/th>\r\n        <td>\u041d\u0435\u043c\u0430 (\u043d\u0435\u0438\u0437\u043e\u043b\u043e\u0432\u0430\u043d\u0438 \u043f\u0440\u043e\u0444\u0438\u043b); \u0447\u0435\u0442\u043a\u0430\/\u0415\u041f\u0414\u041c \u0444\u0438\u0442\u0438\u0459\u0438 \u0437\u0430 \u0437\u0430\u043f\u0442\u0438\u0432\u0430\u045a\u0435<\/td>\r\n      <\/tr>\r\n      <tr>\r\n        <th>\u0417\u0430\u043f\u0442\u0438\u0432\u0430\u045a\u0435<\/th>\r\n        <td>\u0427\u0435\u0442\u043a\u0430 + EPDM \u043d\u0430 \u0432\u0435\u0440\u0442\u0438\u043a\u0430\u043b\u043d\u0438\u043c \u0438 \u0445\u043e\u0440\u0438\u0437\u043e\u043d\u0442\u0430\u043b\u043d\u0438\u043c \u0441\u043f\u043e\u0458\u0435\u0432\u0438\u043c\u0430, \u043b\u0430\u0432\u0438\u0440\u0438\u043d\u0442\u0441\u043a\u0438 \u0434\u0435\u0442\u0430\u0459 \u043d\u0430 \u0434\u043e\u045a\u0435\u043c \u043f\u0440\u0430\u0433\u0443<\/td>\r\n      <\/tr>\r\n      <tr>\r\n        <th>\u0412\u043e\u0436\u045a\u0430 \u0438 \u0440\u0430\u0432\u043d\u043e\u0442\u0435\u0436\u0430<\/th>\r\n        <td>\u0426\u0435\u0432\u0430\u0441\u0442\u0438 \u043c\u043e\u0442\u043e\u0440 \/ \u043a\u0430\u0438\u0448-\u0447\u0435\u043b\u0438\u0447\u043d\u043e \u0443\u0436\u0435; \u0431\u0430\u043b\u0430\u043d\u0441\u0438\u0440\u0430\u045a\u0435 \u0441\u0438\u0441\u0442\u0435\u043c\u043e\u043c \u043f\u0440\u043e\u0442\u0438\u0432\u0442\u0435\u0433\u043e\u0432\u0430<\/td>\r\n      <\/tr>\r\n      <tr>\r\n        <th>\u041e\u0442\u043f\u043e\u0440\u043d\u043e\u0441\u0442 \u043d\u0430 \u0432\u0435\u0442\u0430\u0440<\/th>\r\n        <td>\u041e\u0434\u0440\u0435\u0452\u0443\u0458\u0435 \u0441\u0435 \u0441\u0442\u0430\u0442\u0438\u0447\u043a\u0438\u043c \u043f\u0440\u043e\u0440\u0430\u0447\u0443\u043d\u043e\u043c \u043f\u0440\u0435\u043c\u0430 \u043b\u043e\u043a\u0430\u0446\u0438\u0458\u0438\/\u043e\u0442\u0432\u043e\u0440\u0443<\/td>\r\n      <\/tr>\r\n      <tr>\r\n        <th>\u0411\u0435\u0437\u0431\u0435\u0434\u043d\u043e\u0441\u0442<\/th>\r\n        <td>\u0414\u0435\u0442\u0435\u043a\u0446\u0438\u0458\u0430 \u043f\u0440\u0435\u043f\u0440\u0435\u043a\u0430 (\u043e\u043f\u0446\u0438\u0458\u0430), \u0441\u0442\u0440\u0443\u0458\u043d\u0430 \u0437\u0430\u0448\u0442\u0438\u0442\u0430, \u0437\u0430\u0443\u0441\u0442\u0430\u0432\u0459\u0430\u045a\u0435 \u0443 \u043d\u0443\u0436\u0434\u0438<\/td>\r\n      <\/tr>\r\n      <tr>\r\n        <th>\u041a\u043e\u043d\u0442\u0440\u043e\u043b\u0430<\/th>\r\n        <td>\u0420\u0424 \u0434\u0430\u0459\u0438\u043d\u0441\u043a\u0438 \u0443\u043f\u0440\u0430\u0432\u0459\u0430\u0447, \u0437\u0438\u0434\u043d\u0438 \u043f\u0440\u0435\u043a\u0438\u0434\u0430\u0447; \u043e\u043f\u0446\u0438\u043e\u043d\u0430\u043b\u043d\u0430 \u0438\u043d\u0442\u0435\u0433\u0440\u0430\u0446\u0438\u0458\u0430 \u0441\u0430 \u043f\u0430\u043c\u0435\u0442\u043d\u0438\u043c \u0434\u043e\u043c\u043e\u043c<\/td>\r\n      <\/tr>\r\n      <tr>\r\n        <th>\u0411\u043e\u0458\u0430 \u0438 \u043f\u043e\u0432\u0440\u0448\u0438\u043d\u0430<\/th>\r\n        <td>\u0410\u043d\u043e\u0434\u0438\u0437\u0438\u0440\u0430\u043d\u043e \/ RAL \u0444\u0430\u0440\u0431\u0430\u043d\u043e (\u043c\u0430\u0442, \u0441\u0432\u0438\u043b\u0435\u043d\u043a\u0430\u0441\u0442\u043e \u043c\u0430\u0442, \u0441\u0458\u0430\u0458\u043d\u043e)<\/td>\r\n      <\/tr>\r\n      <tr>\r\n        <th>\u0411\u0440\u0438\u0433\u0430<\/th>\r\n        <td>\u0427\u0438\u0448\u045b\u0435\u045a\u0435 \u043a\u043b\u0438\u0437\u0430\u0447\u0430 \u0438 \u0444\u0438\u0442\u0438\u0459\u0430, \u043f\u0435\u0440\u0438\u043e\u0434\u0438\u0447\u043d\u0430 \u043a\u043e\u043d\u0442\u0440\u043e\u043b\u0430 \u043c\u0435\u0445\u0430\u043d\u0438\u0437\u043c\u0430 \u0438 \u0441\u0438\u0441\u0442\u0435\u043c\u0430 \u0431\u0430\u043b\u0430\u043d\u0441\u0430<\/td>\r\n      <\/tr>\r\n    <\/table>\r\n\r\n    <h2 class=\"section-title\">\u0421\u0435\u043a\u0446\u0438\u0458\u0441\u043a\u0435 \u0441\u043b\u0438\u043a\u0435<\/h2>\r\n    <div class=\"images-row\">\r\n      <img decoding=\"async\" loading=\"lazy\" src=\"\/images\/gl100\/yalitimsiz_kesit_1.png\" alt=\"GL100 \u0413\u0438\u0459\u043e\u0442\u0438\u043d\u0430 \u043d\u0435\u0438\u0437\u043e\u043b\u043e\u0432\u0430\u043d\u0438 \u0434\u0435\u043e 1\">\r\n      <img decoding=\"async\" loading=\"lazy\" src=\"\/images\/gl100\/yalitimsiz_kesit_2.png\" alt=\"GL100 \u0413\u0438\u0459\u043e\u0442\u0438\u043d\u0430, \u043d\u0435\u0438\u0437\u043e\u043b\u043e\u0432\u0430\u043d\u0438 \u0434\u0435\u043e 2\">\r\n    <\/div>\r\n\r\n    <div class=\"highlight-box\">\r\n      <h3>\u0417\u0430\u0448\u0442\u043e GL100 (\u043d\u0435\u0438\u0437\u043e\u043b\u043e\u0432\u0430\u043d\u043e)?<\/h3>\r\n      <ul>\r\n        <li><strong>\u041f\u0440\u0438\u0441\u0442\u0443\u043f\u0430\u0447\u043d\u043e \u0431\u0443\u045f\u0435\u0442\u0443:<\/strong> \u0418\u0441\u043f\u043b\u0430\u0442\u0438\u0432\u043e \u0437\u0431\u043e\u0433 \u0441\u0432\u043e\u0458\u0435 \u043d\u0435\u0438\u0437\u043e\u043b\u043e\u0432\u0430\u043d\u0435 \u043f\u0440\u043e\u0444\u0438\u043b\u043d\u0435 \u0441\u0442\u0440\u0443\u043a\u0442\u0443\u0440\u0435.<\/li>\r\n        <li><strong>\u0424\u043b\u0435\u043a\u0441\u0438\u0431\u0438\u043b\u043d\u0430 \u0443\u043f\u043e\u0442\u0440\u0435\u0431\u0430:<\/strong> \u041c\u043e\u0442\u043e\u0440\u0438\u0437\u043e\u0432\u0430\u043d\u0435\/\u0440\u0443\u0447\u043d\u0435 \u043e\u043f\u0446\u0438\u0458\u0435, \u0440\u0430\u0437\u043b\u0438\u0447\u0438\u0442\u0435 \u043a\u043e\u043c\u0431\u0438\u043d\u0430\u0446\u0438\u0458\u0435 \u043f\u0430\u043d\u0435\u043b\u0430.<\/li>\r\n        <li><strong>\u0428\u0438\u0440\u043e\u043a\u0438 \u043f\u043e\u0433\u043b\u0435\u0434:<\/strong> \u041c\u0430\u043a\u0441\u0438\u043c\u0430\u043b\u043d\u0430 \u0442\u0440\u0430\u043d\u0441\u043f\u0430\u0440\u0435\u043d\u0442\u043d\u043e\u0441\u0442 \u0437\u0430\u0445\u0432\u0430\u0459\u0443\u0458\u0443\u045b\u0438 \u0442\u0430\u043d\u043a\u043e\u043c \u0434\u0438\u0437\u0430\u0458\u043d\u0443 \u043f\u0440\u043e\u0444\u0438\u043b\u0430.<\/li>\r\n        <li><strong>\u0411\u0440\u0437\u0430 \u0438\u043d\u0441\u0442\u0430\u043b\u0430\u0446\u0438\u0458\u0430:<\/strong> \u041c\u043e\u0434\u0443\u043b\u0430\u0440\u043d\u0430 \u0441\u0442\u0440\u0443\u043a\u0442\u0443\u0440\u0430 \u0438 \u043f\u0440\u0430\u043a\u0442\u0438\u0447\u043d\u0438 \u0434\u0435\u0442\u0430\u0459\u0438 \u043c\u043e\u043d\u0442\u0430\u0436\u0435.<\/li>\r\n      <\/ul>\r\n    <\/div>\r\n\r\n  <\/div>\r\n\r\n  <!-- Modal -->\r\n  <div id=\"imageModal\" class=\"modal-overlay\" aria-hidden=\"true\" role=\"dialog\" onclick=\"closeModal(event)\">\r\n    <img decoding=\"async\" id=\"modalImage\" src=\"\" alt=\"\u0423\u0432\u0435\u045b\u0430\u043d\u0430 \u0441\u043b\u0438\u043a\u0430\">\r\n  <\/div>\r\n\r\n  <script>\r\n    \/\/ G\u00f6rsel t\u0131klamada modal a\u00e7\r\n    document.querySelectorAll('.images-row img').forEach(img=>{\r\n      img.addEventListener('click',function(){\r\n        const modal=document.getElementById('imageModal');\r\n        const modalImg=document.getElementById('modalImage');\r\n        modalImg.src=this.src;\r\n        modal.classList.add('active');\r\n        modal.setAttribute('aria-hidden','false');\r\n      })\r\n    });\r\n\r\n    \/\/ Modal kapatma (siyah alana t\u0131klay\u0131nca)\r\n    function closeModal(e){\r\n      if(e.target.id==='imageModal'){\r\n        const modal=e.currentTarget;\r\n        modal.classList.remove('active');\r\n        modal.setAttribute('aria-hidden','true');\r\n        document.getElementById('modalImage').src='';\r\n      }\r\n    }\r\n\r\n    \/\/ ESC ile kapat\r\n    document.addEventListener('keydown',e=>{\r\n      if(e.key==='Escape'){\r\n        const modal=document.getElementById('imageModal');\r\n        if(modal.classList.contains('active')){\r\n          modal.classList.remove('active');\r\n          modal.setAttribute('aria-hidden','true');\r\n          document.getElementById('modalImage').src='';\r\n        }\r\n      }\r\n    });\r\n  <\/script>\r\n<\/body>\r\n<\/html>\r\n\t\t\t\t<\/div>\n\t\t\t\t<\/div>\n\t\t\t\t\t<\/div>\n\t\t<\/div>\n\t\t\t\t\t<\/div>\n\t\t<\/section>\n\t\t\t\t<\/div>","protected":false},"excerpt":{"rendered":"<p>GL100 Giyotin (Yal\u0131t\u0131ms\u0131z) &#8211; \u00dcr\u00fcn Detay GL100 Giyotin (Yal\u0131t\u0131ms\u0131z) GL100 Giyotin (Yal\u0131t\u0131ms\u0131z); ekonomik ve pratik \u00e7\u00f6z\u00fcm arayan projeler i\u00e7in tasarlanm\u0131\u015f, dikey hareketli camlama sistemidir. \u0130nce profil yap\u0131s\u0131 ve motorlu\/manuel kullan\u0131m se\u00e7enekleriyle panoramik g\u00f6r\u00fc\u015f\u00fc korurken, r\u00fczg\u00e2r ve ya\u011f\u0131\u015fa kar\u015f\u0131 etkili bir koruma sa\u011flar. Ekonomik \u00c7\u00f6z\u00fcm Motorlu veya Manuel H\u0131zl\u0131 Montaj Panoramik G\u00f6r\u00fc\u015f Uygulama G\u00f6rselleri Uygulama Alanlar\u0131 [&hellip;]<\/p>\n","protected":false},"author":1,"featured_media":0,"parent":0,"menu_order":0,"comment_status":"closed","ping_status":"closed","template":"","meta":{"footnotes":""},"class_list":["post-2652","page","type-page","status-publish","hentry"],"_links":{"self":[{"href":"https:\/\/mesanyapi.com\/sr\/wp-json\/wp\/v2\/pages\/2652","targetHints":{"allow":["GET"]}}],"collection":[{"href":"https:\/\/mesanyapi.com\/sr\/wp-json\/wp\/v2\/pages"}],"about":[{"href":"https:\/\/mesanyapi.com\/sr\/wp-json\/wp\/v2\/types\/page"}],"author":[{"embeddable":true,"href":"https:\/\/mesanyapi.com\/sr\/wp-json\/wp\/v2\/users\/1"}],"replies":[{"embeddable":true,"href":"https:\/\/mesanyapi.com\/sr\/wp-json\/wp\/v2\/comments?post=2652"}],"version-history":[{"count":4,"href":"https:\/\/mesanyapi.com\/sr\/wp-json\/wp\/v2\/pages\/2652\/revisions"}],"predecessor-version":[{"id":2656,"href":"https:\/\/mesanyapi.com\/sr\/wp-json\/wp\/v2\/pages\/2652\/revisions\/2656"}],"wp:attachment":[{"href":"https:\/\/mesanyapi.com\/sr\/wp-json\/wp\/v2\/media?parent=2652"}],"curies":[{"name":"wp","href":"https:\/\/api.w.org\/{rel}","templated":true}]}}